{"id":1129,"date":"2021-09-29T08:12:37","date_gmt":"2021-09-29T06:12:37","guid":{"rendered":"http:\/\/nagybanhegyes.hu\/w\/?page_id=1129"},"modified":"2021-09-29T08:37:09","modified_gmt":"2021-09-29T06:37:09","slug":"tevekenyseg-mukodes","status":"publish","type":"page","link":"http:\/\/nagybanhegyes.hu\/w\/?page_id=1129","title":{"rendered":"Tev\u00e9kenys\u00e9g m\u0171k\u00f6d\u00e9s"},"content":{"rendered":"<a href=\"http:\/\/nagybanhegyes.hu\/w\/wp-content\/uploads\/2021\/09\/1.-Kaszaperi-K\u00f6z\u00f6s-\u00d6nkorm\u00e1nyzati-Hivatal-Alap\u00edt\u00f3-Okirata.pdf\" class=\"pdfemb-viewer\" style=\"\" data-width=\"max\" data-height=\"max\"  data-toolbar=\"bottom\" data-toolbar-fixed=\"off\">1. Kaszaperi K\u00f6z\u00f6s \u00d6nkorm\u00e1nyzati Hivatal Alap\u00edt\u00f3 Okirata<br\/><\/a>\n<a href=\"http:\/\/nagybanhegyes.hu\/w\/wp-content\/uploads\/2021\/09\/2.-Nagyb\u00e1nhegyes-K\u00f6zs\u00e9g-\u00d6nkorm\u00e1nyzata-adatai.pdf\" class=\"pdfemb-viewer\" style=\"\" data-width=\"max\" data-height=\"max\"  data-toolbar=\"bottom\" data-toolbar-fixed=\"off\">2. Nagyb\u00e1nhegyes K\u00f6zs\u00e9g \u00d6nkorm\u00e1nyzata adatai<br\/><\/a>\n<a href=\"http:\/\/nagybanhegyes.hu\/w\/wp-content\/uploads\/2021\/09\/3.-\u00dcgyint\u00e9z\u00e9s-Ad\u00f3\u00fcgyek.pdf\" class=\"pdfemb-viewer\" style=\"\" data-width=\"max\" data-height=\"max\"  data-toolbar=\"bottom\" data-toolbar-fixed=\"off\">3. \u00dcgyint\u00e9z\u00e9s - Ad\u00f3\u00fcgyek<br\/><\/a>\n<a href=\"http:\/\/nagybanhegyes.hu\/w\/wp-content\/uploads\/2021\/09\/4.-\u00dcgyint\u00e9z\u00e9s-Anyak\u00f6nyv-kereskedelmi-\u00fcgyek-f\u00f6ld\u00fcgyek.pdf\" class=\"pdfemb-viewer\" style=\"\" data-width=\"max\" data-height=\"max\"  data-toolbar=\"bottom\" data-toolbar-fixed=\"off\">4. \u00dcgyint\u00e9z\u00e9s - Anyak\u00f6nyv, kereskedelmi \u00fcgyek, f\u00f6ld\u00fcgyek<br\/><\/a>\n<a href=\"http:\/\/nagybanhegyes.hu\/w\/wp-content\/uploads\/2021\/09\/5.-\u00dcgyint\u00e9z\u00e9s-Temet\u0151nyilv\u00e1ntart\u00e1s-szoci\u00e1lis-t\u00e1mogat\u00e1sok-hagyat\u00e9ki-\u00fcgyek.pdf\" class=\"pdfemb-viewer\" style=\"\" data-width=\"max\" data-height=\"max\"  data-toolbar=\"bottom\" data-toolbar-fixed=\"off\">5. \u00dcgyint\u00e9z\u00e9s - Temet\u0151nyilv\u00e1ntart\u00e1s, szoci\u00e1lis t\u00e1mogat\u00e1sok, hagyat\u00e9ki \u00fcgyek<br\/><\/a>\n<a href=\"http:\/\/nagybanhegyes.hu\/w\/wp-content\/uploads\/2021\/09\/6.-K\u00f6z\u00e9rdek\u0171-adatok-ig\u00e9nyl\u00e9se.pdf\" class=\"pdfemb-viewer\" style=\"\" data-width=\"max\" data-height=\"max\"  data-toolbar=\"bottom\" data-toolbar-fixed=\"off\">6. K\u00f6z\u00e9rdek\u0171 adatok ig\u00e9nyl\u00e9se<br\/><\/a>\n","protected":false},"excerpt":{"rendered":"","protected":false},"author":1,"featured_media":0,"parent":1125,"menu_order":1,"comment_status":"closed","ping_status":"closed","template":"","meta":{"ngg_post_thumbnail":0,"_links_to":"","_links_to_target":""},"_links":{"self":[{"href":"http:\/\/nagybanhegyes.hu\/w\/index.php?rest_route=\/wp\/v2\/pages\/1129"}],"collection":[{"href":"http:\/\/nagybanhegyes.hu\/w\/index.php?rest_route=\/wp\/v2\/pages"}],"about":[{"href":"http:\/\/nagybanhegyes.hu\/w\/index.php?rest_route=\/wp\/v2\/types\/page"}],"author":[{"embeddable":true,"href":"http:\/\/nagybanhegyes.hu\/w\/index.php?rest_route=\/wp\/v2\/users\/1"}],"replies":[{"embeddable":true,"href":"http:\/\/nagybanhegyes.hu\/w\/index.php?rest_route=%2Fwp%2Fv2%2Fcomments&post=1129"}],"version-history":[{"count":3,"href":"http:\/\/nagybanhegyes.hu\/w\/index.php?rest_route=\/wp\/v2\/pages\/1129\/revisions"}],"predecessor-version":[{"id":1154,"href":"http:\/\/nagybanhegyes.hu\/w\/index.php?rest_route=\/wp\/v2\/pages\/1129\/revisions\/1154"}],"up":[{"embeddable":true,"href":"http:\/\/nagybanhegyes.hu\/w\/index.php?rest_route=\/wp\/v2\/pages\/1125"}],"wp:attachment":[{"href":"http:\/\/nagybanhegyes.hu\/w\/index.php?rest_route=%2Fwp%2Fv2%2Fmedia&parent=1129"}],"curies":[{"name":"wp","href":"https:\/\/api.w.org\/{rel}","templated":true}]}}