{"id":1133,"date":"2021-09-29T08:14:56","date_gmt":"2021-09-29T06:14:56","guid":{"rendered":"http:\/\/nagybanhegyes.hu\/w\/?page_id=1133"},"modified":"2021-09-29T09:14:59","modified_gmt":"2021-09-29T07:14:59","slug":"gazdalkodasi-adatok","status":"publish","type":"page","link":"http:\/\/nagybanhegyes.hu\/w\/?page_id=1133","title":{"rendered":"Gazd\u00e1lkod\u00e1si adatok"},"content":{"rendered":"<a href=\"http:\/\/nagybanhegyes.hu\/w\/wp-content\/uploads\/2021\/09\/Gazdas\u00e1gi-Program-2020-2024.pdf\" class=\"pdfemb-viewer\" style=\"\" data-width=\"max\" data-height=\"max\"  data-toolbar=\"bottom\" data-toolbar-fixed=\"off\">Gazdas\u00e1gi Program 2020-2024<br\/><\/a>\n<h4>2015<\/h4>\n<p>K\u00f6lts\u00e9gvet\u00e9s<br \/>\n&#8211; <a href=\"http:\/\/nagybanhegyes.hu\/w\/wp-content\/uploads\/2021\/09\/Egys\u00e9ges-szerkezet-2015.-\u00e9vi-k\u00f6lts\u00e9gvet\u00e9si-rendelet-2_2015.docx\" target=\"_blank\" rel=\"noopener noreferrer\">2015. \u00e9vi k\u00f6lts\u00e9gvet\u00e9si rendelet<\/a><br \/>\n&#8211; <a href=\"http:\/\/nagybanhegyes.hu\/w\/wp-content\/uploads\/2021\/09\/Mell\u00e9klet-a-2015.-\u00e9vi-k\u00f6lts\u00e9gvet\u00e9si-rendelet-m\u00f3dos\u00edt\u00e1s\u00e1hoz.xls\" target=\"_blank\" rel=\"noopener noreferrer\">Mell\u00e9klet a 2015. \u00e9vi k\u00f6lts\u00e9gvet\u00e9si rendelet m\u00f3dos\u00edt\u00e1s\u00e1hoz<\/a><\/p>\n<p>Z\u00e1rsz\u00e1mad\u00e1s<br \/>\n&#8211; <a href=\"http:\/\/nagybanhegyes.hu\/w\/wp-content\/uploads\/2021\/09\/3-2016-z\u00e1rsz\u00e1mad\u00e1si-rendelet.docx\" target=\"_blank\" rel=\"noopener noreferrer\">Z\u00e1rsz\u00e1mad\u00e1si rendelet<\/a><br \/>\n&#8211; <a href=\"http:\/\/nagybanhegyes.hu\/w\/wp-content\/uploads\/2021\/09\/Mell\u00e9klet-z\u00e1rsz\u00e1mad\u00e1si-rendelethez.xls\" target=\"_blank\" rel=\"noopener noreferrer\">Mell\u00e9klet z\u00e1rsz\u00e1mad\u00e1si rendelethez<\/a><\/p>\n<h4>2016<\/h4>\n<p>K\u00f6lts\u00e9gvet\u00e9s<br \/>\n&#8211; <a href=\"http:\/\/nagybanhegyes.hu\/w\/wp-content\/uploads\/2021\/09\/7_2017.-2016.-\u00e9vi-k\u00f6lts\u00e9gvet\u00e9s-m\u00f3d.docx\" target=\"_blank\" rel=\"noopener noreferrer\">K\u00f6lts\u00e9gvet\u00e9s m\u00f3dos\u00edt\u00e1s<\/a><\/p>\n<p>Z\u00e1rsz\u00e1mad\u00e1s<br \/>\n&#8211; <a href=\"http:\/\/nagybanhegyes.hu\/w\/wp-content\/uploads\/2021\/09\/8_2017.-2016.-\u00e9vi-z\u00e1rsz\u00e1mad\u00e1s.docx\" target=\"_blank\" rel=\"noopener noreferrer\">Z\u00e1rsz\u00e1mad\u00e1si rendelet<\/a><br \/>\n&#8211; <a href=\"http:\/\/nagybanhegyes.hu\/w\/wp-content\/uploads\/2021\/09\/Z\u00e1rsz\u00e1mad\u00e1si-rendelet-2016.\u00e9v-mell\u00e9kletei.xlsx\" target=\"_blank\" rel=\"noopener noreferrer\">Mell\u00e9klet z\u00e1rsz\u00e1mad\u00e1si rendelethez<\/a><\/p>\n<h4>2017<\/h4>\n<p>K\u00f6lts\u00e9gvet\u00e9s<br \/>\n&#8211; <a href=\"http:\/\/nagybanhegyes.hu\/w\/wp-content\/uploads\/2021\/09\/1_2017.-II.14.-2017.-\u00e9vi-k\u00f6lts\u00e9gvet\u00e9s-egys\u00e9ges-szerkezet.docx\" target=\"_blank\" rel=\"noopener noreferrer\">2017. \u00e9vi k\u00f6lts\u00e9gvet\u00e9si rendelet<\/a><br \/>\n&#8211; <a href=\"http:\/\/nagybanhegyes.hu\/w\/wp-content\/uploads\/2021\/09\/M\u00f3dos\u00edtott-t\u00e1bl\u00e1k.xlsx\" target=\"_blank\" rel=\"noopener noreferrer\">Mell\u00e9klet a 2017. \u00e9vi k\u00f6lts\u00e9gvet\u00e9si rendelethez<\/a><\/p>\n<p>Z\u00e1rsz\u00e1mad\u00e1s<br \/>\n&#8211; <a href=\"http:\/\/nagybanhegyes.hu\/w\/wp-content\/uploads\/2021\/09\/5-2018V.30.-2017.-\u00e9vi-z\u00e1rsz\u00e1mad\u00e1s.docx\" target=\"_blank\" rel=\"noopener noreferrer\">Z\u00e1rsz\u00e1mad\u00e1si rendelet<\/a><br \/>\n&#8211; <a href=\"http:\/\/nagybanhegyes.hu\/w\/wp-content\/uploads\/2021\/09\/2017-\u00e9vi-z\u00e1rsz\u00e1mad\u00e1si-rendelet-mell\u00e9kletei.xlsx\" target=\"_blank\" rel=\"noopener noreferrer\">Mell\u00e9klet z\u00e1rsz\u00e1mad\u00e1si rendelethez<\/a><\/p>\n<h4>2018<\/h4>\n<p>K\u00f6lts\u00e9gvet\u00e9s<br \/>\n&#8211; <a href=\"http:\/\/nagybanhegyes.hu\/w\/wp-content\/uploads\/2021\/09\/1_2018.I.30.-2018.\u00e9vi-k\u00f6lts\u00e9gvet\u00e9si-rendelet-egys\u00e9ges.docx\" target=\"_blank\" rel=\"noopener noreferrer\">2018. \u00e9vi k\u00f6lts\u00e9gvet\u00e9si rendelet<\/a><br \/>\n&#8211; <a href=\"http:\/\/nagybanhegyes.hu\/w\/wp-content\/uploads\/2021\/09\/1_2018-I-30-2018-\u00e9vi-k\u00f6lts\u00e9gvet\u00e9s-m\u00f3dos\u00edtott-mell\u00e9kletei-2018-12-31.xlsx\" target=\"_blank\" rel=\"noopener noreferrer\">Mell\u00e9klet a 2018. \u00e9vi k\u00f6lts\u00e9gvet\u00e9si rendelethez<\/a><\/p>\n<p>Z\u00e1rsz\u00e1mad\u00e1s<br \/>\n&#8211; <a href=\"http:\/\/nagybanhegyes.hu\/w\/wp-content\/uploads\/2021\/09\/6-2019-z\u00e1rsz\u00e1mad\u00e1si-rendelet.docx\" target=\"_blank\" rel=\"noopener noreferrer\">Z\u00e1rsz\u00e1mad\u00e1si rendelet<\/a><br \/>\n&#8211; <a href=\"http:\/\/nagybanhegyes.hu\/w\/wp-content\/uploads\/2021\/09\/6-20192018-\u00e9v-z\u00e1rsz\u00e1mad\u00e1si-rendelethez-mell\u00e9kletek.xlsx\" target=\"_blank\" rel=\"noopener noreferrer\">Mell\u00e9klet z\u00e1rsz\u00e1mad\u00e1si rendelethez<\/a><\/p>\n<h4>2019<\/h4>\n<p>K\u00f6lts\u00e9gvet\u00e9s<br \/>\n&#8211; <a href=\"http:\/\/nagybanhegyes.hu\/w\/wp-content\/uploads\/2021\/09\/2-2019.II_.14.-2019.-\u00e9vi-k\u00f6lts\u00e9gvet\u00e9s.docx\" target=\"_blank\" rel=\"noopener noreferrer\">2019. \u00e9vi k\u00f6lts\u00e9gvet\u00e9si rendelet<\/a><br \/>\n&#8211; <a href=\"http:\/\/nagybanhegyes.hu\/w\/wp-content\/uploads\/2021\/09\/4.-2019.-\u00e9vi-k\u00f6lts\u00e9gvet\u00e9s-rendelet\u00e9nek-mell\u00e9kletei.xlsx\" target=\"_blank\" rel=\"noopener noreferrer\">Mell\u00e9klet a 2019. \u00e9vi k\u00f6lts\u00e9gvet\u00e9si rendelethez<\/a><br \/>\n&#8211; <a href=\"http:\/\/nagybanhegyes.hu\/w\/wp-content\/uploads\/2021\/09\/4-2020-2019.-\u00e9vi-k\u00f6lts\u00e9gvet\u00e9si-rendelet-m\u00f3dos\u00edt\u00e1sa.docx\" target=\"_blank\" rel=\"noopener noreferrer\">2019. \u00e9vi k\u00f6lts\u00e9gvet\u00e9si rendelet m\u00f3dos\u00edt\u00e1sa<\/a><br \/>\n&#8211; <a href=\"http:\/\/nagybanhegyes.hu\/w\/wp-content\/uploads\/2021\/09\/4-2020-2019.-\u00e9vi-k\u00f6lts\u00e9gvet\u00e9si-rendelet-m\u00f3dos\u00edt\u00e1s\u00e1nak-mell\u00e9kletei.xlsx\" target=\"_blank\" rel=\"noopener noreferrer\">2019. \u00e9vi k\u00f6lts\u00e9gvet\u00e9si rendelet m\u00f3dos\u00edt\u00e1s\u00e1nak mell\u00e9kletei<\/a><br \/>\n&#8211; <a href=\"http:\/\/nagybanhegyes.hu\/w\/wp-content\/uploads\/2021\/09\/2019.-\u00e9vi-k\u00f6lts\u00e9gvet\u00e9s-m\u00f3dos\u00edt\u00e1sa.docx\" target=\"_blank\" rel=\"noopener noreferrer\">2019. \u00e9vi k\u00f6lts\u00e9gvet\u00e9s m\u00f3dos\u00edt\u00e1sa<\/a><\/p>\n<h4>2020<\/h4>\n<p>K\u00f6lts\u00e9gvet\u00e9s<br \/>\n&#8211; <a href=\"http:\/\/nagybanhegyes.hu\/w\/wp-content\/uploads\/2021\/09\/2020-\u00e9vi-k\u00f6lts\u00e9gvet\u00e9s.docx\" target=\"_blank\" rel=\"noopener noreferrer\">2020. \u00e9vi k\u00f6lts\u00e9gvet\u00e9si rendelet<\/a><br \/>\n&#8211; <a href=\"http:\/\/nagybanhegyes.hu\/w\/wp-content\/uploads\/2021\/09\/Mell\u00e9klet.pdf\" target=\"_blank\" rel=\"noopener noreferrer\">Mell\u00e9klet a 2020. \u00e9vi k\u00f6lts\u00e9gvet\u00e9si rendelethez<\/a><br \/>\n&#8211; <a href=\"http:\/\/nagybanhegyes.hu\/w\/wp-content\/uploads\/2021\/09\/6-2020-2020.-\u00e9vi-k\u00f6lts\u00e9gvet\u00e9si-rendelet-m\u00f3dos\u00edt\u00e1sa.docx\" target=\"_blank\" rel=\"noopener noreferrer\">2020. \u00e9vi k\u00f6lts\u00e9gvet\u00e9si rendelet m\u00f3dos\u00edt\u00e1sa<\/a><br \/>\n&#8211; <a href=\"http:\/\/nagybanhegyes.hu\/w\/wp-content\/uploads\/2021\/09\/6-2020.-\u00e9vi-k\u00f6lts\u00e9gvet\u00e9si-rendelet-m\u00f3d.-mell\u00e9kletei.xlsx\" target=\"_blank\" rel=\"noopener noreferrer\">2020. \u00e9vi k\u00f6lts\u00e9gvet\u00e9si rendelet m\u00f3dos\u00edt\u00e1s\u00e1nak mell\u00e9kletei<\/a><\/p>\n<p>Z\u00e1rsz\u00e1mad\u00e1s<br \/>\n&#8211; <a href=\"http:\/\/nagybanhegyes.hu\/w\/wp-content\/uploads\/2021\/09\/2020.-\u00e9vi-z\u00e1rsz\u00e1mad\u00e1s.docx\" target=\"_blank\" rel=\"noopener noreferrer\">Z\u00e1rsz\u00e1mad\u00e1si rendelet<\/a><br \/>\n&#8211; <a href=\"http:\/\/nagybanhegyes.hu\/w\/wp-content\/uploads\/2021\/09\/Z\u00e1rsz\u00e1mad\u00e1s-mell\u00e9klete-2020.-\u00e9v.pdf\" target=\"_blank\" rel=\"noopener noreferrer\">Mell\u00e9klet z\u00e1rsz\u00e1mad\u00e1si rendelethez<\/a><\/p>\n<h4>2021<\/h4>\n<p>K\u00f6lts\u00e9gvet\u00e9s<br \/>\n&#8211; <a href=\"http:\/\/nagybanhegyes.hu\/w\/wp-content\/uploads\/2021\/09\/1-2021-k\u00f6lts\u00e9gvet\u00e9si-rendelet.docx\" target=\"_blank\" rel=\"noopener noreferrer\">2021. \u00e9vi k\u00f6lts\u00e9gvet\u00e9si rendelet<\/a><br \/>\n&#8211; <a href=\"http:\/\/nagybanhegyes.hu\/w\/wp-content\/uploads\/2021\/09\/2021.-\u00e9vi-k\u00f6lts\u00e9gvet\u00e9s.xlsx\" target=\"_blank\" rel=\"noopener noreferrer\">Mell\u00e9klet a 2021. \u00e9vi k\u00f6lts\u00e9gvet\u00e9si rendelethez<\/a><\/p>\n","protected":false},"excerpt":{"rendered":"<p>2015 K\u00f6lts\u00e9gvet\u00e9s &#8211; 2015. \u00e9vi k\u00f6lts\u00e9gvet\u00e9si rendelet &#8211; Mell\u00e9klet a 2015. \u00e9vi k\u00f6lts\u00e9gvet\u00e9si rendelet m\u00f3dos\u00edt\u00e1s\u00e1hoz Z\u00e1rsz\u00e1mad\u00e1s &#8211; Z\u00e1rsz\u00e1mad\u00e1si rendelet &#8211; Mell\u00e9klet z\u00e1rsz\u00e1mad\u00e1si rendelethez 2016 K\u00f6lts\u00e9gvet\u00e9s &#8211; K\u00f6lts\u00e9gvet\u00e9s m\u00f3dos\u00edt\u00e1s Z\u00e1rsz\u00e1mad\u00e1s &#8211; Z\u00e1rsz\u00e1mad\u00e1si rendelet &#8211; Mell\u00e9klet z\u00e1rsz\u00e1mad\u00e1si rendelethez 2017 K\u00f6lts\u00e9gvet\u00e9s &#8211; 2017. \u00e9vi k\u00f6lts\u00e9gvet\u00e9si rendelet &#8211; Mell\u00e9klet a 2017. \u00e9vi k\u00f6lts\u00e9gvet\u00e9si rendelethez Z\u00e1rsz\u00e1mad\u00e1s &#8211; Z\u00e1rsz\u00e1mad\u00e1si rendelet &#8211; [&hellip;]<\/p>\n","protected":false},"author":1,"featured_media":0,"parent":1125,"menu_order":2,"comment_status":"closed","ping_status":"closed","template":"","meta":{"ngg_post_thumbnail":0,"_links_to":"","_links_to_target":""},"_links":{"self":[{"href":"http:\/\/nagybanhegyes.hu\/w\/index.php?rest_route=\/wp\/v2\/pages\/1133"}],"collection":[{"href":"http:\/\/nagybanhegyes.hu\/w\/index.php?rest_route=\/wp\/v2\/pages"}],"about":[{"href":"http:\/\/nagybanhegyes.hu\/w\/index.php?rest_route=\/wp\/v2\/types\/page"}],"author":[{"embeddable":true,"href":"http:\/\/nagybanhegyes.hu\/w\/index.php?rest_route=\/wp\/v2\/users\/1"}],"replies":[{"embeddable":true,"href":"http:\/\/nagybanhegyes.hu\/w\/index.php?rest_route=%2Fwp%2Fv2%2Fcomments&post=1133"}],"version-history":[{"count":9,"href":"http:\/\/nagybanhegyes.hu\/w\/index.php?rest_route=\/wp\/v2\/pages\/1133\/revisions"}],"predecessor-version":[{"id":1192,"href":"http:\/\/nagybanhegyes.hu\/w\/index.php?rest_route=\/wp\/v2\/pages\/1133\/revisions\/1192"}],"up":[{"embeddable":true,"href":"http:\/\/nagybanhegyes.hu\/w\/index.php?rest_route=\/wp\/v2\/pages\/1125"}],"wp:attachment":[{"href":"http:\/\/nagybanhegyes.hu\/w\/index.php?rest_route=%2Fwp%2Fv2%2Fmedia&parent=1133"}],"curies":[{"name":"wp","href":"https:\/\/api.w.org\/{rel}","templated":true}]}}