{"id":1135,"date":"2021-09-29T08:15:10","date_gmt":"2021-09-29T06:15:10","guid":{"rendered":"http:\/\/nagybanhegyes.hu\/w\/?page_id=1135"},"modified":"2021-09-29T09:34:50","modified_gmt":"2021-09-29T07:34:50","slug":"palyazatok","status":"publish","type":"page","link":"http:\/\/nagybanhegyes.hu\/w\/?page_id=1135","title":{"rendered":"P\u00e1ly\u00e1zatok"},"content":{"rendered":"\n<table id=\"tablepress-1\" class=\"tablepress tablepress-id-1\">\n<thead>\n<tr class=\"row-1 odd\">\n\t<th class=\"column-1\">&nbsp;<\/th><th class=\"column-2\">&nbsp;<\/th><th class=\"column-3\">&nbsp;<\/th>\n<\/tr>\n<\/thead>\n<tbody class=\"row-hover\">\n<tr class=\"row-2 even\">\n\t<td class=\"column-1\">D\u00e1tum<\/td><td class=\"column-2\">P\u00e1ly\u00e1zat megnevez\u00e9se<\/td><td class=\"column-3\">T\u00e1mogat\u00e1s<\/td>\n<\/tr>\n<tr class=\"row-3 odd\">\n\t<td class=\"column-1\">2005-12-15<\/td><td class=\"column-2\">AVOP-3.2-A mez\u0151gazdas\u00e1ghoz k\u00f6t\u0151d\u0151 infrastrukt\u00fara fejleszt\u00e9se                                         Belv\u00edzk\u00e1rok elh\u00e1r\u00edt\u00e1s\u00e1 szolg\u00e1l\u00f3 k\u00fclter\u00fcleti csatonah\u00e1l\u00f3zat rehabilit\u00e1ci\u00f3ja<\/td><td class=\"column-3\">60 600 256 Ft<\/td>\n<\/tr>\n<tr class=\"row-4 even\">\n\t<td class=\"column-1\">2007-05-02 <\/td><td class=\"column-2\">AVOP-3.5-LEADER+ <br \/>\n Kert\u00e9szeti termel\u0151k forr\u00e1sabszorbci\u00f3s k\u00e9pess\u00e9g\u00e9nek fokoz\u00e1sa p\u00e1ly\u00e1zat\u00edr\u00f3 ismeretek \u00e1tad\u00e1sa r\u00e9v\u00e9n<\/td><td class=\"column-3\">1 991 200 Ft<\/td>\n<\/tr>\n<tr class=\"row-5 odd\">\n\t<td class=\"column-1\">2007-05-02 <\/td><td class=\"column-2\">AVOP-3.5-LEADER+\/Nagyb\u00e1nhegyes                                                                                                  Farmmenedzsment ismeretek b\u0151v\u00edt\u00e9se az akci\u00f3ter\u00fcleten<\/td><td class=\"column-3\">1 972 200 Ft<\/td>\n<\/tr>\n<tr class=\"row-6 even\">\n\t<td class=\"column-1\">2007-05-02 <\/td><td class=\"column-2\">AVOP-3.5-LEADER+  Nagyb\u00e1nhegyesi Paprikafesztiv\u00e1l szervez\u00e9se<\/td><td class=\"column-3\">1 909 500 Ft<\/td>\n<\/tr>\n<tr class=\"row-7 odd\">\n\t<td class=\"column-1\">2010-03-17 <\/td><td class=\"column-2\">T\u00c1MOP-3.1.5-09\/A-2- Pedag\u00f3gusk\u00e9pz\u00e9sek (a pedag\u00f3giai kult\u00fara korszer\u0171s\u00edt\u00e9se, pedag\u00f3gusok \u00faj szerepben)                                                                                                                                                 A pedag\u00f3giai kult\u00fara korszer\u0171s\u00edt\u00e9se a nagyb\u00e1nhegyesi Teller Ede \u00c1ltal\u00e1nos Iskol\u00e1ban \u00e9s \u00d3vod\u00e1ban<\/td><td class=\"column-3\">8\u00a0999\u00a0870\u00a0Ft<\/td>\n<\/tr>\n<tr class=\"row-8 even\">\n\t<td class=\"column-1\">2011-09-08 <\/td><td class=\"column-2\">KEOP-4.2.0\/A\/11- Helyi h\u0151 \u00e9s h\u0171t\u00e9si ig\u00e9ny kiel\u00e9g\u00edt\u00e9se meg\u00fajul\u00f3 energiaforr\u00e1sokkal Haszn\u00e1lati melegv\u00edz el\u0151\u00e1ll\u00edt\u00e1sa napkollektorral Nagyb\u00e1nhegyes k\u00f6zs\u00e9gben<\/td><td class=\"column-3\">7\u00a0331\u00a0569\u00a0Ft<\/td>\n<\/tr>\n<tr class=\"row-9 odd\">\n\t<td class=\"column-1\">2012-04-12 <\/td><td class=\"column-2\">KEOP-7.1.0\/11- Derog\u00e1ci\u00f3s v\u00edzi k\u00f6zm\u0171 projektek el\u0151k\u00e9sz\u00edt\u00e9se  B\u00e9k\u00e9s megyei iv\u00f3v\u00edzmn\u0151s\u00e9g-jav\u00edt\u00f3 program - Nagyb\u00e1nhegyes projektelem<\/td><td class=\"column-3\">5\u00a0865\u00a0000\u00a0Ft<\/td>\n<\/tr>\n<tr class=\"row-10 even\">\n\t<td class=\"column-1\">2014-12-31<\/td><td class=\"column-2\">KEOP-4.10.0\/N\/14- Fotovoltaikus rendszerek kialak\u00edt\u00e1sa                                                                                                        Napelem rendszer telep\u00edt\u00e9se Nagyb\u00e1nhegyes \u00d6nkorm\u00e1nyzat int\u00e9zm\u00e9nyeiben<\/td><td class=\"column-3\">48 036 257 Ft<\/td>\n<\/tr>\n<tr class=\"row-11 odd\">\n\t<td class=\"column-1\">2015-03-20<\/td><td class=\"column-2\">KEOP-4.10.0\/F\/14- \u00d6nkorm\u00e1nyzatok \u00e9s int\u00e9zm\u00e9nyeik \u00e9p\u00fcletenergetikai fejleszt\u00e9se meg\u00fajul\u00f3 energiaforr\u00e1s hasznos\u00edt\u00e1s\u00e1val kombin\u00e1lva a konvergencia r\u00e9gi\u00f3kban Nagyb\u00e1nhegyes Napk\u00f6ziotthonos Konyha Energetikai Korszer\u0171s\u00edt\u00e9se<br \/>\n<\/td><td class=\"column-3\">39 918 021 Ft<\/td>\n<\/tr>\n<tr class=\"row-12 even\">\n\t<td class=\"column-1\">2016-02-04 <\/td><td class=\"column-2\">KEHOP-2.1.1-15-2015-00013 Felh\u00edv\u00e1s a derog\u00e1ci\u00f3val \u00e9rintett, valamint amm\u00f3nium-ionra vonatkoz\u00f3 iv\u00f3v\u00edzmin\u0151s\u00e9g-jav\u00edt\u00f3 projektek megval\u00f3s\u00edt\u00e1s\u00e1ra                                             Nagyb\u00e1nhegyes telep\u00fcl\u00e9s iv\u00f3v\u00edzmin\u0151s\u00e9g-jav\u00edt\u00e1sa<br \/>\n<\/td><td class=\"column-3\">135 097 544 Ft<\/td>\n<\/tr>\n<tr class=\"row-13 odd\">\n\t<td class=\"column-1\">2017-05-01 <\/td><td class=\"column-2\">TOP-1.4.1-15-BS1-2016-00043 A foglalkoztat\u00e1s \u00e9s az \u00e9letmin\u0151s\u00e9g jav\u00edt\u00e1sa csal\u00e1dbar\u00e1t, munk\u00e1ba \u00e1ll\u00e1st seg\u00edt\u0151 int\u00e9zm\u00e9nyek, k\u00f6zszolg\u00e1ltat\u00e1sok fejleszt\u00e9s\u00e9vel                                                  A Savio Szent Domonkos Katolikus \u00c1ltal\u00e1nos Iskola \u00e9s \u00d3voda nagyb\u00e1nhegyesi \u00e9p\u00fclet\u00e9nek fel\u00faj\u00edt\u00e1sa, a nevel\u00e9st seg\u00edt\u0151 eszk\u00f6z\u00f6k beszerz\u00e9se<\/td><td class=\"column-3\">50 000 000 Ft<\/td>\n<\/tr>\n<tr class=\"row-14 even\">\n\t<td class=\"column-1\">2017-05-01 <\/td><td class=\"column-2\">TOP-1.1.3-15-BS1-2016-00028 Helyi gazdas\u00e1gfejleszt\u00e9s                                                                                                                                            Termel\u0151i piact\u00e9r kialak\u00edt\u00e1sa Nagyb\u00e1nhegyesen<\/td><td class=\"column-3\">50 000 000 Ft<\/td>\n<\/tr>\n<tr class=\"row-15 odd\">\n\t<td class=\"column-1\">2017-09-07 <\/td><td class=\"column-2\">TOP-4.1.1-15-BS1-2016-00023 Eg\u00e9szs\u00e9g\u00fcgyi alapell\u00e1t\u00e1s infrastruktur\u00e1lis fejleszt\u00e9se  Nagyb\u00e1nhegyes orvosi rendel\u0151j\u00e9nek infrastruktur\u00e1lis fejleszt\u00e9se<\/td><td class=\"column-3\">37 168 974 Ft<\/td>\n<\/tr>\n<tr class=\"row-16 even\">\n\t<td class=\"column-1\">2017-11-07 <\/td><td class=\"column-2\">EFOP-3.9.2-16-2017-00027 Hum\u00e1n kapayit\u00e1sok fejleszt\u00e9se a helyi tud\u00e1st\u0151ke gyarap\u00edt\u00e1sa c\u00e9lj\u00e1b\u00f3l Konzorciumi meg\u00e1llapod\u00e1s alapj\u00e1n<\/td><td class=\"column-3\">45 267 962 Ft<\/td>\n<\/tr>\n<tr class=\"row-17 odd\">\n\t<td class=\"column-1\">2017-12-04 <\/td><td class=\"column-2\">EFOP-1.5.3-16-2017-00062 Hum\u00e1n szolg\u00e1ltat\u00e1sok fejleszt\u00e9se a t\u00e1rsadalmi felz\u00e1rk\u00f3z\u00e1s \u00e9rdek\u00e9ben Konzorciumi meg\u00e1llapod\u00e1s alapj\u00e1n<\/td><td class=\"column-3\">23 863 700 Ft<\/td>\n<\/tr>\n<tr class=\"row-18 even\">\n\t<td class=\"column-1\">2017-12-28 <\/td><td class=\"column-2\">VP-7.2.1-7412-16-A vid\u00e9ki t\u00e9rs\u00e9gek kism\u00e9ret\u0171 infrastrukt\u00far\u00e1j\u00e1nak \u00e9s alapvet\u0151 szolg\u00e1ltat\u00e1sainak fejleszt\u00e9s\u00e9re K\u00fclter\u00fcleti helyi k\u00f6zutak fejleszt\u00e9se, \u00f6nkorm\u00e1nyzati utak kezel\u00e9s\u00e9hez, \u00e1llapotjav\u00edt\u00e1s\u00e1hoz, karbantart\u00e1s\u00e1hoz sz\u00fcks\u00e9ges er\u0151- \u00e9s munkag\u00e9pek beszerz\u00e9se                                                                                        K\u00fclter\u00fcleti utak fel\u00faj\u00edt\u00e1sa Nagyb\u00e1nhegyes telep\u00fcl\u00e9sen <br \/>\n<\/td><td class=\"column-3\">98 921 497 Ft<\/td>\n<\/tr>\n<tr class=\"row-19 odd\">\n\t<td class=\"column-1\">2018-07-03 <\/td><td class=\"column-2\">TOP 5.3.1-16-BS1-2017-00006 \"Cselekedj\u00fcnk egy\u00fctt! -helyi identit\u00e1s \u00e9s koh\u00e9zi\u00f3 er\u0151s\u00edt\u00e9se\"                                                                                                                                    Konzorciumi meg\u00e1llapod\u00e1s alapj\u00e1n  <\/td><td class=\"column-3\">2 587 680 Ft<\/td>\n<\/tr>\n<tr class=\"row-20 even\">\n\t<td class=\"column-1\">2018-08-28 <\/td><td class=\"column-2\">VP-7.2.1-7413-17-Helyi term\u00e9k\u00e9rt\u00e9kes\u00edt\u00e9st szolg\u00e1l\u00f3 piacok infrastruktur\u00e1lis fejleszt\u00e9se, k\u00f6z\u00e9tkeztet\u00e9s fejleszt\u00e9se                                                                                       \u00d6nkorm\u00e1nyzati fenntart\u00e1s\u00fa Napk\u00f6zi konyha sz\u00e1m\u00e1ra sz\u00fcks\u00e9ges konyhai g\u00e9pek, eszk\u00f6z\u00f6k, felszerel\u00e9sek beszerz\u00e9se<br \/>\n<\/td><td class=\"column-3\">4 094 281 Ft<\/td>\n<\/tr>\n<tr class=\"row-21 odd\">\n\t<td class=\"column-1\">2019-04-10<\/td><td class=\"column-2\">VP-19.2.1-17-Helyi Fejleszt\u00e9si Strat\u00e9gi\u00e1k megval\u00f3s\u00edt\u00e1sa Hangtechnikai eszk\u00f6zbeszerz\u00e9s<\/td><td class=\"column-3\">294 947 Ft<\/td>\n<\/tr>\n<tr class=\"row-22 even\">\n\t<td class=\"column-1\">2019-05-31 <\/td><td class=\"column-2\">VP-19.2.1-17-Helyi Fejleszt\u00e9si Strat\u00e9gi\u00e1k megval\u00f3s\u00edt\u00e1sa Term\u00e1lf\u00fcrd\u0151 eszk\u00f6zbeszerz\u00e9s<\/td><td class=\"column-3\">1 979 103 Ft<\/td>\n<\/tr>\n<tr class=\"row-23 odd\">\n\t<td class=\"column-1\">2020-02-07<\/td><td class=\"column-2\">VP-19.2.1-17-Helyi Fejleszt\u00e9si Strat\u00e9gi\u00e1k megval\u00f3s\u00edt\u00e1sa Kisl\u00e9pt\u00e9k\u0171 turisztikai fejleszt\u00e9sek - 1. c\u00e9lter\u00fclet Term\u00e1lf\u00fcrd\u0151 el\u0151tet\u0151 fel\u00faj\u00edt\u00e1sa<\/td><td class=\"column-3\">8 991 221 Ft<\/td>\n<\/tr>\n<tr class=\"row-24 even\">\n\t<td class=\"column-1\">2020-02-07<\/td><td class=\"column-2\">VP-19.2.1-17-Helyi Fejleszt\u00e9si Strat\u00e9gi\u00e1k megval\u00f3s\u00edt\u00e1sa  Rendezv\u00e9nyszervez\u00e9shez sz\u00fcks\u00e9ges eszk\u00f6z\u00f6k beszerz\u00e9se<\/td><td class=\"column-3\">1 955 673 Ft<\/td>\n<\/tr>\n<tr class=\"row-25 odd\">\n\t<td class=\"column-1\">2020-12-02<\/td><td class=\"column-2\">MFP-AEE\/2020 Orvosi eszk\u00f6z\u00f6k beszerz\u00e9se<\/td><td class=\"column-3\">1 287 595 Ft<\/td>\n<\/tr>\n<tr class=\"row-26 even\">\n\t<td class=\"column-1\">2019-10-25 <\/td><td class=\"column-2\">MFP-KKE\/2019 Eszk\u00f6zfejleszt\u00e9s belter\u00fcleti k\u00f6zter\u00fclet karbantart\u00e1sa<\/td><td class=\"column-3\">10 426 987 Ft<\/td>\n<\/tr>\n<tr class=\"row-27 odd\">\n\t<td class=\"column-1\"><\/td><td class=\"column-2\">\u00d6sszesen:<\/td><td class=\"column-3\">624 385 495 Ft<\/td>\n<\/tr>\n<tr class=\"row-28 even\">\n\t<td class=\"column-1\"><\/td><td class=\"column-2\"><\/td><td class=\"column-3\"><\/td>\n<\/tr>\n<\/tbody>\n<\/table>\n<!-- #tablepress-1 from cache -->\n","protected":false},"excerpt":{"rendered":"","protected":false},"author":1,"featured_media":0,"parent":1125,"menu_order":3,"comment_status":"closed","ping_status":"closed","template":"","meta":{"ngg_post_thumbnail":0,"_links_to":"","_links_to_target":""},"_links":{"self":[{"href":"http:\/\/nagybanhegyes.hu\/w\/index.php?rest_route=\/wp\/v2\/pages\/1135"}],"collection":[{"href":"http:\/\/nagybanhegyes.hu\/w\/index.php?rest_route=\/wp\/v2\/pages"}],"about":[{"href":"http:\/\/nagybanhegyes.hu\/w\/index.php?rest_route=\/wp\/v2\/types\/page"}],"author":[{"embeddable":true,"href":"http:\/\/nagybanhegyes.hu\/w\/index.php?rest_route=\/wp\/v2\/users\/1"}],"replies":[{"embeddable":true,"href":"http:\/\/nagybanhegyes.hu\/w\/index.php?rest_route=%2Fwp%2Fv2%2Fcomments&post=1135"}],"version-history":[{"count":9,"href":"http:\/\/nagybanhegyes.hu\/w\/index.php?rest_route=\/wp\/v2\/pages\/1135\/revisions"}],"predecessor-version":[{"id":1203,"href":"http:\/\/nagybanhegyes.hu\/w\/index.php?rest_route=\/wp\/v2\/pages\/1135\/revisions\/1203"}],"up":[{"embeddable":true,"href":"http:\/\/nagybanhegyes.hu\/w\/index.php?rest_route=\/wp\/v2\/pages\/1125"}],"wp:attachment":[{"href":"http:\/\/nagybanhegyes.hu\/w\/index.php?rest_route=%2Fwp%2Fv2%2Fmedia&parent=1135"}],"curies":[{"name":"wp","href":"https:\/\/api.w.org\/{rel}","templated":true}]}}