{"id":1137,"date":"2021-09-29T08:15:37","date_gmt":"2021-09-29T06:15:37","guid":{"rendered":"http:\/\/nagybanhegyes.hu\/w\/?page_id=1137"},"modified":"2021-09-29T10:03:42","modified_gmt":"2021-09-29T08:03:42","slug":"uvegzseb","status":"publish","type":"page","link":"http:\/\/nagybanhegyes.hu\/w\/?page_id=1137","title":{"rendered":"\u00dcvegzseb"},"content":{"rendered":"<p><a href=\"http:\/\/nagybanhegyes.hu\/w\/wp-content\/uploads\/2021\/09\/Szerzodesek.xlsx\" target=\"_blank\" rel=\"noopener\">Szerz\u0151d\u00e9sek<\/a><\/p>\n<p><a href=\"http:\/\/nagybanhegyes.hu\/w\/wp-content\/uploads\/2021\/09\/Tamogatott-palyazatok.xlsx\" target=\"_blank\" rel=\"noopener\">T\u00e1mogatott p\u00e1ly\u00e1zatok<\/a><\/p>\n","protected":false},"excerpt":{"rendered":"<p>Szerz\u0151d\u00e9sek T\u00e1mogatott p\u00e1ly\u00e1zatok<\/p>\n","protected":false},"author":1,"featured_media":0,"parent":1125,"menu_order":4,"comment_status":"closed","ping_status":"closed","template":"","meta":{"ngg_post_thumbnail":0,"_links_to":"","_links_to_target":""},"_links":{"self":[{"href":"http:\/\/nagybanhegyes.hu\/w\/index.php?rest_route=\/wp\/v2\/pages\/1137"}],"collection":[{"href":"http:\/\/nagybanhegyes.hu\/w\/index.php?rest_route=\/wp\/v2\/pages"}],"about":[{"href":"http:\/\/nagybanhegyes.hu\/w\/index.php?rest_route=\/wp\/v2\/types\/page"}],"author":[{"embeddable":true,"href":"http:\/\/nagybanhegyes.hu\/w\/index.php?rest_route=\/wp\/v2\/users\/1"}],"replies":[{"embeddable":true,"href":"http:\/\/nagybanhegyes.hu\/w\/index.php?rest_route=%2Fwp%2Fv2%2Fcomments&post=1137"}],"version-history":[{"count":2,"href":"http:\/\/nagybanhegyes.hu\/w\/index.php?rest_route=\/wp\/v2\/pages\/1137\/revisions"}],"predecessor-version":[{"id":1207,"href":"http:\/\/nagybanhegyes.hu\/w\/index.php?rest_route=\/wp\/v2\/pages\/1137\/revisions\/1207"}],"up":[{"embeddable":true,"href":"http:\/\/nagybanhegyes.hu\/w\/index.php?rest_route=\/wp\/v2\/pages\/1125"}],"wp:attachment":[{"href":"http:\/\/nagybanhegyes.hu\/w\/index.php?rest_route=%2Fwp%2Fv2%2Fmedia&parent=1137"}],"curies":[{"name":"wp","href":"https:\/\/api.w.org\/{rel}","templated":true}]}}