{"id":1141,"date":"2021-09-29T08:17:08","date_gmt":"2021-09-29T06:17:08","guid":{"rendered":"http:\/\/nagybanhegyes.hu\/w\/?page_id=1141"},"modified":"2021-09-29T10:35:32","modified_gmt":"2021-09-29T08:35:32","slug":"szerzodesek","status":"publish","type":"page","link":"http:\/\/nagybanhegyes.hu\/w\/?page_id=1141","title":{"rendered":"Szerz\u0151d\u00e9sek"},"content":{"rendered":"<a href=\"http:\/\/nagybanhegyes.hu\/w\/wp-content\/uploads\/2021\/09\/Kozszolgaltatasi-szerzodesek.pdf\" class=\"pdfemb-viewer\" style=\"\" data-width=\"max\" data-height=\"max\"  data-toolbar=\"bottom\" data-toolbar-fixed=\"off\">K\u00f6zszolg\u00e1ltat\u00e1si szerz\u0151d\u00e9sek<br\/><\/a>\n<p><a href=\"http:\/\/nagybanhegyes.hu\/w\/wp-content\/uploads\/2021\/09\/2020-evi-szerzodesek-1-5-milio-kozottiek.xlsx\" target=\"_blank\" rel=\"noopener\">2020. \u00e9vi szerz\u0151d\u00e9sek (1 &#8211; 5 milli\u00f3 Ft k\u00f6z\u00f6tt)<\/a><\/p>\n","protected":false},"excerpt":{"rendered":"<p>2020. \u00e9vi szerz\u0151d\u00e9sek (1 &#8211; 5 milli\u00f3 Ft k\u00f6z\u00f6tt)<\/p>\n","protected":false},"author":1,"featured_media":0,"parent":1125,"menu_order":6,"comment_status":"closed","ping_status":"closed","template":"","meta":{"ngg_post_thumbnail":0,"_links_to":"","_links_to_target":""},"_links":{"self":[{"href":"http:\/\/nagybanhegyes.hu\/w\/index.php?rest_route=\/wp\/v2\/pages\/1141"}],"collection":[{"href":"http:\/\/nagybanhegyes.hu\/w\/index.php?rest_route=\/wp\/v2\/pages"}],"about":[{"href":"http:\/\/nagybanhegyes.hu\/w\/index.php?rest_route=\/wp\/v2\/types\/page"}],"author":[{"embeddable":true,"href":"http:\/\/nagybanhegyes.hu\/w\/index.php?rest_route=\/wp\/v2\/users\/1"}],"replies":[{"embeddable":true,"href":"http:\/\/nagybanhegyes.hu\/w\/index.php?rest_route=%2Fwp%2Fv2%2Fcomments&post=1141"}],"version-history":[{"count":5,"href":"http:\/\/nagybanhegyes.hu\/w\/index.php?rest_route=\/wp\/v2\/pages\/1141\/revisions"}],"predecessor-version":[{"id":1242,"href":"http:\/\/nagybanhegyes.hu\/w\/index.php?rest_route=\/wp\/v2\/pages\/1141\/revisions\/1242"}],"up":[{"embeddable":true,"href":"http:\/\/nagybanhegyes.hu\/w\/index.php?rest_route=\/wp\/v2\/pages\/1125"}],"wp:attachment":[{"href":"http:\/\/nagybanhegyes.hu\/w\/index.php?rest_route=%2Fwp%2Fv2%2Fmedia&parent=1141"}],"curies":[{"name":"wp","href":"https:\/\/api.w.org\/{rel}","templated":true}]}}