{"id":1340,"date":"2024-03-08T08:45:40","date_gmt":"2024-03-08T06:45:40","guid":{"rendered":"https:\/\/nagybanhegyes.hu\/w\/?page_id=1340"},"modified":"2024-03-08T09:01:30","modified_gmt":"2024-03-08T07:01:30","slug":"a-valasztasi-ioda","status":"publish","type":"page","link":"http:\/\/nagybanhegyes.hu\/w\/?page_id=1340","title":{"rendered":"A v\u00e1laszt\u00e1si ioda"},"content":{"rendered":"<h4>Helyi v\u00e1laszt\u00e1si iroda:<\/h4>\n<ul>\n<li>Vezet\u0151j\u00e9nek neve: Sz\u00e1sz Ildik\u00f3 Zsuzsanna<\/li>\n<li>Hivatali helyis\u00e9g\u00e9nek c\u00edme: 5948 Kaszaper, Szent Gell\u00e9rt t\u00e9r 1.<\/li>\n<li>Hivatali helyis\u00e9g\u00e9nek telefonsz\u00e1ma: 68\/423-000<\/li>\n<li>Hivatali helyis\u00e9g\u00e9nek email c\u00edme: jegyzo@kaszaper.hu<\/li>\n<li>V\u00e1laszt\u00e1si inform\u00e1ci\u00f3s szolg\u00e1lat\u00e1nak el\u00e9rhet\u0151s\u00e9gei:<\/li>\n<\/ul>\n<p>&nbsp; &nbsp; &nbsp; &nbsp; &nbsp; &nbsp; &nbsp; &nbsp; &nbsp; &nbsp; &nbsp; &nbsp; &nbsp; &nbsp; C\u00edm: 5668 Nagyb\u00e1nhegyes, Kossuth u. 64.<br \/>\n&nbsp; &nbsp; &nbsp; &nbsp; &nbsp; &nbsp; &nbsp; &nbsp; &nbsp; &nbsp; &nbsp; &nbsp; &nbsp; &nbsp; Telefonsz\u00e1: 68\/426-000<br \/>\n&nbsp; &nbsp; &nbsp; &nbsp; &nbsp; &nbsp; &nbsp; &nbsp; &nbsp; &nbsp; &nbsp; &nbsp; &nbsp; &nbsp; Email: kirendeltseg-vezeto@nagybanhegyes.hu<\/p>\n<h4>Helyi v\u00e1laszt\u00e1si bizotts\u00e1g:<\/h4>\n<ul>\n<li>Eln\u00f6k neve: Kender Ferencn\u00e9<\/li>\n<li>Eln\u00f6khelyettes neve: Matuska S\u00e1ra<\/li>\n<li>Tagok: Ill\u00e9sn\u00e9 Lestyan Veronika, Tonka-Matuska Csilla, Csuka S\u00e1ndorn\u00e9<\/li>\n<li>P\u00f3ttagok: Sipiczkin\u00e9 Tak\u00e1cs Annam\u00e1ria, Evanics Bernadett<\/li>\n<li>El\u00e9rhet\u0151s\u00e9gek:<\/li>\n<\/ul>\n<p>&nbsp; &nbsp; &nbsp; &nbsp; &nbsp; &nbsp; &nbsp; &nbsp; &nbsp; &nbsp; &nbsp; &nbsp; &nbsp; &nbsp;C\u00edm: 5668 Nagyb\u00e1nhegyes, Kossuth u. 64.<br \/>\n&nbsp; &nbsp; &nbsp; &nbsp; &nbsp; &nbsp; &nbsp; &nbsp; &nbsp; &nbsp; &nbsp; &nbsp; &nbsp; &nbsp;Telefonsz\u00e1m: 68\/426-000<br \/>\n&nbsp; &nbsp; &nbsp; &nbsp; &nbsp; &nbsp; &nbsp; &nbsp; &nbsp; &nbsp; &nbsp; &nbsp; &nbsp; &nbsp;Email: kirendeltseg-vezeto@nagybanhegyes.hu<\/p>\n<p>&nbsp;<\/p>\n","protected":false},"excerpt":{"rendered":"<p>Helyi v\u00e1laszt\u00e1si iroda: Vezet\u0151j\u00e9nek neve: Sz\u00e1sz Ildik\u00f3 Zsuzsanna Hivatali helyis\u00e9g\u00e9nek c\u00edme: 5948 Kaszaper, Szent Gell\u00e9rt t\u00e9r 1. Hivatali helyis\u00e9g\u00e9nek telefonsz\u00e1ma: 68\/423-000 Hivatali helyis\u00e9g\u00e9nek email c\u00edme: jegyzo@kaszaper.hu V\u00e1laszt\u00e1si inform\u00e1ci\u00f3s szolg\u00e1lat\u00e1nak el\u00e9rhet\u0151s\u00e9gei: &nbsp; &nbsp; &nbsp; &nbsp; &nbsp; &nbsp; &nbsp; &nbsp; &nbsp; &nbsp; &nbsp; &nbsp; &nbsp; &nbsp; C\u00edm: 5668 Nagyb\u00e1nhegyes, Kossuth u. 64. &nbsp; &nbsp; &nbsp; &nbsp; &nbsp; [&hellip;]<\/p>\n","protected":false},"author":1,"featured_media":0,"parent":1331,"menu_order":0,"comment_status":"closed","ping_status":"closed","template":"","meta":{"ngg_post_thumbnail":0,"_links_to":"","_links_to_target":""},"_links":{"self":[{"href":"http:\/\/nagybanhegyes.hu\/w\/index.php?rest_route=\/wp\/v2\/pages\/1340"}],"collection":[{"href":"http:\/\/nagybanhegyes.hu\/w\/index.php?rest_route=\/wp\/v2\/pages"}],"about":[{"href":"http:\/\/nagybanhegyes.hu\/w\/index.php?rest_route=\/wp\/v2\/types\/page"}],"author":[{"embeddable":true,"href":"http:\/\/nagybanhegyes.hu\/w\/index.php?rest_route=\/wp\/v2\/users\/1"}],"replies":[{"embeddable":true,"href":"http:\/\/nagybanhegyes.hu\/w\/index.php?rest_route=%2Fwp%2Fv2%2Fcomments&post=1340"}],"version-history":[{"count":3,"href":"http:\/\/nagybanhegyes.hu\/w\/index.php?rest_route=\/wp\/v2\/pages\/1340\/revisions"}],"predecessor-version":[{"id":1349,"href":"http:\/\/nagybanhegyes.hu\/w\/index.php?rest_route=\/wp\/v2\/pages\/1340\/revisions\/1349"}],"up":[{"embeddable":true,"href":"http:\/\/nagybanhegyes.hu\/w\/index.php?rest_route=\/wp\/v2\/pages\/1331"}],"wp:attachment":[{"href":"http:\/\/nagybanhegyes.hu\/w\/index.php?rest_route=%2Fwp%2Fv2%2Fmedia&parent=1340"}],"curies":[{"name":"wp","href":"https:\/\/api.w.org\/{rel}","templated":true}]}}