{"id":1357,"date":"2024-04-05T11:51:28","date_gmt":"2024-04-05T09:51:28","guid":{"rendered":"https:\/\/nagybanhegyes.hu\/w\/?page_id=1357"},"modified":"2024-06-10T15:28:44","modified_gmt":"2024-06-10T13:28:44","slug":"hatarozatok","status":"publish","type":"page","link":"http:\/\/nagybanhegyes.hu\/w\/?page_id=1357","title":{"rendered":"Hat\u00e1rozatok"},"content":{"rendered":"<a href=\"http:\/\/nagybanhegyes.hu\/w\/wp-content\/uploads\/2024\/06\/Valasztas-jegyzokonyv.pdf\" class=\"pdfemb-viewer\" style=\"\" data-width=\"max\" data-height=\"max\"  data-toolbar=\"bottom\" data-toolbar-fixed=\"off\">V\u00e1laszt\u00e1s jegyz\u0151k\u00f6nyv<br\/><\/a>\n<a href=\"http:\/\/nagybanhegyes.hu\/w\/wp-content\/uploads\/2024\/06\/29-2024.pdf\" class=\"pdfemb-viewer\" style=\"\" data-width=\"max\" data-height=\"max\"  data-toolbar=\"bottom\" data-toolbar-fixed=\"off\">29 2024<br\/><\/a>\n<a href=\"http:\/\/nagybanhegyes.hu\/w\/wp-content\/uploads\/2024\/06\/28-2024.pdf\" class=\"pdfemb-viewer\" style=\"\" data-width=\"max\" data-height=\"max\"  data-toolbar=\"bottom\" data-toolbar-fixed=\"off\">28 2024<br\/><\/a>\n<a href=\"http:\/\/nagybanhegyes.hu\/w\/wp-content\/uploads\/2024\/06\/27-2024.pdf\" class=\"pdfemb-viewer\" style=\"\" data-width=\"max\" data-height=\"max\"  data-toolbar=\"bottom\" data-toolbar-fixed=\"off\">27 2024<br\/><\/a>\n<a href=\"http:\/\/nagybanhegyes.hu\/w\/wp-content\/uploads\/2024\/05\/Xerox-Scan_20240515114546.pdf\" class=\"pdfemb-viewer\" style=\"\" data-width=\"max\" data-height=\"max\"  data-toolbar=\"bottom\" data-toolbar-fixed=\"off\">Xerox Scan_20240515114546<br\/><\/a>\n<a href=\"http:\/\/nagybanhegyes.hu\/w\/wp-content\/uploads\/2024\/05\/Xerox-Scan_20240515114552.pdf\" class=\"pdfemb-viewer\" style=\"\" data-width=\"max\" data-height=\"max\"  data-toolbar=\"bottom\" data-toolbar-fixed=\"off\">Xerox Scan_20240515114552<br\/><\/a>\n<a href=\"http:\/\/nagybanhegyes.hu\/w\/wp-content\/uploads\/2024\/05\/Xerox-Scan_20240514171944.pdf\" class=\"pdfemb-viewer\" style=\"\" data-width=\"max\" data-height=\"max\"  data-toolbar=\"bottom\" data-toolbar-fixed=\"off\">Xerox Scan_20240514171944<br\/><\/a>\n<a href=\"http:\/\/nagybanhegyes.hu\/w\/wp-content\/uploads\/2024\/05\/Xerox-Scan_20240514171950.pdf\" class=\"pdfemb-viewer\" style=\"\" data-width=\"max\" data-height=\"max\"  data-toolbar=\"bottom\" data-toolbar-fixed=\"off\">Xerox Scan_20240514171950<br\/><\/a>\n<a href=\"http:\/\/nagybanhegyes.hu\/w\/wp-content\/uploads\/2024\/05\/Xerox-Scan_20240514171956.pdf\" class=\"pdfemb-viewer\" style=\"\" data-width=\"max\" data-height=\"max\"  data-toolbar=\"bottom\" data-toolbar-fixed=\"off\">Xerox Scan_20240514171956<br\/><\/a>\n<a href=\"http:\/\/nagybanhegyes.hu\/w\/wp-content\/uploads\/2024\/05\/sorsolas_kepviselojeloltek.pdf\" class=\"pdfemb-viewer\" style=\"\" data-width=\"max\" data-height=\"max\"  data-toolbar=\"bottom\" data-toolbar-fixed=\"off\">sorsol\u00e1s_k\u00e9pvisel\u0151jel\u00f6ltek<br\/><\/a>\n<a href=\"http:\/\/nagybanhegyes.hu\/w\/wp-content\/uploads\/2024\/05\/sorsolas_polgarmesterjeloltek.pdf\" class=\"pdfemb-viewer\" style=\"\" data-width=\"max\" data-height=\"max\"  data-toolbar=\"bottom\" data-toolbar-fixed=\"off\">sorsol\u00e1s_polg\u00e1rmesterjel\u00f6ltek<br\/><\/a>\n<a href=\"http:\/\/nagybanhegyes.hu\/w\/wp-content\/uploads\/2024\/05\/sorsolas_nemzetisegi-kepviselojeloltek.pdf\" class=\"pdfemb-viewer\" style=\"\" data-width=\"max\" data-height=\"max\"  data-toolbar=\"bottom\" data-toolbar-fixed=\"off\">sorsol\u00e1s_nemzetis\u00e9gi k\u00e9pvisel\u0151jel\u00f6ltek<br\/><\/a>\n<a href=\"http:\/\/nagybanhegyes.hu\/w\/wp-content\/uploads\/2024\/05\/Bizottsagi-jegyzokonyv_240506.pdf\" class=\"pdfemb-viewer\" style=\"\" data-width=\"max\" data-height=\"max\"  data-toolbar=\"bottom\" data-toolbar-fixed=\"off\">Bizotts\u00e1gi jegyz\u0151k\u00f6nyv_240506<br\/><\/a>\n<p>&nbsp;<\/p>\n<a href=\"http:\/\/nagybanhegyes.hu\/w\/wp-content\/uploads\/2024\/05\/Horvath-Istvan-hat..pdf\" class=\"pdfemb-viewer\" style=\"\" data-width=\"max\" data-height=\"max\"  data-toolbar=\"bottom\" data-toolbar-fixed=\"off\">Horv\u00e1th Istv\u00e1n hat.<br\/><\/a>\n<p>&nbsp;<\/p>\n<a href=\"http:\/\/nagybanhegyes.hu\/w\/wp-content\/uploads\/2024\/05\/Loczi-Agnes-hat..pdf\" class=\"pdfemb-viewer\" style=\"\" data-width=\"max\" data-height=\"max\"  data-toolbar=\"bottom\" data-toolbar-fixed=\"off\">L\u00f3czi \u00c1gnes hat.<br\/><\/a>\n<p>&nbsp;<\/p>\n<a href=\"http:\/\/nagybanhegyes.hu\/w\/wp-content\/uploads\/2024\/05\/Fudala-Mark-hat..pdf\" class=\"pdfemb-viewer\" style=\"\" data-width=\"max\" data-height=\"max\"  data-toolbar=\"bottom\" data-toolbar-fixed=\"off\">Fudala M\u00e1rk hat.<br\/><\/a>\n<p>&nbsp;<\/p>\n<a href=\"http:\/\/nagybanhegyes.hu\/w\/wp-content\/uploads\/2024\/05\/Petone-Keszeli-Kitti-hat..pdf\" class=\"pdfemb-viewer\" style=\"\" data-width=\"max\" data-height=\"max\"  data-toolbar=\"bottom\" data-toolbar-fixed=\"off\">Pet\u0151n\u00e9 Keszeli Kitti hat.<br\/><\/a>\n<p>&nbsp;<\/p>\n<a href=\"http:\/\/nagybanhegyes.hu\/w\/wp-content\/uploads\/2024\/05\/Kovacs-Eva-hat..pdf\" class=\"pdfemb-viewer\" style=\"\" data-width=\"max\" data-height=\"max\"  data-toolbar=\"bottom\" data-toolbar-fixed=\"off\">Kov\u00e1cs \u00c9va hat.<br\/><\/a>\n<p>&nbsp;<\/p>\n<a href=\"http:\/\/nagybanhegyes.hu\/w\/wp-content\/uploads\/2024\/05\/Varga-Andor-hat..pdf\" class=\"pdfemb-viewer\" style=\"\" data-width=\"max\" data-height=\"max\"  data-toolbar=\"bottom\" data-toolbar-fixed=\"off\">Varga Andor hat.<br\/><\/a>\n<p>&nbsp;<\/p>\n<a href=\"http:\/\/nagybanhegyes.hu\/w\/wp-content\/uploads\/2024\/05\/Gulyas-Judit-hat..pdf\" class=\"pdfemb-viewer\" style=\"\" data-width=\"max\" data-height=\"max\"  data-toolbar=\"bottom\" data-toolbar-fixed=\"off\">Guly\u00e1s Judit hat.<br\/><\/a>\n<p>&nbsp;<\/p>\n<a href=\"http:\/\/nagybanhegyes.hu\/w\/wp-content\/uploads\/2024\/05\/Pepo-Janosne-hat..pdf\" class=\"pdfemb-viewer\" style=\"\" data-width=\"max\" data-height=\"max\"  data-toolbar=\"bottom\" data-toolbar-fixed=\"off\">Pep\u00f3 J\u00e1nosn\u00e9 hat.<br\/><\/a>\n<p>&nbsp;<\/p>\n<a href=\"http:\/\/nagybanhegyes.hu\/w\/wp-content\/uploads\/2024\/05\/Dobsa-Lajosne-hat..pdf\" class=\"pdfemb-viewer\" style=\"\" data-width=\"max\" data-height=\"max\"  data-toolbar=\"bottom\" data-toolbar-fixed=\"off\">Dobsa Lajosn\u00e9 hat.<br\/><\/a>\n<p>&nbsp;<\/p>\n<a href=\"http:\/\/nagybanhegyes.hu\/w\/wp-content\/uploads\/2024\/05\/Jancso-Otto-Ferdinand-hat..pdf\" class=\"pdfemb-viewer\" style=\"\" data-width=\"max\" data-height=\"max\"  data-toolbar=\"bottom\" data-toolbar-fixed=\"off\">Jancs\u00f3 Ott\u00f3 Ferdin\u00e1nd hat.<br\/><\/a>\n<a href=\"http:\/\/nagybanhegyes.hu\/w\/wp-content\/uploads\/2024\/04\/HVB-jegyzokonyv-alakulo-ulesrol-_-2024.04.15..pdf\" class=\"pdfemb-viewer\" style=\"\" data-width=\"max\" data-height=\"max\"  data-toolbar=\"bottom\" data-toolbar-fixed=\"off\">HVB jegyz\u0151k\u00f6nyv alakul\u00f3 \u00fcl\u00e9sr\u0151l _ 2024.04.15.<br\/><\/a>\n<p>&nbsp;<\/p>\n<a href=\"http:\/\/nagybanhegyes.hu\/w\/wp-content\/uploads\/2024\/04\/2_2024._HVB-elnokhelyettese.pdf\" class=\"pdfemb-viewer\" style=\"\" data-width=\"max\" data-height=\"max\"  data-toolbar=\"bottom\" data-toolbar-fixed=\"off\">2_2024._HVB eln\u00f6khelyettese<br\/><\/a>\n<p>&nbsp;<\/p>\n<a href=\"http:\/\/nagybanhegyes.hu\/w\/wp-content\/uploads\/2024\/04\/1_2024._HVB-elnoke.pdf\" class=\"pdfemb-viewer\" style=\"\" data-width=\"max\" data-height=\"max\"  data-toolbar=\"bottom\" data-toolbar-fixed=\"off\">1_2024._HVB eln\u00f6ke<br\/><\/a>\n<p>&nbsp;<\/p>\n<a href=\"http:\/\/nagybanhegyes.hu\/w\/wp-content\/uploads\/2024\/04\/Nagybanhegyes-ajanlasok-szama.pdf\" class=\"pdfemb-viewer\" style=\"\" data-width=\"max\" data-height=\"max\"  data-toolbar=\"bottom\" data-toolbar-fixed=\"off\">Nagyb\u00e1nhegyes aj\u00e1nl\u00e1sok sz\u00e1ma<br\/><\/a>\n<a href=\"http:\/\/nagybanhegyes.hu\/w\/wp-content\/uploads\/2024\/04\/Xerox-Scan_20240426133814.pdf\" class=\"pdfemb-viewer\" style=\"\" data-width=\"max\" data-height=\"max\"  data-toolbar=\"bottom\" data-toolbar-fixed=\"off\">Xerox Scan_20240426133814<br\/><\/a>\n<p>&nbsp;<\/p>\n<a href=\"http:\/\/nagybanhegyes.hu\/w\/wp-content\/uploads\/2024\/04\/Xerox-Scan_20240426133846.pdf\" class=\"pdfemb-viewer\" style=\"\" data-width=\"max\" data-height=\"max\"  data-toolbar=\"bottom\" data-toolbar-fixed=\"off\">Xerox Scan_20240426133846<br\/><\/a>\n<p>&nbsp;<\/p>\n<a href=\"http:\/\/nagybanhegyes.hu\/w\/wp-content\/uploads\/2024\/04\/Xerox-Scan_20240426133854.pdf\" class=\"pdfemb-viewer\" style=\"\" data-width=\"max\" data-height=\"max\"  data-toolbar=\"bottom\" data-toolbar-fixed=\"off\">Xerox Scan_20240426133854<br\/><\/a>\n<p>&nbsp;<\/p>\n<a href=\"http:\/\/nagybanhegyes.hu\/w\/wp-content\/uploads\/2024\/04\/Xerox-Scan_20240426133900.pdf\" class=\"pdfemb-viewer\" style=\"\" data-width=\"max\" data-height=\"max\"  data-toolbar=\"bottom\" data-toolbar-fixed=\"off\">Xerox Scan_20240426133900<br\/><\/a>\n<p>&nbsp;<\/p>\n<a href=\"http:\/\/nagybanhegyes.hu\/w\/wp-content\/uploads\/2024\/04\/Xerox-Scan_20240426133907.pdf\" class=\"pdfemb-viewer\" style=\"\" data-width=\"max\" data-height=\"max\"  data-toolbar=\"bottom\" data-toolbar-fixed=\"off\">Xerox Scan_20240426133907<br\/><\/a>\n<p>&nbsp;<\/p>\n<a href=\"http:\/\/nagybanhegyes.hu\/w\/wp-content\/uploads\/2024\/04\/Xerox-Scan_20240426133911.pdf\" class=\"pdfemb-viewer\" style=\"\" data-width=\"max\" data-height=\"max\"  data-toolbar=\"bottom\" data-toolbar-fixed=\"off\">Xerox Scan_20240426133911<br\/><\/a>\n<p>&nbsp;<\/p>\n<a href=\"http:\/\/nagybanhegyes.hu\/w\/wp-content\/uploads\/2024\/04\/Xerox-Scan_20240426133917.pdf\" class=\"pdfemb-viewer\" style=\"\" data-width=\"max\" data-height=\"max\"  data-toolbar=\"bottom\" data-toolbar-fixed=\"off\">Xerox Scan_20240426133917<br\/><\/a>\n<p>&nbsp;<\/p>\n<a href=\"http:\/\/nagybanhegyes.hu\/w\/wp-content\/uploads\/2024\/04\/Xerox-Scan_20240426133922.pdf\" class=\"pdfemb-viewer\" style=\"\" data-width=\"max\" data-height=\"max\"  data-toolbar=\"bottom\" data-toolbar-fixed=\"off\">Xerox Scan_20240426133922<br\/><\/a>\n<p>&nbsp;<\/p>\n<a href=\"http:\/\/nagybanhegyes.hu\/w\/wp-content\/uploads\/2024\/04\/Xerox-Scan_20240426133933.pdf\" class=\"pdfemb-viewer\" style=\"\" data-width=\"max\" data-height=\"max\"  data-toolbar=\"bottom\" data-toolbar-fixed=\"off\">Xerox Scan_20240426133933<br\/><\/a>\n<p>&nbsp;<\/p>\n<p>&nbsp;<\/p>\n","protected":false},"excerpt":{"rendered":"<p>&nbsp; &nbsp; &nbsp; &nbsp; &nbsp; &nbsp; &nbsp; &nbsp; &nbsp; &nbsp; &nbsp; &nbsp; &nbsp; &nbsp; &nbsp; &nbsp; &nbsp; &nbsp; &nbsp; &nbsp; &nbsp; &nbsp; &nbsp;<\/p>\n","protected":false},"author":1,"featured_media":0,"parent":1335,"menu_order":0,"comment_status":"closed","ping_status":"closed","template":"","meta":{"ngg_post_thumbnail":0,"_links_to":"","_links_to_target":""},"_links":{"self":[{"href":"http:\/\/nagybanhegyes.hu\/w\/index.php?rest_route=\/wp\/v2\/pages\/1357"}],"collection":[{"href":"http:\/\/nagybanhegyes.hu\/w\/index.php?rest_route=\/wp\/v2\/pages"}],"about":[{"href":"http:\/\/nagybanhegyes.hu\/w\/index.php?rest_route=\/wp\/v2\/types\/page"}],"author":[{"embeddable":true,"href":"http:\/\/nagybanhegyes.hu\/w\/index.php?rest_route=\/wp\/v2\/users\/1"}],"replies":[{"embeddable":true,"href":"http:\/\/nagybanhegyes.hu\/w\/index.php?rest_route=%2Fwp%2Fv2%2Fcomments&post=1357"}],"version-history":[{"count":12,"href":"http:\/\/nagybanhegyes.hu\/w\/index.php?rest_route=\/wp\/v2\/pages\/1357\/revisions"}],"predecessor-version":[{"id":1416,"href":"http:\/\/nagybanhegyes.hu\/w\/index.php?rest_route=\/wp\/v2\/pages\/1357\/revisions\/1416"}],"up":[{"embeddable":true,"href":"http:\/\/nagybanhegyes.hu\/w\/index.php?rest_route=\/wp\/v2\/pages\/1335"}],"wp:attachment":[{"href":"http:\/\/nagybanhegyes.hu\/w\/index.php?rest_route=%2Fwp%2Fv2%2Fmedia&parent=1357"}],"curies":[{"name":"wp","href":"https:\/\/api.w.org\/{rel}","templated":true}]}}