{"id":1434,"date":"2025-11-25T16:07:47","date_gmt":"2025-11-25T14:07:47","guid":{"rendered":"https:\/\/nagybanhegyes.hu\/w\/?page_id=1434"},"modified":"2026-01-08T08:57:52","modified_gmt":"2026-01-08T06:57:52","slug":"versenykepes-jarasok-program","status":"publish","type":"page","link":"http:\/\/nagybanhegyes.hu\/w\/?page_id=1434","title":{"rendered":"Versenyk\u00e9pes J\u00e1r\u00e1sok Program"},"content":{"rendered":"<a href=\"http:\/\/nagybanhegyes.hu\/w\/wp-content\/uploads\/2025\/11\/Sajtokozlemeny_Terfigyelo-kamerarendszer-fejlesztese-a-Mezokovacshazai-Jarasban-I.-utem.pdf\" class=\"pdfemb-viewer\" style=\"\" data-width=\"max\" data-height=\"max\"  data-toolbar=\"bottom\" data-toolbar-fixed=\"off\">Sajt\u00f3k\u00f6zlem\u00e9ny_T\u00e9rfigyel\u0151 kamerarendszer fejleszt\u00e9se a Mez\u0151kov\u00e1csh\u00e1zai J\u00e1r\u00e1sban I. \u00fctem<br\/><\/a>\n<p>&nbsp;<\/p>\n<a href=\"http:\/\/nagybanhegyes.hu\/w\/wp-content\/uploads\/2025\/11\/Sajtokozlemeny_Energiakozosseg-letrehozasa-a-Mezokovacshazai-Jarasban-I.-utem.pdf\" class=\"pdfemb-viewer\" style=\"\" data-width=\"max\" data-height=\"max\"  data-toolbar=\"bottom\" data-toolbar-fixed=\"off\">Sajt\u00f3k\u00f6zlem\u00e9ny_Energiak\u00f6z\u00f6ss\u00e9g l\u00e9trehoz\u00e1sa a Mez\u0151kov\u00e1csh\u00e1zai J\u00e1r\u00e1sban I. \u00fctem<br\/><\/a>\n<p>&nbsp;<\/p>\n<a href=\"http:\/\/nagybanhegyes.hu\/w\/wp-content\/uploads\/2026\/01\/Sajtokozlemeny_1.-utem-Mezokovacshazi-Rendelointezet-infrastrukturalis-fejlesztese.pdf\" class=\"pdfemb-viewer\" style=\"\" data-width=\"max\" data-height=\"max\"  data-toolbar=\"bottom\" data-toolbar-fixed=\"off\">Sajt\u00f3k\u00f6zlem\u00e9ny_1. \u00fctem - Mez\u0151kov\u00e1csh\u00e1zi Rendel\u0151int\u00e9zet infrastruktur\u00e1lis fejleszt\u00e9se<br\/><\/a>\n","protected":false},"excerpt":{"rendered":"<p>&nbsp; &nbsp;<\/p>\n","protected":false},"author":1,"featured_media":0,"parent":0,"menu_order":0,"comment_status":"closed","ping_status":"closed","template":"","meta":{"ngg_post_thumbnail":0,"_links_to":"","_links_to_target":""},"_links":{"self":[{"href":"http:\/\/nagybanhegyes.hu\/w\/index.php?rest_route=\/wp\/v2\/pages\/1434"}],"collection":[{"href":"http:\/\/nagybanhegyes.hu\/w\/index.php?rest_route=\/wp\/v2\/pages"}],"about":[{"href":"http:\/\/nagybanhegyes.hu\/w\/index.php?rest_route=\/wp\/v2\/types\/page"}],"author":[{"embeddable":true,"href":"http:\/\/nagybanhegyes.hu\/w\/index.php?rest_route=\/wp\/v2\/users\/1"}],"replies":[{"embeddable":true,"href":"http:\/\/nagybanhegyes.hu\/w\/index.php?rest_route=%2Fwp%2Fv2%2Fcomments&post=1434"}],"version-history":[{"count":3,"href":"http:\/\/nagybanhegyes.hu\/w\/index.php?rest_route=\/wp\/v2\/pages\/1434\/revisions"}],"predecessor-version":[{"id":1442,"href":"http:\/\/nagybanhegyes.hu\/w\/index.php?rest_route=\/wp\/v2\/pages\/1434\/revisions\/1442"}],"wp:attachment":[{"href":"http:\/\/nagybanhegyes.hu\/w\/index.php?rest_route=%2Fwp%2Fv2%2Fmedia&parent=1434"}],"curies":[{"name":"wp","href":"https:\/\/api.w.org\/{rel}","templated":true}]}}