{"id":1447,"date":"2026-03-11T12:06:20","date_gmt":"2026-03-11T10:06:20","guid":{"rendered":"https:\/\/nagybanhegyes.hu\/w\/?page_id=1447"},"modified":"2026-03-11T12:10:30","modified_gmt":"2026-03-11T10:10:30","slug":"2026-evi-orszaggyulesi-valasztasok","status":"publish","type":"page","link":"http:\/\/nagybanhegyes.hu\/w\/?page_id=1447","title":{"rendered":"2026. \u00e9vi orsz\u00e1ggy\u0171l\u00e9si v\u00e1laszt\u00e1sok"},"content":{"rendered":"<p style=\"text-align: center;\"><strong>V\u00e1laszt\u00e1si inform\u00e1ci\u00f3k<\/strong><\/p>\n<p style=\"text-align: center;\"><strong>&nbsp;2026.\u00e9vi orsz\u00e1ggy\u0171l\u00e9si v\u00e1laszt\u00e1s<\/strong><\/p>\n<p><strong>&nbsp;<\/strong><\/p>\n<h4><strong><u>V\u00e1laszt\u00e1si szervek<\/u><\/strong><\/h4>\n<h4><strong><u>Helyi V\u00e1laszt\u00e1si Iroda<\/u><\/strong><\/h4>\n<p>Vezet\u0151je: Huny\u00e1k Zsuzsanna<\/p>\n<p>C\u00edme: 5811 V\u00e9gegyh\u00e1za, Sz\u00e9chenyi u. 2.<\/p>\n<p>Telefonsz\u00e1m: 06 68&nbsp;381 940<\/p>\n<p>&nbsp; &nbsp; &nbsp; &nbsp; &nbsp; &nbsp; &nbsp; &nbsp; &nbsp; &nbsp; &nbsp; &nbsp; &nbsp; 06 30 836 8583<\/p>\n<p>Email: <a href=\"mailto:jegyzo@vegegyhaza.hu\">jegyzo@vegegyhaza.hu<\/a><\/p>\n<p>&nbsp;<\/p>\n<h4><strong><u>Helyi V\u00e1laszt\u00e1si Bizotts\u00e1g<\/u><\/strong><\/h4>\n<p><strong>V\u00e9gegyh\u00e1za<\/strong><\/p>\n<p>C\u00edm: 5811 V\u00e9gegyh\u00e1za, Sz\u00e9chenyi u. 2.<\/p>\n<p>Telefonsz\u00e1m: 06 68&nbsp;381 940<\/p>\n<p>&nbsp; &nbsp; &nbsp; &nbsp; &nbsp; &nbsp; &nbsp; &nbsp; &nbsp; &nbsp; &nbsp; &nbsp; &nbsp;06 30 836 8583<\/p>\n<p>Email: <a href=\"mailto:jegyzo@vegegyhaza.hu\">jegyzo@vegegyhaza.hu<\/a><\/p>\n<p>&nbsp;<\/p>\n<p><strong>Nagyb\u00e1nhegyes<\/strong><\/p>\n<p>C\u00edm: 5668 Nagyb\u00e1nhegyes, Kossuth u. 64.<\/p>\n<p>Telefonsz\u00e1m: 06 68 426 000<\/p>\n<p>Email: <a href=\"mailto:kirendeltseg-vezeto@nagybanhegyes.hu\">kirendeltseg-vezeto@nagybanhegyes.hu<\/a><\/p>\n<h4><u>V\u00e1laszt\u00e1si \u00fcgyint\u00e9z\u00e9s<\/u><\/h4>\n<p>V\u00e1laszt\u00f3polg\u00e1rk\u00e9nt \u00e9s uni\u00f3s \u00e1llampolg\u00e1rk\u00e9nt a magyarorsz\u00e1gi v\u00e1laszt\u00e1sokhoz kapcsol\u00f3d\u00f3an sz\u00e1mos \u00fcgyben van lehet\u0151s\u00e9ge k\u00e9relmet beny\u00fajtani. K\u00fclhoni magyar \u00e1llampolg\u00e1rk\u00e9nt vagy nemzetis\u00e9gik\u00e9nt regisztr\u00e1lhat a v\u00e1laszt\u00e1sokra, mozg\u00f3urn\u00e1t ig\u00e9nyelhet a szavaz\u00e1s\u00e1hoz, illetve lak\u00f3hely\u00e9t\u0151l elt\u00e9r\u0151 szavaz\u00f3k\u00f6rben vagy k\u00fclf\u00f6ld\u00f6n val\u00f3 szavaz\u00e1shoz is k\u00e9relmet ny\u00fajthat be.<\/p>\n<p>A beny\u00fajthat\u00f3 k\u00e9relmek k\u00f6z\u00fcl aszerint v\u00e1laszthat, hogy rendelkezik-e magyarorsz\u00e1gi lakc\u00edmmel.<\/p>\n<p><a href=\"https:\/\/www.valasztas.hu\/ugyintezes\">https:\/\/www.valasztas.hu\/ugyintezes<\/a><\/p>\n<p>&nbsp;<\/p>\n<h4><u>&nbsp;<\/u><strong><u>V\u00e1laszt\u00f3polg\u00e1roknak<\/u><\/strong><\/h4>\n<a href=\"http:\/\/nagybanhegyes.hu\/w\/wp-content\/uploads\/2026\/03\/1.pdf\" class=\"pdfemb-viewer\" style=\"\" data-width=\"max\" data-height=\"max\"  data-toolbar=\"bottom\" data-toolbar-fixed=\"off\">1<br\/><\/a>\n<a href=\"http:\/\/nagybanhegyes.hu\/w\/wp-content\/uploads\/2026\/03\/2.pdf\" class=\"pdfemb-viewer\" style=\"\" data-width=\"max\" data-height=\"max\"  data-toolbar=\"bottom\" data-toolbar-fixed=\"off\">2<br\/><\/a>\n","protected":false},"excerpt":{"rendered":"<p>V\u00e1laszt\u00e1si inform\u00e1ci\u00f3k &nbsp;2026.\u00e9vi orsz\u00e1ggy\u0171l\u00e9si v\u00e1laszt\u00e1s &nbsp; V\u00e1laszt\u00e1si szervek Helyi V\u00e1laszt\u00e1si Iroda Vezet\u0151je: Huny\u00e1k Zsuzsanna C\u00edme: 5811 V\u00e9gegyh\u00e1za, Sz\u00e9chenyi u. 2. Telefonsz\u00e1m: 06 68&nbsp;381 940 &nbsp; &nbsp; &nbsp; &nbsp; &nbsp; &nbsp; &nbsp; &nbsp; &nbsp; &nbsp; &nbsp; &nbsp; &nbsp; 06 30 836 8583 Email: jegyzo@vegegyhaza.hu &nbsp; Helyi V\u00e1laszt\u00e1si Bizotts\u00e1g V\u00e9gegyh\u00e1za C\u00edm: 5811 V\u00e9gegyh\u00e1za, Sz\u00e9chenyi u. 2. Telefonsz\u00e1m: [&hellip;]<\/p>\n","protected":false},"author":1,"featured_media":0,"parent":1328,"menu_order":0,"comment_status":"closed","ping_status":"closed","template":"","meta":{"ngg_post_thumbnail":0,"_links_to":"","_links_to_target":""},"_links":{"self":[{"href":"http:\/\/nagybanhegyes.hu\/w\/index.php?rest_route=\/wp\/v2\/pages\/1447"}],"collection":[{"href":"http:\/\/nagybanhegyes.hu\/w\/index.php?rest_route=\/wp\/v2\/pages"}],"about":[{"href":"http:\/\/nagybanhegyes.hu\/w\/index.php?rest_route=\/wp\/v2\/types\/page"}],"author":[{"embeddable":true,"href":"http:\/\/nagybanhegyes.hu\/w\/index.php?rest_route=\/wp\/v2\/users\/1"}],"replies":[{"embeddable":true,"href":"http:\/\/nagybanhegyes.hu\/w\/index.php?rest_route=%2Fwp%2Fv2%2Fcomments&post=1447"}],"version-history":[{"count":4,"href":"http:\/\/nagybanhegyes.hu\/w\/index.php?rest_route=\/wp\/v2\/pages\/1447\/revisions"}],"predecessor-version":[{"id":1453,"href":"http:\/\/nagybanhegyes.hu\/w\/index.php?rest_route=\/wp\/v2\/pages\/1447\/revisions\/1453"}],"up":[{"embeddable":true,"href":"http:\/\/nagybanhegyes.hu\/w\/index.php?rest_route=\/wp\/v2\/pages\/1328"}],"wp:attachment":[{"href":"http:\/\/nagybanhegyes.hu\/w\/index.php?rest_route=%2Fwp%2Fv2%2Fmedia&parent=1447"}],"curies":[{"name":"wp","href":"https:\/\/api.w.org\/{rel}","templated":true}]}}