{"id":151,"date":"2017-05-06T04:35:32","date_gmt":"2017-05-06T04:35:32","guid":{"rendered":"http:\/\/nagybanhegyes.hu\/w\/?page_id=151"},"modified":"2021-02-16T13:29:29","modified_gmt":"2021-02-16T11:29:29","slug":"kepviselo-testulet","status":"publish","type":"page","link":"http:\/\/nagybanhegyes.hu\/w\/?page_id=151","title":{"rendered":"K\u00e9pvisel\u0151 Test\u00fclet"},"content":{"rendered":"<div>&nbsp;<\/div>\n<div>&nbsp;<\/div>\n<div>\n<div class=\"smalltext\">\n<div class=\"cpage_body\">\n<table style=\"height: 296px;\" border=\"3\" width=\"232\" align=\"center\">\n<tbody>\n<tr>\n<td colspan=\"2\" align=\"center\"><strong>K\u00e9pvisel\u0151 test\u00fclet<\/strong><\/td>\n<\/tr>\n<tr>\n<td align=\"center\">Farkas S\u00e1ndor<\/td>\n<td align=\"center\">Polg\u00e1rmester<\/td>\n<\/tr>\n<tr>\n<td align=\"center\">Szil\u00e1gyi J\u00e1nos<\/td>\n<td align=\"center\">Alpolg\u00e1rmester<\/td>\n<\/tr>\n<tr>\n<td colspan=\"2\" align=\"center\">K\u00e9pvisel\u0151k<\/td>\n<\/tr>\n<tr>\n<td colspan=\"2\" align=\"center\">Bada Andr\u00e1s<\/td>\n<\/tr>\n<tr>\n<td colspan=\"2\" align=\"center\">Csizmadia Gergely<\/td>\n<\/tr>\n<tr>\n<td colspan=\"2\" align=\"center\">Dobsa G\u00e1bor<\/td>\n<\/tr>\n<tr>\n<td colspan=\"2\" align=\"center\">Jancs\u00f3 Ott\u00f3 Ferdin\u00e1nd<\/td>\n<\/tr>\n<tr>\n<td colspan=\"2\" align=\"center\">Pint\u00e9r Lajos<\/td>\n<\/tr>\n<\/tbody>\n<\/table>\n<p>&nbsp;<\/p>\n<p>&nbsp;<\/p>\n<table border=\"3\" align=\"center\">\n<tbody>\n<tr>\n<td colspan=\"2\" align=\"center\"><strong>Szlov\u00e1k Nemzetis\u00e9gi \u00d6nkorm\u00e1nyzat<\/strong><\/td>\n<\/tr>\n<tr>\n<td align=\"center\">Pep\u00f3 J\u00e1nos<\/td>\n<td align=\"center\">Eln\u00f6k<\/td>\n<\/tr>\n<tr>\n<td align=\"center\">Anda \u00c1rp\u00e1dn\u00e9<\/td>\n<td align=\"center\">Eln\u00f6k-helyettes<\/td>\n<\/tr>\n<tr>\n<td colspan=\"2\" align=\"center\">Dobsa Lajosn\u00e9<\/td>\n<\/tr>\n<tr>\n<td colspan=\"2\" align=\"center\">Guly\u00e1s Gy\u00f6rgy<\/td>\n<\/tr>\n<tr>\n<td colspan=\"2\" align=\"center\">Guly\u00e1s Judit<\/td>\n<\/tr>\n<\/tbody>\n<\/table>\n<\/div>\n<\/div>\n<\/div>\n","protected":false},"excerpt":{"rendered":"<p>&nbsp; &nbsp; K\u00e9pvisel\u0151 test\u00fclet Farkas S\u00e1ndor Polg\u00e1rmester Szil\u00e1gyi J\u00e1nos Alpolg\u00e1rmester K\u00e9pvisel\u0151k Bada Andr\u00e1s Csizmadia Gergely Dobsa G\u00e1bor Jancs\u00f3 Ott\u00f3 Ferdin\u00e1nd Pint\u00e9r Lajos &nbsp; &nbsp; Szlov\u00e1k Nemzetis\u00e9gi \u00d6nkorm\u00e1nyzat Pep\u00f3 J\u00e1nos Eln\u00f6k Anda \u00c1rp\u00e1dn\u00e9 Eln\u00f6k-helyettes Dobsa Lajosn\u00e9 Guly\u00e1s Gy\u00f6rgy Guly\u00e1s Judit<\/p>\n","protected":false},"author":1,"featured_media":0,"parent":24,"menu_order":0,"comment_status":"closed","ping_status":"closed","template":"","meta":{"ngg_post_thumbnail":0,"_links_to":"","_links_to_target":""},"_links":{"self":[{"href":"http:\/\/nagybanhegyes.hu\/w\/index.php?rest_route=\/wp\/v2\/pages\/151"}],"collection":[{"href":"http:\/\/nagybanhegyes.hu\/w\/index.php?rest_route=\/wp\/v2\/pages"}],"about":[{"href":"http:\/\/nagybanhegyes.hu\/w\/index.php?rest_route=\/wp\/v2\/types\/page"}],"author":[{"embeddable":true,"href":"http:\/\/nagybanhegyes.hu\/w\/index.php?rest_route=\/wp\/v2\/users\/1"}],"replies":[{"embeddable":true,"href":"http:\/\/nagybanhegyes.hu\/w\/index.php?rest_route=%2Fwp%2Fv2%2Fcomments&post=151"}],"version-history":[{"count":8,"href":"http:\/\/nagybanhegyes.hu\/w\/index.php?rest_route=\/wp\/v2\/pages\/151\/revisions"}],"predecessor-version":[{"id":1069,"href":"http:\/\/nagybanhegyes.hu\/w\/index.php?rest_route=\/wp\/v2\/pages\/151\/revisions\/1069"}],"up":[{"embeddable":true,"href":"http:\/\/nagybanhegyes.hu\/w\/index.php?rest_route=\/wp\/v2\/pages\/24"}],"wp:attachment":[{"href":"http:\/\/nagybanhegyes.hu\/w\/index.php?rest_route=%2Fwp%2Fv2%2Fmedia&parent=151"}],"curies":[{"name":"wp","href":"https:\/\/api.w.org\/{rel}","templated":true}]}}