{"id":155,"date":"2017-05-06T04:36:33","date_gmt":"2017-05-06T04:36:33","guid":{"rendered":"http:\/\/nagybanhegyes.hu\/w\/?page_id=155"},"modified":"2018-08-28T09:10:32","modified_gmt":"2018-08-28T07:10:32","slug":"e-ugyintezes","status":"publish","type":"page","link":"http:\/\/nagybanhegyes.hu\/w\/?page_id=155","title":{"rendered":"E-\u00fcgyint\u00e9z\u00e9s"},"content":{"rendered":"<p><a href=\"https:\/\/ohp-20.asp.lgov.hu\/nyitolap\">https:\/\/ohp-20.asp.lgov.hu\/nyitolap<\/a><\/p>\n<p>&nbsp;<\/p>\n","protected":false},"excerpt":{"rendered":"<p>https:\/\/ohp-20.asp.lgov.hu\/nyitolap &nbsp;<\/p>\n","protected":false},"author":1,"featured_media":0,"parent":24,"menu_order":0,"comment_status":"closed","ping_status":"closed","template":"","meta":{"ngg_post_thumbnail":0,"_links_to":"","_links_to_target":""},"_links":{"self":[{"href":"http:\/\/nagybanhegyes.hu\/w\/index.php?rest_route=\/wp\/v2\/pages\/155"}],"collection":[{"href":"http:\/\/nagybanhegyes.hu\/w\/index.php?rest_route=\/wp\/v2\/pages"}],"about":[{"href":"http:\/\/nagybanhegyes.hu\/w\/index.php?rest_route=\/wp\/v2\/types\/page"}],"author":[{"embeddable":true,"href":"http:\/\/nagybanhegyes.hu\/w\/index.php?rest_route=\/wp\/v2\/users\/1"}],"replies":[{"embeddable":true,"href":"http:\/\/nagybanhegyes.hu\/w\/index.php?rest_route=%2Fwp%2Fv2%2Fcomments&post=155"}],"version-history":[{"count":4,"href":"http:\/\/nagybanhegyes.hu\/w\/index.php?rest_route=\/wp\/v2\/pages\/155\/revisions"}],"predecessor-version":[{"id":682,"href":"http:\/\/nagybanhegyes.hu\/w\/index.php?rest_route=\/wp\/v2\/pages\/155\/revisions\/682"}],"up":[{"embeddable":true,"href":"http:\/\/nagybanhegyes.hu\/w\/index.php?rest_route=\/wp\/v2\/pages\/24"}],"wp:attachment":[{"href":"http:\/\/nagybanhegyes.hu\/w\/index.php?rest_route=%2Fwp%2Fv2%2Fmedia&parent=155"}],"curies":[{"name":"wp","href":"https:\/\/api.w.org\/{rel}","templated":true}]}}