{"id":160,"date":"2017-05-06T04:37:56","date_gmt":"2017-05-06T04:37:56","guid":{"rendered":"http:\/\/nagybanhegyes.hu\/w\/?page_id=160"},"modified":"2017-05-06T04:37:56","modified_gmt":"2017-05-06T04:37:56","slug":"konyha","status":"publish","type":"page","link":"http:\/\/nagybanhegyes.hu\/w\/?page_id=160","title":{"rendered":"Konyha"},"content":{"rendered":"<div>\n<div class=\"smalltext2\"><\/div>\n<\/div>\n<div>\n<div class=\"smalltext\">\n<div class=\"cpage_body\">\n<p>1987-es \u00e9p\u00edt\u00e9s\u0171, nagy alapter\u00fclet\u0171 \u00e9p\u00fcletben, k\u00f6zvetlen a F\u00fcrd\u0151 szomsz\u00e9ds\u00e1g\u00e1ban tal\u00e1lhat\u00f3. Alapvet\u0151en a nagyb\u00e1nhegyesi gyermekek \u00e9s id\u0151sek \u00e9tkeztet\u00e9s\u00e9t ell\u00e1t\u00f3, HACCP min\u0151s\u00e9g\u00fcgyi rendszerben m\u0171k\u00f6dik. Jelenlegi ell\u00e1t\u00e1s mellett k\u00f6nnyed\u00e9n b\u0151v\u00edthet\u0151, a t\u00e1gas eb\u00e9dl\u0151ben iskolai rendezv\u00e9nyeket is szerveznek.<\/p>\n<p><strong>\u00c1rak:<\/strong><\/p>\n<table width=\"400\" align=\"center\">\n<tbody>\n<tr>\n<td width=\"185\">Vid\u00e9ki feln\u0151tt<\/td>\n<td width=\"197\">\n<div align=\"left\">800 Ft (csak eb\u00e9d)<\/div>\n<\/td>\n<\/tr>\n<tr>\n<td>Nagyb\u00e1nhegyesi feln\u0151tt<\/td>\n<td>\n<div align=\"left\">640 Ft (csak eb\u00e9d)<\/div>\n<\/td>\n<\/tr>\n<tr>\n<td>Iskol\u00e1s<\/td>\n<td>\n<div align=\"left\">390 Ft (csak eb\u00e9d)<\/div>\n<\/td>\n<\/tr>\n<tr>\n<td>Napk\u00f6zis iskol\u00e1s<\/td>\n<td>\n<div align=\"left\">560 Ft (h\u00e1rom \u00e9tkez\u00e9s)<\/div>\n<\/td>\n<\/tr>\n<tr>\n<td>Napk\u00f6zis \u00f3vod\u00e1s<\/td>\n<td>\n<div align=\"left\">450 Ft (h\u00e1rom \u00e9tkez\u00e9s)<\/div>\n<\/td>\n<\/tr>\n<tr>\n<td>\u00d3vod\u00e1s T\u00edz\u00f3rai<\/td>\n<td>\n<div align=\"left\">100 Ft<\/div>\n<\/td>\n<\/tr>\n<\/tbody>\n<\/table>\n<\/div>\n<\/div>\n<\/div>\n","protected":false},"excerpt":{"rendered":"<p>1987-es \u00e9p\u00edt\u00e9s\u0171, nagy alapter\u00fclet\u0171 \u00e9p\u00fcletben, k\u00f6zvetlen a F\u00fcrd\u0151 szomsz\u00e9ds\u00e1g\u00e1ban tal\u00e1lhat\u00f3. Alapvet\u0151en a nagyb\u00e1nhegyesi gyermekek \u00e9s id\u0151sek \u00e9tkeztet\u00e9s\u00e9t ell\u00e1t\u00f3, HACCP min\u0151s\u00e9g\u00fcgyi rendszerben m\u0171k\u00f6dik. Jelenlegi ell\u00e1t\u00e1s mellett k\u00f6nnyed\u00e9n b\u0151v\u00edthet\u0151, a t\u00e1gas eb\u00e9dl\u0151ben iskolai rendezv\u00e9nyeket is szerveznek. \u00c1rak: Vid\u00e9ki feln\u0151tt 800 Ft (csak eb\u00e9d) Nagyb\u00e1nhegyesi feln\u0151tt 640 Ft (csak eb\u00e9d) Iskol\u00e1s 390 Ft (csak eb\u00e9d) Napk\u00f6zis iskol\u00e1s 560 [&hellip;]<\/p>\n","protected":false},"author":1,"featured_media":0,"parent":25,"menu_order":0,"comment_status":"closed","ping_status":"closed","template":"","meta":{"ngg_post_thumbnail":0,"_links_to":"","_links_to_target":""},"_links":{"self":[{"href":"http:\/\/nagybanhegyes.hu\/w\/index.php?rest_route=\/wp\/v2\/pages\/160"}],"collection":[{"href":"http:\/\/nagybanhegyes.hu\/w\/index.php?rest_route=\/wp\/v2\/pages"}],"about":[{"href":"http:\/\/nagybanhegyes.hu\/w\/index.php?rest_route=\/wp\/v2\/types\/page"}],"author":[{"embeddable":true,"href":"http:\/\/nagybanhegyes.hu\/w\/index.php?rest_route=\/wp\/v2\/users\/1"}],"replies":[{"embeddable":true,"href":"http:\/\/nagybanhegyes.hu\/w\/index.php?rest_route=%2Fwp%2Fv2%2Fcomments&post=160"}],"version-history":[{"count":1,"href":"http:\/\/nagybanhegyes.hu\/w\/index.php?rest_route=\/wp\/v2\/pages\/160\/revisions"}],"predecessor-version":[{"id":161,"href":"http:\/\/nagybanhegyes.hu\/w\/index.php?rest_route=\/wp\/v2\/pages\/160\/revisions\/161"}],"up":[{"embeddable":true,"href":"http:\/\/nagybanhegyes.hu\/w\/index.php?rest_route=\/wp\/v2\/pages\/25"}],"wp:attachment":[{"href":"http:\/\/nagybanhegyes.hu\/w\/index.php?rest_route=%2Fwp%2Fv2%2Fmedia&parent=160"}],"curies":[{"name":"wp","href":"https:\/\/api.w.org\/{rel}","templated":true}]}}