{"id":162,"date":"2017-05-06T04:38:37","date_gmt":"2017-05-06T04:38:37","guid":{"rendered":"http:\/\/nagybanhegyes.hu\/w\/?page_id=162"},"modified":"2017-05-06T05:28:19","modified_gmt":"2017-05-06T05:28:19","slug":"muvelodesi-haz","status":"publish","type":"page","link":"http:\/\/nagybanhegyes.hu\/w\/?page_id=162","title":{"rendered":"M\u0171vel\u0151d\u00e9si H\u00e1z"},"content":{"rendered":"<p>&nbsp;<\/p>\n<table border=\"0\" cellpadding=\"1\" cellspacing=\"1\">\n<tr>\n<td align=\"left\">\n<h2>Pet\u0151fi S\u00e1ndor M\u0171vel\u0151d\u00e9si H\u00e1z<\/h2>\n<\/td>\n<\/tr>\n<tr>\n<td>\n<table  border=\"0\" cellpadding=\"2\">\n<tr>\n<td align=\"left\">\nNagyb\u00e1nhegyes, Erzs\u00e9bet Kir\u00e1lyn\u00e9 utca 27.<br \/>\nTelefon: 68\/426-122<br \/>\nNyitva tart\u00e1s:<br \/>\nH\u00e9tf\u0151, Kedd, Szerda, P\u00e9ntek: 8:00-16:30<br \/>\nCs\u00fct\u00f6rt\u00f6k: 8:00 &#8211; 21:00<br \/>\nH\u00e9tv\u00e9gente rendezv\u00e9ny szerint<\/p>\n<\/td>\n<td align=\"center\"><img loading=\"lazy\" title=\"Pet\u0151fi S\u00e1ndor M\u0171vel\u0151d\u00e9si H\u00e1z\" src=\"http:\/\/www.nagybanhegyes.hu\/images\/toltelek\/STA41860.jpg\" width=\"240\" height=\"136\" border=\"2\" \/><\/td>\n<\/tr>\n<\/table>\n<\/td>\n<\/tr>\n<tr>\n<td>\n<p align=\"center\"><strong><\/p>\n<h2>\u00c1rlista<\/h2>\n<p><\/strong><\/p>\n<\/td>\n<\/tr>\n<tr>\n<td align=\"center\">\n<table border=\"2\" align=\"center\">\n<tbody>\n<tr>\n<td colspan=\"2\" height=\"41\">\n<div align=\"center\"><strong>Nagyterem<\/strong><\/div>\n<\/td>\n<\/tr>\n<tr>\n<td><\/td>\n<td><\/td>\n<\/tr>\n<tr>\n<td>Rendezv\u00e9nyek, gy\u0171l\u00e9sek:<\/td>\n<td>25.000.- Ft<\/td>\n<\/tr>\n<tr>\n<td>Lakodalom:<\/td>\n<td>25.000.- Ft<\/td>\n<\/tr>\n<tr>\n<td>Klubok \u00e1ltal szervezett vacsor\u00e1k:<\/td>\n<td>25.000.- Ft<\/td>\n<\/tr>\n<tr>\n<td>M\u0171soros, bel\u00e9p\u0151jegyes rendezv\u00e9nyek:<\/td>\n<td>A bev\u00e9tel 20%-a<\/td>\n<\/tr>\n<tr>\n<td>Gyermekrendezv\u00e9nyek:<\/td>\n<td>Ingyenes<\/td>\n<\/tr>\n<tr>\n<td height=\"23\">V\u00e1s\u00e1r:<\/td>\n<td>7.000.- Ft<\/td>\n<\/tr>\n<tr>\n<td colspan=\"2\" height=\"47\">\n<div align=\"center\"><strong>Klubhelyis\u00e9gek<\/strong><\/div>\n<\/td>\n<\/tr>\n<tr>\n<td>Kisebb vacsor\u00e1k, csal\u00e1di rendezv\u00e9nyek:<\/td>\n<td>8.000.- Ft<\/td>\n<\/tr>\n<tr>\n<td colspan=\"2\">\n<div align=\"center\">Bemutat\u00f3k, tanfolyamok:<\/div>\n<\/td>\n<\/tr>\n<tr>\n<td>Klubok \u00e1ltal szervezett bemutat\u00f3k tanfolyamok:<\/td>\n<td>1.000.- Ft \/\u00f3ra<\/td>\n<\/tr>\n<tr>\n<td colspan=\"2\" height=\"46\">\n<div align=\"center\"><strong>El\u0151csarnok<\/strong><\/div>\n<\/td>\n<\/tr>\n<tr>\n<td>V\u00e1s\u00e1rok<\/td>\n<td><\/td>\n<\/tr>\n<tr>\n<td>-D\u00e9lel\u0151tt<\/td>\n<td>5.000.- Ft<\/td>\n<\/tr>\n<tr>\n<td>-D\u00e9lut\u00e1n<\/td>\n<td>3.000.- Ft<\/td>\n<\/tr>\n<tr>\n<td colspan=\"2\" height=\"37\">\n<div align=\"center\"><strong>Egy\u00e9b szolg\u00e1ltat\u00e1sok<\/strong><\/div>\n<\/td>\n<\/tr>\n<tr>\n<td>Asztal b\u00e9rlet<\/td>\n<td>200.- Ft\/db<\/td>\n<\/tr>\n<tr>\n<td>Sz\u00e9k b\u00e9rlet<\/td>\n<td>100.- Ft\/db<\/td>\n<\/tr>\n<\/tbody>\n<\/table>\n<\/td>\n<\/tr>\n<tr>\n<td align=\"left\" >\n<p>&nbsp;<\/p>\n<h2><strong>K\u00f6nyvt\u00e1r<\/strong><\/h2>\n<\/td>\n<\/tr>\n<tr>\n<td>\n<table width=\"100%\" border=\"0\" cellpadding=\"6\">\n<tr>\n<td align=\"left\">Nagyb\u00e1nhegyes, Erzs\u00e9bet Kir\u00e1lyn\u00e9 utca 27<br \/>\nTelefon: 68\/426-122<br \/>\ne-mail:<a href=\"mailto:kozsegikonyvtarnbh@gamil.com\">kozsegikonyvtarnbh@gamil.com<\/a><br \/>\nNyitva tart\u00e1s: H\u00e9tf\u0151 &#8211; P\u00e9ntek 11:00-18:00<br \/>\nSzombat: 8:00-12:00<\/td>\n<td align=\"center\"><img loading=\"lazy\" title=\"K\u00f6nyvt\u00e1r\" src=\"http:\/\/www.nagybanhegyes.hu\/images\/toltelek\/konyvtar.jpg\" width=\"300\" height=\"225\" border=\"2\" \/><\/td>\n<\/tr>\n<\/table>\n<\/td>\n<\/tr>\n<tr>\n<td align=\"center\"><strong><\/p>\n<h2>Szolg\u00e1ltat\u00e1sok<\/h2>\n<p><\/strong><\/td>\n<\/tr>\n<tr>\n<td align=\"center\">\n<p>&nbsp; <\/p>\n<p><a href=\"http:\/\/www.emagyarorszag.hu\/\" target=\"_blank\" rel=\"noopener noreferrer\"><img loading=\"lazy\" src=\"http:\/\/www.nagybanhegyes.hu\/images\/e-magyarorszag.gif\" width=\"180\" height=\"64\" border=\"0\" \/><\/a><\/p>\n<p>&nbsp; <\/p>\n<\/td>\n<\/tr>\n<tr>\n<td align=\"center\">\n<table cellspacing=\"0\" cellpadding=\"0\" align=\"center\" border=\"1\">\n<tr>\n<td colspan=\"2\" height=\"39\">\n<div align=\"center\"><strong>F\u00e9nym\u00e1sol\u00e1s<\/strong><\/div>\n<\/td>\n<\/tr>\n<tr>\n<td><\/td>\n<td><\/td>\n<\/tr>\n<tr>\n<td>A\/4 egyoldalas<\/td>\n<td>15 Ft\/lap<\/td>\n<\/tr>\n<tr>\n<td height=\"31\">A\/4 k\u00e9toldalas<\/td>\n<td>25 Ft\/lap<\/td>\n<\/tr>\n<tr>\n<td height=\"28\">A\/3 egyoldalas<\/td>\n<td>30 Ft\/lap<\/td>\n<\/tr>\n<tr>\n<td height=\"28\">A\/3 k\u00e9toldalas<\/td>\n<td>45 Ft\/lap<\/td>\n<\/tr>\n<tr>\n<td colspan=\"2\" height=\"43\">\n<div align=\"center\"><strong>Nyomtat\u00e1s<\/strong><\/div>\n<\/td>\n<\/tr>\n<tr>\n<td height=\"26\">Egyoldalas fekete-feh\u00e9r<\/td>\n<td>30 Ft\/lap<\/td>\n<\/tr>\n<tr>\n<td height=\"29\">K\u00e9toldalas fekete-feh\u00e9r<\/td>\n<td>50 Ft\/lap<\/td>\n<\/tr>\n<tr>\n<td colspan=\"2\" height=\"39\">\n<div align=\"center\"><strong>Sz\u00e1m\u00edt\u00f3g\u00e9p-haszn\u00e1lat<\/strong><\/div>\n<\/td>\n<\/tr>\n<tr>\n<td height=\"29\">J\u00e1t\u00e9kok, Irodai alkalmaz\u00e1sok, Internethaszn\u00e1lat<\/td>\n<td>120 Ft\/\u00f3ra<\/td>\n<\/tr>\n<tr>\n<td height=\"31\">Szkennel\u00e9s<\/td>\n<td>50 Ft\/oldal<\/td>\n<\/tr>\n<\/tbody>\n<\/table>\n<\/div>\n<\/div>\n<\/div>\n<\/td>\n<\/tr>\n<\/table>\n<\/td>\n<\/tr>\n<\/table>\n","protected":false},"excerpt":{"rendered":"<p>&nbsp; Pet\u0151fi S\u00e1ndor M\u0171vel\u0151d\u00e9si H\u00e1z Nagyb\u00e1nhegyes, Erzs\u00e9bet Kir\u00e1lyn\u00e9 utca 27. Telefon: 68\/426-122 Nyitva tart\u00e1s: H\u00e9tf\u0151, Kedd, Szerda, P\u00e9ntek: 8:00-16:30 Cs\u00fct\u00f6rt\u00f6k: 8:00 &#8211; 21:00 H\u00e9tv\u00e9gente rendezv\u00e9ny szerint \u00c1rlista Nagyterem Rendezv\u00e9nyek, gy\u0171l\u00e9sek: 25.000.- Ft Lakodalom: 25.000.- Ft Klubok \u00e1ltal szervezett vacsor\u00e1k: 25.000.- Ft M\u0171soros, bel\u00e9p\u0151jegyes rendezv\u00e9nyek: A bev\u00e9tel 20%-a Gyermekrendezv\u00e9nyek: Ingyenes V\u00e1s\u00e1r: 7.000.- Ft Klubhelyis\u00e9gek Kisebb vacsor\u00e1k, [&hellip;]<\/p>\n","protected":false},"author":1,"featured_media":0,"parent":25,"menu_order":0,"comment_status":"closed","ping_status":"closed","template":"","meta":{"ngg_post_thumbnail":0,"_links_to":"","_links_to_target":""},"_links":{"self":[{"href":"http:\/\/nagybanhegyes.hu\/w\/index.php?rest_route=\/wp\/v2\/pages\/162"}],"collection":[{"href":"http:\/\/nagybanhegyes.hu\/w\/index.php?rest_route=\/wp\/v2\/pages"}],"about":[{"href":"http:\/\/nagybanhegyes.hu\/w\/index.php?rest_route=\/wp\/v2\/types\/page"}],"author":[{"embeddable":true,"href":"http:\/\/nagybanhegyes.hu\/w\/index.php?rest_route=\/wp\/v2\/users\/1"}],"replies":[{"embeddable":true,"href":"http:\/\/nagybanhegyes.hu\/w\/index.php?rest_route=%2Fwp%2Fv2%2Fcomments&post=162"}],"version-history":[{"count":11,"href":"http:\/\/nagybanhegyes.hu\/w\/index.php?rest_route=\/wp\/v2\/pages\/162\/revisions"}],"predecessor-version":[{"id":184,"href":"http:\/\/nagybanhegyes.hu\/w\/index.php?rest_route=\/wp\/v2\/pages\/162\/revisions\/184"}],"up":[{"embeddable":true,"href":"http:\/\/nagybanhegyes.hu\/w\/index.php?rest_route=\/wp\/v2\/pages\/25"}],"wp:attachment":[{"href":"http:\/\/nagybanhegyes.hu\/w\/index.php?rest_route=%2Fwp%2Fv2%2Fmedia&parent=162"}],"curies":[{"name":"wp","href":"https:\/\/api.w.org\/{rel}","templated":true}]}}