{"id":167,"date":"2017-05-06T04:40:39","date_gmt":"2017-05-06T04:40:39","guid":{"rendered":"http:\/\/nagybanhegyes.hu\/w\/?page_id=167"},"modified":"2021-07-12T08:00:16","modified_gmt":"2021-07-12T06:00:16","slug":"termalfurdo-es-camping","status":"publish","type":"page","link":"http:\/\/nagybanhegyes.hu\/w\/?page_id=167","title":{"rendered":"Term\u00e1lf\u00fcrd\u0151 \u00e9s Camping"},"content":{"rendered":"<table border=\"0\" cellpadding=\"1\">\n<tbody>\n<tr>\n<td align=\"center\"><strong>B\u00e1nhegyesi V\u00edzszolg\u00e1ltat\u00f3 Nonprofit Kft.<\/strong><\/p>\n<p>B\u00c1NF\u00dcRD\u0150 Term\u00e1lf\u00fcrd\u0151 \u00e9s Camping<br \/>\n5668 Nagyb\u00e1nhegyes, Erzs\u00e9bet Kir\u00e1lyn\u00e9 utca 36.<\/p>\n<p>Nyitva tart\u00e1s:<br \/>\nP\u00e9ntek 10.00-21.00<br \/>\nSzombat 10.00-21.00<br \/>\nVas\u00e1rnap: 10.00-21.00<\/p>\n<p>Telefon: 06-68\/426-768<br \/>\nMobil: +36703661908<\/p>\n<pre>email: banfurdo@gmail.com<\/pre>\n<\/td>\n<\/tr>\n<tr>\n<td>\n<table border=\"0\" width=\"100%\" cellpadding=\"2\">\n<tbody>\n<tr>\n<td align=\"justify\">\n<table width=\"100%\">\n<tbody>\n<tr>\n<td>L\u00e1togat\u00f3ink visszajelz\u00e9sei alapj\u00e1n a Nagyb\u00e1nhegyesi Term\u00e1lf\u00fcrd\u0151 j\u00f3t\u00e9kony hat\u00e1s\u00fa, igen magas \u00e1sv\u00e1nyianyag tartalm\u00fa, alacsony kem\u00e9nys\u00e9g\u0171, n\u00e1trium-hidrog\u00e9n-karbon\u00e1tos, magas metab\u00f3rsav tartalm\u00fa, bromidos, j\u00f3didos, fluoridos h\u00e9vize reumatikus probl\u00e9m\u00e1k, b\u0151rbetegs\u00e9gek, n\u0151gy\u00f3gy\u00e1szati probl\u00e9m\u00e1k kezel\u00e9s\u00e9re alkalmas.<br \/>\n<a href=\"http:\/\/nagybanhegyes.hu\/w\/?page_id=79\">Tov\u00e1bbi k\u00e9pek a gal\u00e9ri\u00e1ban!<\/a><\/td>\n<\/tr>\n<\/tbody>\n<\/table>\n<\/td>\n<td><img title=\"Term\u00e1lf\u00fcrd\u0151\" src=\"http:\/\/www.nagybanhegyes.hu\/images\/furdo1.jpg\" width=\"250\"><\/td>\n<\/tr>\n<\/tbody>\n<\/table>\n<\/td>\n<\/tr>\n<tr>\n<td align=\"center\">&nbsp;<\/p>\n<h2>F\u00fcrd\u0151 bel\u00e9p\u0151jegy \u00e1rak<\/h2>\n<p>&nbsp;<\/td>\n<\/tr>\n<tr>\n<td align=\"center\">\n<table border=\"2\" align=\"center\">\n<tbody>\n<tr>\n<td colspan=\"2\" align=\"center\">Az \u00e1rak egy napra \u00e9rtend\u0151ek, \u00e9s az \u00c1F\u00c1t tartalmazz\u00e1k!<\/td>\n<\/tr>\n<tr>\n<td>Feln\u0151tt<\/td>\n<td>1000 HUF<\/td>\n<\/tr>\n<tr>\n<td>Nyugd\u00edjas \/ di\u00e1k<\/td>\n<td>900 HUF<\/td>\n<\/tr>\n<tr>\n<td>Gyermek<\/td>\n<td>700 HUF<\/td>\n<\/tr>\n<\/tbody>\n<\/table>\n<\/td>\n<\/tr>\n<tr>\n<td align=\"center\">&nbsp;<\/p>\n<h2>Camping bel\u00e9p\u0151jegy \u00e1rak<\/h2>\n<p>&nbsp;<\/td>\n<\/tr>\n<tr>\n<td align=\"center\">\n<table border=\"2\" align=\"center\">\n<tbody>\n<tr>\n<td colspan=\"2\">Az \u00e1rak egy napra \u00e9rtend\u0151ek, \u00e9s az \u00c1F\u00c1t tartalmazz\u00e1k!<\/td>\n<\/tr>\n<tr>\n<td>Feln\u0151tt<\/td>\n<td>1200 HUF<\/td>\n<\/tr>\n<tr>\n<td>Nyugd\u00edjas, gyermek<\/td>\n<td>1000 HUF<\/td>\n<\/tr>\n<tr>\n<td>Szem\u00e9lyaut\u00f3<\/td>\n<td>700 HUF<\/td>\n<\/tr>\n<tr>\n<td>Lak\u00f3kocsi<\/td>\n<td>800 HUF<\/td>\n<\/tr>\n<tr>\n<td>Lak\u00f3aut\u00f3<\/td>\n<td>1000 HUF<\/td>\n<\/tr>\n<tr>\n<td>Kutya<\/td>\n<td>400 HUF<\/td>\n<\/tr>\n<tr>\n<td>S\u00e1tor<\/td>\n<td>700 HUF<\/td>\n<\/tr>\n<\/tbody>\n<\/table>\n<\/td>\n<\/tr>\n<\/tbody>\n<\/table>\n","protected":false},"excerpt":{"rendered":"<p>B\u00e1nhegyesi V\u00edzszolg\u00e1ltat\u00f3 Nonprofit Kft. B\u00c1NF\u00dcRD\u0150 Term\u00e1lf\u00fcrd\u0151 \u00e9s Camping 5668 Nagyb\u00e1nhegyes, Erzs\u00e9bet Kir\u00e1lyn\u00e9 utca 36. Nyitva tart\u00e1s: P\u00e9ntek 10.00-21.00 Szombat 10.00-21.00 Vas\u00e1rnap: 10.00-21.00 Telefon: 06-68\/426-768 Mobil: +36703661908 email: banfurdo@gmail.com L\u00e1togat\u00f3ink visszajelz\u00e9sei alapj\u00e1n a Nagyb\u00e1nhegyesi Term\u00e1lf\u00fcrd\u0151 j\u00f3t\u00e9kony hat\u00e1s\u00fa, igen magas \u00e1sv\u00e1nyianyag tartalm\u00fa, alacsony kem\u00e9nys\u00e9g\u0171, n\u00e1trium-hidrog\u00e9n-karbon\u00e1tos, magas metab\u00f3rsav tartalm\u00fa, bromidos, j\u00f3didos, fluoridos h\u00e9vize reumatikus probl\u00e9m\u00e1k, b\u0151rbetegs\u00e9gek, n\u0151gy\u00f3gy\u00e1szati probl\u00e9m\u00e1k [&hellip;]<\/p>\n","protected":false},"author":1,"featured_media":0,"parent":25,"menu_order":0,"comment_status":"closed","ping_status":"closed","template":"","meta":{"ngg_post_thumbnail":0,"_links_to":"","_links_to_target":""},"_links":{"self":[{"href":"http:\/\/nagybanhegyes.hu\/w\/index.php?rest_route=\/wp\/v2\/pages\/167"}],"collection":[{"href":"http:\/\/nagybanhegyes.hu\/w\/index.php?rest_route=\/wp\/v2\/pages"}],"about":[{"href":"http:\/\/nagybanhegyes.hu\/w\/index.php?rest_route=\/wp\/v2\/types\/page"}],"author":[{"embeddable":true,"href":"http:\/\/nagybanhegyes.hu\/w\/index.php?rest_route=\/wp\/v2\/users\/1"}],"replies":[{"embeddable":true,"href":"http:\/\/nagybanhegyes.hu\/w\/index.php?rest_route=%2Fwp%2Fv2%2Fcomments&post=167"}],"version-history":[{"count":7,"href":"http:\/\/nagybanhegyes.hu\/w\/index.php?rest_route=\/wp\/v2\/pages\/167\/revisions"}],"predecessor-version":[{"id":1083,"href":"http:\/\/nagybanhegyes.hu\/w\/index.php?rest_route=\/wp\/v2\/pages\/167\/revisions\/1083"}],"up":[{"embeddable":true,"href":"http:\/\/nagybanhegyes.hu\/w\/index.php?rest_route=\/wp\/v2\/pages\/25"}],"wp:attachment":[{"href":"http:\/\/nagybanhegyes.hu\/w\/index.php?rest_route=%2Fwp%2Fv2%2Fmedia&parent=167"}],"curies":[{"name":"wp","href":"https:\/\/api.w.org\/{rel}","templated":true}]}}