{"id":23,"date":"2017-05-04T06:38:39","date_gmt":"2017-05-04T04:38:39","guid":{"rendered":"http:\/\/nagybanhegyes.hu\/w\/?page_id=23"},"modified":"2019-02-15T10:28:26","modified_gmt":"2019-02-15T08:28:26","slug":"valasztasok","status":"publish","type":"page","link":"http:\/\/nagybanhegyes.hu\/w\/?page_id=23","title":{"rendered":"V\u00e1laszt\u00e1sok"},"content":{"rendered":"<div>A hat\u00e1rozat eredeti v\u00e1ltozata, nyomtathat\u00f3 form\u00e1tumban let\u00f6lthet\u0151 <a href=\"http:\/\/www.nagybanhegyes.hu\/pdf\/szavasokorokhatarozat.pdf\" target=\"_blank\" rel=\"noopener noreferrer\">ITT!<\/a><\/div>\n<p>&nbsp;<\/p>\n<div>Kaszaperi K\u00f6z\u00f6s \u00d6nkorm\u00e1nyzati Hivatal jegyz\u0151je, mint a<br \/>\nHelyi V\u00e1laszt\u00e1si Iroda Vezet\u0151je<br \/>\nKaszaper, Szent Gell\u00e9rt t\u00e9r 1.<br \/>\nTel.: 68681 940,<br \/>\n06-301&#8242; 525 0088.<br \/>\nE-mail: gilfczo.palne@kaszaper.hu<\/div>\n<p>&nbsp;<\/p>\n<div>T\u00e1rgy: Szavaz\u00f3k\u00f6r\u00f6k kialak\u00edt\u00e1sa \u00e9s fel\u00fclvizsg\u00e1lata.<\/div>\n<p>&nbsp;<\/p>\n<div><strong class=\"bbcode bold\">3\/2013. (VII. 31.) HV1 vez\u00e9t\u00f6i<br \/>\nHat\u00e1rozat<\/strong><\/div>\n<p>&nbsp;<\/p>\n<div>A Kaszaperi K\u00f6z\u00f6s \u00d6nkorm\u00e1nyzati H\u00edvatal jegyz\u00f6je, mint a Helyi V\u00e1laszt\u00e1si Iroda vezet\u0151je, a V\u00e1laszt\u00e1si elj\u00e1r\u00e1sr\u00f3l sz\u00f3l\u00f3 2013. XXXVI. t\u00f6rv\u00e9ny (tov\u00e1bb\u00edakban: Ve.) 77. (l) bekezd\u00e9s\u00e9ben kaputt hat\u00e1sk\u00f6r\u00f6mben elj\u00e1rva Nagyb\u00e1nhegyes K\u00f6zs\u00e9gben a szavaz\u00f3k\u00f6r\u00f6k sz\u00e1m\u00e1t, sorsz\u00e1m\u00e1t \u00e9s ter\u00fcleti beoszt\u00e1s\u00e1t, valarnint a szavaz\u00f3helyis\u00e9gek c\u00edm\u00e9t az al\u00e1bbiak szerint \u00e1llap\u00edtom meg.<\/div>\n<p>Szavaz\u00f3k\u00f6r\u00f6k sz\u00e1ma: 1.<br \/>\nSzavaz\u00f3k\u00f6r\u00f6k cime: 001. szavaz\u00f3k\u00f6r, Nagyb\u00e1nhegyes, Kossuth u. 64.<\/p>\n<p>Szavaz\u00f3k\u00f6r ter\u00fcleti beoszt\u00e1sa, v\u00e1laszt\u00f3polg\u00e1rok sz\u00e1ma:<\/p>\n<p>001-es szavaz\u00f3k\u00f6r:<\/p>\n<p>Nagyb\u00e1nhegyes K\u00f6zs\u00e9g teljes k\u00f6zigazgat\u00e1si ter\u00fclete 1160 f6.<\/p>\n<div>A hat\u00e1rozat ellen a 15 napos k\u00f6zz\u00e9t\u00e9tel id\u00f6tartama alatt, a B\u00e9k\u00e9s Megyei Ter\u00fcleti V\u00e1laszt\u00e1si Iroda vezet\u0151j\u00e9hez cimzett, (5600 B\u00e9k\u00e9scsaba, Arp\u00e1d sor 18.), de a Helyi V\u00e1laszt\u00e1s\u00ec Irod\u00e1n\u00e1l (5948 Kaszaper, Szent Gell\u00e9rt t\u00e9r 1. vagy 5668 Nagyb\u00e1nhegyes, Kossuth u. 64.) beny\u00fajtott fellebbez\u00e9ssel lehet \u00e9lni.<\/div>\n<p>Indokol\u00e1s<\/p>\n<div>A Ve. 77&#8242;. (1) bekezd\u00e9se kimondja, hogy a helyi V\u00e1laszt\u00e1si iroda vezet\u00f6je hat\u00e1rozattal \u00e1llap\u00edtja meg a telep\u00fcl\u00e9sen a szavaz\u00f3k\u00f6r\u00f6k sz\u00e1m\u00e1t, sorsz\u00e1m\u00e1t \u00e9s ter\u00fclet\u00ed beoszt\u00e1s\u00e1t, valamint a szavaz\u00f3hely\u00eds\u00e9gek c\u00edm\u00e9t. A szavaz\u00f3k\u00f6r\u00f6ket \u00fagy kell kialak\u00edtani, hogy a szavaz\u00f3k sz\u00e1ma mintegy hatsz\u00e1z f\u00f6, de Iegfeljebb ezer\u00f6tsz\u00e1z f\u00f6 legyen egy-egy szavaz\u00f3k\u00f6rre.<\/div>\n<p>&nbsp;<\/p>\n<div>\n<p>A Ve. 165. (l) bekezd\u00e9s a) pontja tov\u00e1bb\u00e1 k\u00edmondja, hogy a szavaz\u00f3helyis\u00e9get \u00fagy kell k\u00edalak\u00edtani, hogy a v\u00e1laszt\u00f3polg\u00e1rok sz\u00e1m\u00e1ra j\u00f3] megk\u00f6ze\u00ef\u00edthet\u00f6 legyen.<\/p>\n<p>Mindezeket \u00f1gyelembe v\u00e9ve Nagyb\u00e1nhegyes K\u00f6zs\u00e9gben 1 szavaz\u00f3k\u00f6r ker\u00fclt kialak\u00edt\u00e1sra. A jelenleg a k\u00f6zponti n\u00e9vjegyz\u00e9kben szerepl\u00f6 V\u00e1laszt\u00f3polg\u00e1rok sz\u00e1rna a OUI-es szavaz\u00f3k\u00f6rben \u00edgy 1160 f\u00f6.<\/p>\n<p>Fent\u00edjogszab\u00e1lyi rendelkez\u00e9sek \u00f1gyelem&#8217;bev\u00e9tel\u00e9vel a rendelkez\u00f6 r\u00e9szben foglaltak szerint hat\u00e1roztam.<\/p>\n<p>Ezen hat\u00e1rozatom a Kaszaperi K\u00f6z\u00f6s \u00d6nkorm\u00e1nyzat\u00ed H\u00edvatal Nagyb\u00e1nhegyesi Kirendelts\u00e9g\u00e9nek (5668<\/p>\n<p>Nagyb\u00e1nhegyes, Kossuth u. 64.) hirdet\u00f6t\u00e1bl\u00e1j\u00e1n, valamint Nagyb\u00e1nhegyes k\u00f6zs\u00e9g honlapj\u00e1n azonos pontban, meghozatala napj\u00e1n ker\u00fcl k\u00f6zz\u00e9t\u00e9telre.<\/p>\n<p>Jelen hat\u00e1rozatomat a Ve. 77-78. \u00a7-ban, a 80. \u00a7-ban, valamint a 165. (1) bekezd\u00e9s a) pontj\u00e1ban foglaltakra figyelemmel hoztam meg.<\/p>\n<\/div>\n<p>A jogorvoslati t\u00e1j\u00e9koztat\u00e1s a Ve. 234. (l)bekezd\u00e9s\u00e9n alapul.<\/p>\n<div>Kaszaper, 2013. j\u00falius 31.<\/div>\n<p>&nbsp;<\/p>\n<div>A hat\u00e1rozat eredeti v\u00e1ltozata, nyomtathat\u00f3 form\u00e1tumban let\u00f6lthet\u0151 <a href=\"http:\/\/www.nagybanhegyes.hu\/pdf\/szavasokorokhatarozat.pdf\" target=\"_blank\" rel=\"noopener noreferrer\">ITT!<\/a><\/div>\n","protected":false},"excerpt":{"rendered":"<p>A hat\u00e1rozat eredeti v\u00e1ltozata, nyomtathat\u00f3 form\u00e1tumban let\u00f6lthet\u0151 ITT! &nbsp; Kaszaperi K\u00f6z\u00f6s \u00d6nkorm\u00e1nyzati Hivatal jegyz\u0151je, mint a Helyi V\u00e1laszt\u00e1si Iroda Vezet\u0151je Kaszaper, Szent Gell\u00e9rt t\u00e9r 1. Tel.: 68681 940, 06-301&#8242; 525 0088. E-mail: gilfczo.palne@kaszaper.hu &nbsp; T\u00e1rgy: Szavaz\u00f3k\u00f6r\u00f6k kialak\u00edt\u00e1sa \u00e9s fel\u00fclvizsg\u00e1lata. &nbsp; 3\/2013. (VII. 31.) HV1 vez\u00e9t\u00f6i Hat\u00e1rozat &nbsp; A Kaszaperi K\u00f6z\u00f6s \u00d6nkorm\u00e1nyzati H\u00edvatal jegyz\u00f6je, mint a [&hellip;]<\/p>\n","protected":false},"author":1,"featured_media":0,"parent":0,"menu_order":5,"comment_status":"closed","ping_status":"closed","template":"","meta":{"ngg_post_thumbnail":0,"_links_to":"","_links_to_target":""},"_links":{"self":[{"href":"http:\/\/nagybanhegyes.hu\/w\/index.php?rest_route=\/wp\/v2\/pages\/23"}],"collection":[{"href":"http:\/\/nagybanhegyes.hu\/w\/index.php?rest_route=\/wp\/v2\/pages"}],"about":[{"href":"http:\/\/nagybanhegyes.hu\/w\/index.php?rest_route=\/wp\/v2\/types\/page"}],"author":[{"embeddable":true,"href":"http:\/\/nagybanhegyes.hu\/w\/index.php?rest_route=\/wp\/v2\/users\/1"}],"replies":[{"embeddable":true,"href":"http:\/\/nagybanhegyes.hu\/w\/index.php?rest_route=%2Fwp%2Fv2%2Fcomments&post=23"}],"version-history":[{"count":7,"href":"http:\/\/nagybanhegyes.hu\/w\/index.php?rest_route=\/wp\/v2\/pages\/23\/revisions"}],"predecessor-version":[{"id":712,"href":"http:\/\/nagybanhegyes.hu\/w\/index.php?rest_route=\/wp\/v2\/pages\/23\/revisions\/712"}],"wp:attachment":[{"href":"http:\/\/nagybanhegyes.hu\/w\/index.php?rest_route=%2Fwp%2Fv2%2Fmedia&parent=23"}],"curies":[{"name":"wp","href":"https:\/\/api.w.org\/{rel}","templated":true}]}}