{"id":26,"date":"2017-05-04T06:38:39","date_gmt":"2017-05-04T06:38:39","guid":{"rendered":"http:\/\/nagybanhegyes.hu\/w\/?page_id=26"},"modified":"2017-05-04T08:28:11","modified_gmt":"2017-05-04T08:28:11","slug":"civil-szervezetek","status":"publish","type":"page","link":"http:\/\/nagybanhegyes.hu\/w\/?page_id=26","title":{"rendered":"Civil szervezetek"},"content":{"rendered":"<div><\/div>\n<div>\n<div class=\"smalltext\">\n<div class=\"cpage_body\">\n<table border=\"1\" width=\"100%\" cellpadding=\"0\" cellspacing=\"0\">\n<tbody>\n<tr>\n<td colspan=\"3\" height=\"32\">\n<div style=\"text-align: center;\"><strong>Nagyb\u00e1nhegyes\u00e9rt K\u00f6zalap\u00edtv\u00e1ny<\/strong><\/div>\n<\/td>\n<\/tr>\n<tr>\n<td height=\"31\">&nbsp;Czanik Ferenc<\/td>\n<td>&nbsp;nagybanhegyes@nbhonline.hu<\/td>\n<td><\/td>\n<\/tr>\n<tr>\n<td colspan=\"3\" height=\"42\">\n<div style=\"text-align: center;\"><strong>Nagyb\u00e1nhegyesi Nagycsal\u00e1dosok Egyes\u00fclete<br \/>\n<a href=\"http:\/\/xn--nagybnhegyesinagycsald-52bq.eu\/\" target=\"_blank\" rel=\"noopener noreferrer\">Az Egyes\u00fcletr\u0151l<\/a><\/strong><\/div>\n<\/td>\n<\/tr>\n<tr>\n<td height=\"31\">&nbsp;Moln\u00e1rn\u00e9 Iv\u00e1n \u00c9va<\/td>\n<td>&nbsp;molnarhaz11@invitel.hu<\/td>\n<td>&nbsp;06-68\/426-246<\/td>\n<\/tr>\n<tr>\n<td colspan=\"3\" height=\"32\">\n<div style=\"text-align: center;\"><strong>Nagyb\u00e1nhegyesi Polg\u00e1r\u0151r Egyes\u00fclet<\/strong><\/div>\n<\/td>\n<\/tr>\n<tr>\n<td height=\"31\">&nbsp;F\u00fcl\u00f6p L\u00e1szl\u00f3<\/td>\n<td><\/td>\n<td>&nbsp;06-30\/667-97-92<\/td>\n<\/tr>\n<tr>\n<td colspan=\"3\" height=\"32\">\n<div style=\"text-align: center;\"><strong>Nagyb\u00e1nhegyesi Reform\u00e1tus Templom\u00e9rt Alap\u00edtv\u00e1ny<\/strong><\/div>\n<\/td>\n<\/tr>\n<tr>\n<td height=\"31\">&nbsp;F\u00fcl\u00f6p L\u00e1szl\u00f3n\u00e9<\/td>\n<td>&nbsp;fibi@invitel.hu<\/td>\n<td><\/td>\n<\/tr>\n<tr>\n<td colspan=\"3\" height=\"32\">\n<div style=\"text-align: center;\"><strong>Nagyb\u00e1nhegyesi Szlov\u00e1k Hagyom\u00e1ny\u0151rz\u0151 K\u00f6zhaszn\u00fa Egyes\u00fclet<br \/>\n<a href=\"http:\/\/hu.slovenskaunia.hu\/index.php?page=menupont&amp;oldal=221\" target=\"_blank\" rel=\"noopener noreferrer\">Az Egyes\u00fcletr\u0151l<\/a><\/strong><\/div>\n<\/td>\n<\/tr>\n<tr>\n<td height=\"31\">&nbsp;Pep\u00f3 J\u00e1nosn\u00e9<\/td>\n<td>&nbsp;nbhszlovakok@gmail.com<\/td>\n<td>&nbsp;06-20\/938-29-23<\/td>\n<\/tr>\n<tr>\n<td colspan=\"3\" height=\"32\">\n<div style=\"text-align: center;\"><strong>Nagyb\u00e1nhegyesi Mozg\u00e1skorl\u00e1tozottak Egyes\u00fclete<\/strong><\/div>\n<\/td>\n<\/tr>\n<tr>\n<td height=\"31\">&nbsp;Korm\u00e1nyos J\u00f3zsefn\u00e9<\/td>\n<td><\/td>\n<td>&nbsp;06-30\/440-9852<\/td>\n<\/tr>\n<tr>\n<td colspan=\"3\" height=\"32\">\n<div style=\"text-align: center;\"><strong>Nagyb\u00e1nhegyesi R\u00e1k\u00f3czi Sportegyes\u00fclet<\/strong><\/div>\n<\/td>\n<\/tr>\n<tr>\n<td height=\"31\">&nbsp;Demk\u00f3 Gergely<\/td>\n<td>&nbsp;gergely.demko@gmail.com<\/td>\n<td>&nbsp;06-20\/212-03-43<\/td>\n<\/tr>\n<tr>\n<td colspan=\"3\" height=\"32\">\n<div style=\"text-align: center;\"><strong>Gazdak\u00f6r<\/strong><\/div>\n<\/td>\n<\/tr>\n<tr>\n<td height=\"31\">&nbsp;Csizmadia Gergely<\/td>\n<td><\/td>\n<td><\/td>\n<\/tr>\n<\/tbody>\n<\/table>\n<\/div>\n<\/div>\n<\/div>\n","protected":false},"excerpt":{"rendered":"<p>Nagyb\u00e1nhegyes\u00e9rt K\u00f6zalap\u00edtv\u00e1ny &nbsp;Czanik Ferenc &nbsp;nagybanhegyes@nbhonline.hu Nagyb\u00e1nhegyesi Nagycsal\u00e1dosok Egyes\u00fclete Az Egyes\u00fcletr\u0151l &nbsp;Moln\u00e1rn\u00e9 Iv\u00e1n \u00c9va &nbsp;molnarhaz11@invitel.hu &nbsp;06-68\/426-246 Nagyb\u00e1nhegyesi Polg\u00e1r\u0151r Egyes\u00fclet &nbsp;F\u00fcl\u00f6p L\u00e1szl\u00f3 &nbsp;06-30\/667-97-92 Nagyb\u00e1nhegyesi Reform\u00e1tus Templom\u00e9rt Alap\u00edtv\u00e1ny &nbsp;F\u00fcl\u00f6p L\u00e1szl\u00f3n\u00e9 &nbsp;fibi@invitel.hu Nagyb\u00e1nhegyesi Szlov\u00e1k Hagyom\u00e1ny\u0151rz\u0151 K\u00f6zhaszn\u00fa Egyes\u00fclet Az Egyes\u00fcletr\u0151l &nbsp;Pep\u00f3 J\u00e1nosn\u00e9 &nbsp;nbhszlovakok@gmail.com &nbsp;06-20\/938-29-23 Nagyb\u00e1nhegyesi Mozg\u00e1skorl\u00e1tozottak Egyes\u00fclete &nbsp;Korm\u00e1nyos J\u00f3zsefn\u00e9 &nbsp;06-30\/440-9852 Nagyb\u00e1nhegyesi R\u00e1k\u00f3czi Sportegyes\u00fclet &nbsp;Demk\u00f3 Gergely &nbsp;gergely.demko@gmail.com &nbsp;06-20\/212-03-43 Gazdak\u00f6r &nbsp;Csizmadia Gergely<\/p>\n","protected":false},"author":1,"featured_media":0,"parent":0,"menu_order":7,"comment_status":"closed","ping_status":"closed","template":"","meta":{"ngg_post_thumbnail":0,"_links_to":"","_links_to_target":""},"_links":{"self":[{"href":"http:\/\/nagybanhegyes.hu\/w\/index.php?rest_route=\/wp\/v2\/pages\/26"}],"collection":[{"href":"http:\/\/nagybanhegyes.hu\/w\/index.php?rest_route=\/wp\/v2\/pages"}],"about":[{"href":"http:\/\/nagybanhegyes.hu\/w\/index.php?rest_route=\/wp\/v2\/types\/page"}],"author":[{"embeddable":true,"href":"http:\/\/nagybanhegyes.hu\/w\/index.php?rest_route=\/wp\/v2\/users\/1"}],"replies":[{"embeddable":true,"href":"http:\/\/nagybanhegyes.hu\/w\/index.php?rest_route=%2Fwp%2Fv2%2Fcomments&post=26"}],"version-history":[{"count":12,"href":"http:\/\/nagybanhegyes.hu\/w\/index.php?rest_route=\/wp\/v2\/pages\/26\/revisions"}],"predecessor-version":[{"id":123,"href":"http:\/\/nagybanhegyes.hu\/w\/index.php?rest_route=\/wp\/v2\/pages\/26\/revisions\/123"}],"wp:attachment":[{"href":"http:\/\/nagybanhegyes.hu\/w\/index.php?rest_route=%2Fwp%2Fv2%2Fmedia&parent=26"}],"curies":[{"name":"wp","href":"https:\/\/api.w.org\/{rel}","templated":true}]}}