{"id":509,"date":"2017-10-31T09:23:05","date_gmt":"2017-10-31T07:23:05","guid":{"rendered":"http:\/\/nagybanhegyes.hu\/w\/?page_id=509"},"modified":"2019-12-04T09:26:47","modified_gmt":"2019-12-04T07:26:47","slug":"top-4-1-1-15-bs1-2016-00023","status":"publish","type":"page","link":"http:\/\/nagybanhegyes.hu\/w\/?page_id=509","title":{"rendered":"TOP-4.1.1-15-BS1-2016-00023"},"content":{"rendered":"<a href=\"http:\/\/nagybanhegyes.hu\/w\/wp-content\/uploads\/2019\/12\/Nagyb\u00e1nhegyes_OrvosiRendel\u0151_K\u00f6telez\u0151_v\u00e9gleges.pdf\" class=\"pdfemb-viewer\" style=\"\" data-width=\"max\" data-height=\"max\"  data-toolbar=\"bottom\" data-toolbar-fixed=\"off\">Nagyb\u00e1nhegyes_OrvosiRendel\u0151_K\u00f6telez\u0151_v\u00e9gleges<br\/><\/a>\n<p>&nbsp;<\/p>\n","protected":false},"excerpt":{"rendered":"<p>&nbsp;<\/p>\n","protected":false},"author":1,"featured_media":0,"parent":403,"menu_order":3,"comment_status":"closed","ping_status":"closed","template":"","meta":{"ngg_post_thumbnail":0,"_links_to":"","_links_to_target":""},"_links":{"self":[{"href":"http:\/\/nagybanhegyes.hu\/w\/index.php?rest_route=\/wp\/v2\/pages\/509"}],"collection":[{"href":"http:\/\/nagybanhegyes.hu\/w\/index.php?rest_route=\/wp\/v2\/pages"}],"about":[{"href":"http:\/\/nagybanhegyes.hu\/w\/index.php?rest_route=\/wp\/v2\/types\/page"}],"author":[{"embeddable":true,"href":"http:\/\/nagybanhegyes.hu\/w\/index.php?rest_route=\/wp\/v2\/users\/1"}],"replies":[{"embeddable":true,"href":"http:\/\/nagybanhegyes.hu\/w\/index.php?rest_route=%2Fwp%2Fv2%2Fcomments&post=509"}],"version-history":[{"count":5,"href":"http:\/\/nagybanhegyes.hu\/w\/index.php?rest_route=\/wp\/v2\/pages\/509\/revisions"}],"predecessor-version":[{"id":893,"href":"http:\/\/nagybanhegyes.hu\/w\/index.php?rest_route=\/wp\/v2\/pages\/509\/revisions\/893"}],"up":[{"embeddable":true,"href":"http:\/\/nagybanhegyes.hu\/w\/index.php?rest_route=\/wp\/v2\/pages\/403"}],"wp:attachment":[{"href":"http:\/\/nagybanhegyes.hu\/w\/index.php?rest_route=%2Fwp%2Fv2%2Fmedia&parent=509"}],"curies":[{"name":"wp","href":"https:\/\/api.w.org\/{rel}","templated":true}]}}