{"id":552,"date":"2018-02-27T14:35:30","date_gmt":"2018-02-27T12:35:30","guid":{"rendered":"http:\/\/nagybanhegyes.hu\/w\/?page_id=552"},"modified":"2018-07-04T08:55:05","modified_gmt":"2018-07-04T06:55:05","slug":"nagybanhegyes-orvosi-rendelojenek-infrastrukturalis-fejlesztese","status":"publish","type":"page","link":"http:\/\/nagybanhegyes.hu\/w\/?page_id=552","title":{"rendered":"Nagyb\u00e1nhegyes Orvosi Rendel\u0151j\u00e9nek Infrastruktur\u00e1lis Fejleszt\u00e9se"},"content":{"rendered":"<p><a href=\"http:\/\/nagybanhegyes.hu\/w\/wp-content\/uploads\/2018\/02\/A3_Nagyb\u00e1nhegyes-orvosi-rendel\u0151-\u00e1llapot-Bmetszet.pdf\">A3_Nagyb\u00e1nhegyes orvosi rendel\u0151 \u00e1llapot Bmetszet<\/a><\/p>\n<p><a href=\"http:\/\/nagybanhegyes.hu\/w\/wp-content\/uploads\/2018\/02\/A3_Nagyb\u00e1nhegyes-orvosi-rendel\u0151-\u00e1llapot-Dny-homlokzat.pdf\">A3_Nagyb\u00e1nhegyes orvosi rendel\u0151 \u00e1llapot Dny homlokzat<\/a><\/p>\n<p><a href=\"http:\/\/nagybanhegyes.hu\/w\/wp-content\/uploads\/2018\/02\/A3_Nagyb\u00e1nhegyes-orvosi-rendel\u0151-\u00e1llapot-\u00c9k-homlokzat.pdf\">A3_Nagyb\u00e1nhegyes orvosi rendel\u0151 \u00e1llapot \u00c9k homlokzat<\/a><\/p>\n<p><a href=\"http:\/\/nagybanhegyes.hu\/w\/wp-content\/uploads\/2018\/02\/A3_Nagyb\u00e1nhegyes-orvosi-rendel\u0151-\u00e1llapot-emelet-alaprajz.pdf\">A3_Nagyb\u00e1nhegyes orvosi rendel\u0151 \u00e1llapot emelet alaprajz<\/a><\/p>\n<p><a href=\"http:\/\/nagybanhegyes.hu\/w\/wp-content\/uploads\/2018\/02\/A3_Nagyb\u00e1nhegyes-orvosi-rendel\u0151-\u00e1llapot-\u00c9ny-Dk-homlokzat.pdf\">A3_Nagyb\u00e1nhegyes orvosi rendel\u0151 \u00e1llapot \u00c9ny Dk homlokzat<\/a><\/p>\n<p><a href=\"http:\/\/nagybanhegyes.hu\/w\/wp-content\/uploads\/2018\/02\/A3_Nagyb\u00e1nhegyes-orvosi-rendel\u0151-\u00e1llapot-fszt-alaprajz.pdf\">A3_Nagyb\u00e1nhegyes orvosi rendel\u0151 \u00e1llapot fszt alaprajz<\/a><\/p>\n<p><a href=\"http:\/\/nagybanhegyes.hu\/w\/wp-content\/uploads\/2018\/02\/A3_Nagyb\u00e1nhegyes-orvosi-rendel\u0151-tervezett-Ametszet.pdf\">A3_Nagyb\u00e1nhegyes orvosi rendel\u0151 tervezett Ametszet<\/a><\/p>\n<p><a href=\"http:\/\/nagybanhegyes.hu\/w\/wp-content\/uploads\/2018\/02\/A3_Nagyb\u00e1nhegyes-orvosi-rendel\u0151-tervezett-Bmetszet.pdf\">A3_Nagyb\u00e1nhegyes orvosi rendel\u0151 tervezett Bmetszet<\/a><\/p>\n<p><a href=\"http:\/\/nagybanhegyes.hu\/w\/wp-content\/uploads\/2018\/02\/A3_Nagyb\u00e1nhegyes-orvosi-rendel\u0151-tervezett-Dny-homlokzat.pdf\">A3_Nagyb\u00e1nhegyes orvosi rendel\u0151 tervezett Dny homlokzat<\/a><\/p>\n<p><a href=\"http:\/\/nagybanhegyes.hu\/w\/wp-content\/uploads\/2018\/02\/A3_Nagyb\u00e1nhegyes-orvosi-rendel\u0151-tervezett-\u00c9k-homlokzat.pdf\">A3_Nagyb\u00e1nhegyes orvosi rendel\u0151 tervezett \u00c9k homlokzat<\/a><\/p>\n<p><a href=\"http:\/\/nagybanhegyes.hu\/w\/wp-content\/uploads\/2018\/02\/A3_Nagyb\u00e1nhegyes-orvosi-rendel\u0151-tervezett-emelet-alaprajz.pdf\">A3_Nagyb\u00e1nhegyes orvosi rendel\u0151 tervezett emelet alaprajz<\/a><\/p>\n<p><a href=\"http:\/\/nagybanhegyes.hu\/w\/wp-content\/uploads\/2018\/02\/A3_Nagyb\u00e1nhegyes-orvosi-rendel\u0151-tervezett-\u00c9ny-Dk-homlokzat.pdf\">A3_Nagyb\u00e1nhegyes orvosi rendel\u0151 tervezett \u00c9ny Dk homlokzat<\/a><\/p>\n<p><a href=\"http:\/\/nagybanhegyes.hu\/w\/wp-content\/uploads\/2018\/02\/A3_Nagyb\u00e1nhegyes-orvosi-rendel\u0151-tervezett-fszt-alaprajz.pdf\">A3_Nagyb\u00e1nhegyes orvosi rendel\u0151 tervezett fszt alaprajz<\/a><\/p>\n<p><a href=\"http:\/\/nagybanhegyes.hu\/w\/wp-content\/uploads\/2018\/02\/A4_Nagyb\u00e1nhegyes-orvosi-rendel\u0151-\u00e1llapot-Ametszet.pdf\">A4_Nagyb\u00e1nhegyes orvosi rendel\u0151 \u00e1llapot Ametszet<\/a><\/p>\n<p><a href=\"http:\/\/nagybanhegyes.hu\/w\/wp-content\/uploads\/2018\/02\/A4_Nagyb\u00e1nhegyes-orvosi-rendel\u0151-helysz\u00ednrajz.pdf\">A4_Nagyb\u00e1nhegyes orvosi rendel\u0151 helysz\u00ednrajz<\/a><\/p>\n<p><a href=\"http:\/\/nagybanhegyes.hu\/w\/wp-content\/uploads\/2018\/02\/Aj\u00e1nlatt\u00e9teli_Dokument\u00e1ci\u00f3_Nagyb\u00e1nhegyes_Rendel\u0151_al\u00e1\u00edrt.pdf\">Aj\u00e1nlatt\u00e9teli_Dokument\u00e1ci\u00f3_Nagyb\u00e1nhegyes_Rendel\u0151_al\u00e1\u00edrt<\/a><\/p>\n<p><a href=\"http:\/\/nagybanhegyes.hu\/w\/wp-content\/uploads\/2018\/02\/Aj\u00e1nlatt\u00e9teli_felh\u00edv\u00e1s_02_27_al\u00e1\u00edrt.pdf\">Aj\u00e1nlatt\u00e9teli_felh\u00edv\u00e1s_02_27_al\u00e1\u00edrt<\/a><\/p>\n<p><a href=\"http:\/\/nagybanhegyes.hu\/w\/wp-content\/uploads\/2018\/02\/\u00e1tv\u00e9teli_igazol\u00e1s.docx\">\u00e1tv\u00e9teli_igazol\u00e1s<\/a><\/p>\n<p><a href=\"http:\/\/nagybanhegyes.hu\/w\/wp-content\/uploads\/2018\/02\/iratmint\u00e1k.doc\">iratmint\u00e1k<\/a><\/p>\n<p><a href=\"http:\/\/nagybanhegyes.hu\/w\/wp-content\/uploads\/2018\/02\/nagybanhegyes_orvosi_rendelo_akadalymentesitesi_leirasa.pdf\">nagybanhegyes_orvosi_rendelo_akadalymentesitesi_leirasa<\/a><\/p>\n<p><a href=\"http:\/\/nagybanhegyes.hu\/w\/wp-content\/uploads\/2018\/02\/nagybanhegyes_orvosi_rendelo_muszaki_dokumentacio_leiras.pdf\">nagybanhegyes_orvosi_rendelo_muszaki_dokumentacio_leiras<\/a><\/p>\n<p><a href=\"http:\/\/nagybanhegyes.hu\/w\/wp-content\/uploads\/2018\/02\/nagybanhegyes_orvosi_rendelo_tartoszerkezeti_leiras_es_szakvelemeny.pdf\">nagybanhegyes_orvosi_rendelo_tartoszerkezeti_leiras_es_szakvelemeny<\/a><\/p>\n<p><a href=\"http:\/\/nagybanhegyes.hu\/w\/wp-content\/uploads\/2018\/02\/nagybanhegyes_orvosi_rendelo_tuzvedelmi_leirasa.pdf\">nagybanhegyes_orvosi_rendelo_tuzvedelmi_leirasa<\/a><\/p>\n<p><a href=\"http:\/\/nagybanhegyes.hu\/w\/wp-content\/uploads\/2018\/02\/TOP-Nagyb\u00e1nhegyes-orvosi-rendel\u0151-szak\u00e1gi-mennyis\u00e9gsz\u00e1m\u00edt\u00e1s.xlsx\">TOP Nagyb\u00e1nhegyes orvosi rendel\u0151 szak\u00e1gi mennyis\u00e9gsz\u00e1m\u00edt\u00e1s<\/a><\/p>\n<p><a href=\"http:\/\/nagybanhegyes.hu\/w\/wp-content\/uploads\/2018\/02\/TOP-Nagyb\u00e1nhegyes-orvosi-rendel\u0151-tervez\u0151i-\u00c1razatlan.xls\">TOP Nagyb\u00e1nhegyes orvosi rendel\u0151 tervez\u0151i \u00c1razatlan<\/a><\/p>\n<p><a href=\"http:\/\/nagybanhegyes.hu\/w\/wp-content\/uploads\/2018\/02\/V\u00e1llalkoz\u00e1si-szerz\u0151d\u00e9s-\u00e9p\u00edt\u00e9s_al\u00e1\u00edrt.pdf\">V\u00e1llalkoz\u00e1si szerz\u0151d\u00e9s \u00e9p\u00edt\u00e9s_al\u00e1\u00edrt<\/a><\/p>\n<p><a href=\"http:\/\/nagybanhegyes.hu\/w\/wp-content\/uploads\/2018\/02\/Orvosi_rendelo_Ajanlattetelre_felkert_gazdasagi_szereplok_alairt.pdf\">Aj\u00e1nlatt\u00e9telre felk\u00e9rt gazdas\u00e1gi szerepl\u0151k &#8211; al\u00e1\u00edrt<\/a><\/p>\n<p><a href=\"http:\/\/nagybanhegyes.hu\/w\/wp-content\/uploads\/2018\/02\/Orvosi_rendelo_Bontasi_jegyzokonyv_alairt.pdf\">Bont\u00e1si jegyz\u0151k\u00f6nyv &#8211; al\u00e1\u00edrt<\/a><\/p>\n<p>&nbsp;<\/p>\n","protected":false},"excerpt":{"rendered":"<p>A3_Nagyb\u00e1nhegyes orvosi rendel\u0151 \u00e1llapot Bmetszet A3_Nagyb\u00e1nhegyes orvosi rendel\u0151 \u00e1llapot Dny homlokzat A3_Nagyb\u00e1nhegyes orvosi rendel\u0151 \u00e1llapot \u00c9k homlokzat A3_Nagyb\u00e1nhegyes orvosi rendel\u0151 \u00e1llapot emelet alaprajz A3_Nagyb\u00e1nhegyes orvosi rendel\u0151 \u00e1llapot \u00c9ny Dk homlokzat A3_Nagyb\u00e1nhegyes orvosi rendel\u0151 \u00e1llapot fszt alaprajz A3_Nagyb\u00e1nhegyes orvosi rendel\u0151 tervezett Ametszet A3_Nagyb\u00e1nhegyes orvosi rendel\u0151 tervezett Bmetszet A3_Nagyb\u00e1nhegyes orvosi rendel\u0151 tervezett Dny homlokzat A3_Nagyb\u00e1nhegyes orvosi rendel\u0151 [&hellip;]<\/p>\n","protected":false},"author":1,"featured_media":0,"parent":548,"menu_order":0,"comment_status":"closed","ping_status":"closed","template":"","meta":{"ngg_post_thumbnail":0,"_links_to":"","_links_to_target":""},"_links":{"self":[{"href":"http:\/\/nagybanhegyes.hu\/w\/index.php?rest_route=\/wp\/v2\/pages\/552"}],"collection":[{"href":"http:\/\/nagybanhegyes.hu\/w\/index.php?rest_route=\/wp\/v2\/pages"}],"about":[{"href":"http:\/\/nagybanhegyes.hu\/w\/index.php?rest_route=\/wp\/v2\/types\/page"}],"author":[{"embeddable":true,"href":"http:\/\/nagybanhegyes.hu\/w\/index.php?rest_route=\/wp\/v2\/users\/1"}],"replies":[{"embeddable":true,"href":"http:\/\/nagybanhegyes.hu\/w\/index.php?rest_route=%2Fwp%2Fv2%2Fcomments&post=552"}],"version-history":[{"count":3,"href":"http:\/\/nagybanhegyes.hu\/w\/index.php?rest_route=\/wp\/v2\/pages\/552\/revisions"}],"predecessor-version":[{"id":659,"href":"http:\/\/nagybanhegyes.hu\/w\/index.php?rest_route=\/wp\/v2\/pages\/552\/revisions\/659"}],"up":[{"embeddable":true,"href":"http:\/\/nagybanhegyes.hu\/w\/index.php?rest_route=\/wp\/v2\/pages\/548"}],"wp:attachment":[{"href":"http:\/\/nagybanhegyes.hu\/w\/index.php?rest_route=%2Fwp%2Fv2%2Fmedia&parent=552"}],"curies":[{"name":"wp","href":"https:\/\/api.w.org\/{rel}","templated":true}]}}