{"id":636,"date":"2018-05-09T17:41:42","date_gmt":"2018-05-09T15:41:42","guid":{"rendered":"http:\/\/nagybanhegyes.hu\/w\/?page_id=636"},"modified":"2018-05-09T17:41:42","modified_gmt":"2018-05-09T15:41:42","slug":"tak-es-a-tkr-egyeztetese","status":"publish","type":"page","link":"http:\/\/nagybanhegyes.hu\/w\/?page_id=636","title":{"rendered":"TAK \u00e9s a TKR egyeztet\u00e9se"},"content":{"rendered":"<p><a href=\"http:\/\/nagybanhegyes.hu\/w\/wp-content\/uploads\/2018\/05\/Nagyb\u00e1nhegyes-TAK-1.31norm-2018.05.07..pdf\">Nagyb\u00e1nhegyes TAK 1.31norm 2018.05.07.<\/a><\/p>\n<p><a href=\"http:\/\/nagybanhegyes.hu\/w\/wp-content\/uploads\/2018\/05\/Nagyb\u00e1nhegyes-telep\u00fcl\u00e9sk\u00e9pi-rend-2018-05-07.1..pdf\">Nagyb\u00e1nhegyes telep\u00fcl\u00e9sk\u00e9pi rend-2018-05-07.1.<\/a><\/p>\n<p><a href=\"http:\/\/nagybanhegyes.hu\/w\/wp-content\/uploads\/2018\/05\/Nagyb\u00e1nhegyes-1-5-mell\u00e9klet_2018-04-24.pdf\">Nagyb\u00e1nhegyes 1-5 mell\u00e9klet_2018-04-24<\/a><\/p>\n","protected":false},"excerpt":{"rendered":"<p>Nagyb\u00e1nhegyes TAK 1.31norm 2018.05.07. Nagyb\u00e1nhegyes telep\u00fcl\u00e9sk\u00e9pi rend-2018-05-07.1. Nagyb\u00e1nhegyes 1-5 mell\u00e9klet_2018-04-24<\/p>\n","protected":false},"author":1,"featured_media":0,"parent":0,"menu_order":0,"comment_status":"closed","ping_status":"closed","template":"","meta":{"ngg_post_thumbnail":0,"_links_to":"","_links_to_target":""},"_links":{"self":[{"href":"http:\/\/nagybanhegyes.hu\/w\/index.php?rest_route=\/wp\/v2\/pages\/636"}],"collection":[{"href":"http:\/\/nagybanhegyes.hu\/w\/index.php?rest_route=\/wp\/v2\/pages"}],"about":[{"href":"http:\/\/nagybanhegyes.hu\/w\/index.php?rest_route=\/wp\/v2\/types\/page"}],"author":[{"embeddable":true,"href":"http:\/\/nagybanhegyes.hu\/w\/index.php?rest_route=\/wp\/v2\/users\/1"}],"replies":[{"embeddable":true,"href":"http:\/\/nagybanhegyes.hu\/w\/index.php?rest_route=%2Fwp%2Fv2%2Fcomments&post=636"}],"version-history":[{"count":1,"href":"http:\/\/nagybanhegyes.hu\/w\/index.php?rest_route=\/wp\/v2\/pages\/636\/revisions"}],"predecessor-version":[{"id":640,"href":"http:\/\/nagybanhegyes.hu\/w\/index.php?rest_route=\/wp\/v2\/pages\/636\/revisions\/640"}],"wp:attachment":[{"href":"http:\/\/nagybanhegyes.hu\/w\/index.php?rest_route=%2Fwp%2Fv2%2Fmedia&parent=636"}],"curies":[{"name":"wp","href":"https:\/\/api.w.org\/{rel}","templated":true}]}}