{"id":798,"date":"2019-10-14T11:51:24","date_gmt":"2019-10-14T09:51:24","guid":{"rendered":"http:\/\/nagybanhegyes.hu\/w\/?page_id=798"},"modified":"2021-09-29T08:05:25","modified_gmt":"2021-09-29T06:05:25","slug":"polgarmester-valasztas-eredmenyei","status":"publish","type":"page","link":"http:\/\/nagybanhegyes.hu\/w\/?page_id=798","title":{"rendered":"Polg\u00e1rmester v\u00e1laszt\u00e1s eredm\u00e9nyei"},"content":{"rendered":"<a href=\"http:\/\/nagybanhegyes.hu\/w\/wp-content\/uploads\/2019\/10\/nbh-polgi-001.pdf\" class=\"pdfemb-viewer\" style=\"\" data-width=\"max\" data-height=\"max\"  data-toolbar=\"bottom\" data-toolbar-fixed=\"off\">nbh polgi 001<br\/><\/a>\n<a href=\"http:\/\/nagybanhegyes.hu\/w\/wp-content\/uploads\/2019\/10\/nbh-polgi-002.pdf\" class=\"pdfemb-viewer\" style=\"\" data-width=\"max\" data-height=\"max\"  data-toolbar=\"bottom\" data-toolbar-fixed=\"off\">nbh polgi 002<br\/><\/a>\n<a href=\"http:\/\/nagybanhegyes.hu\/w\/wp-content\/uploads\/2019\/10\/nbh-polgi-003.pdf\" class=\"pdfemb-viewer\" style=\"\" data-width=\"max\" data-height=\"max\"  data-toolbar=\"bottom\" data-toolbar-fixed=\"off\">nbh polgi 003<br\/><\/a>\n<a href=\"http:\/\/nagybanhegyes.hu\/w\/wp-content\/uploads\/2019\/10\/nbh-polgi-004.pdf\" class=\"pdfemb-viewer\" style=\"\" data-width=\"max\" data-height=\"max\"  data-toolbar=\"bottom\" data-toolbar-fixed=\"off\">nbh polgi 004<br\/><\/a>\n","protected":false},"excerpt":{"rendered":"","protected":false},"author":1,"featured_media":0,"parent":0,"menu_order":0,"comment_status":"closed","ping_status":"closed","template":"","meta":{"ngg_post_thumbnail":0,"_links_to":"","_links_to_target":""},"_links":{"self":[{"href":"http:\/\/nagybanhegyes.hu\/w\/index.php?rest_route=\/wp\/v2\/pages\/798"}],"collection":[{"href":"http:\/\/nagybanhegyes.hu\/w\/index.php?rest_route=\/wp\/v2\/pages"}],"about":[{"href":"http:\/\/nagybanhegyes.hu\/w\/index.php?rest_route=\/wp\/v2\/types\/page"}],"author":[{"embeddable":true,"href":"http:\/\/nagybanhegyes.hu\/w\/index.php?rest_route=\/wp\/v2\/users\/1"}],"replies":[{"embeddable":true,"href":"http:\/\/nagybanhegyes.hu\/w\/index.php?rest_route=%2Fwp%2Fv2%2Fcomments&post=798"}],"version-history":[{"count":2,"href":"http:\/\/nagybanhegyes.hu\/w\/index.php?rest_route=\/wp\/v2\/pages\/798\/revisions"}],"predecessor-version":[{"id":824,"href":"http:\/\/nagybanhegyes.hu\/w\/index.php?rest_route=\/wp\/v2\/pages\/798\/revisions\/824"}],"wp:attachment":[{"href":"http:\/\/nagybanhegyes.hu\/w\/index.php?rest_route=%2Fwp%2Fv2%2Fmedia&parent=798"}],"curies":[{"name":"wp","href":"https:\/\/api.w.org\/{rel}","templated":true}]}}