{"id":80,"date":"2017-05-04T07:58:06","date_gmt":"2017-05-04T07:58:06","guid":{"rendered":"http:\/\/nagybanhegyes.hu\/w\/?page_id=80"},"modified":"2017-05-06T04:28:54","modified_gmt":"2017-05-06T04:28:54","slug":"paprikafesztival","status":"publish","type":"page","link":"http:\/\/nagybanhegyes.hu\/w\/?page_id=80","title":{"rendered":"Paprikafesztiv\u00e1l"},"content":{"rendered":"<div>\n<div class=\"smalltext2\" style=\"text-align: center;\">Nagyb\u00e1nhegyesi Paprikafesztiv\u00e1l<\/div>\n<\/div>\n<div>\n<div class=\"smalltext\">\n<div class=\"cpage_body\">\n<div style=\"text-align: center;\">Telep\u00fcl\u00e9s\u00fcnk\u00f6n rendszeresen megrendez\u00e9sre ker\u00fcl\u0151 paparikafesztiv\u00e1l. K\u00e9pek a gal\u00e9ri\u00e1ban, r\u00e9szletes program a h\u00edrekben.<\/div>\n<\/div>\n<\/div>\n<\/div>\n","protected":false},"excerpt":{"rendered":"<p>Nagyb\u00e1nhegyesi Paprikafesztiv\u00e1l Telep\u00fcl\u00e9s\u00fcnk\u00f6n rendszeresen megrendez\u00e9sre ker\u00fcl\u0151 paparikafesztiv\u00e1l. K\u00e9pek a gal\u00e9ri\u00e1ban, r\u00e9szletes program a h\u00edrekben.<\/p>\n","protected":false},"author":1,"featured_media":0,"parent":56,"menu_order":0,"comment_status":"closed","ping_status":"closed","template":"","meta":{"ngg_post_thumbnail":0,"_links_to":"","_links_to_target":""},"_links":{"self":[{"href":"http:\/\/nagybanhegyes.hu\/w\/index.php?rest_route=\/wp\/v2\/pages\/80"}],"collection":[{"href":"http:\/\/nagybanhegyes.hu\/w\/index.php?rest_route=\/wp\/v2\/pages"}],"about":[{"href":"http:\/\/nagybanhegyes.hu\/w\/index.php?rest_route=\/wp\/v2\/types\/page"}],"author":[{"embeddable":true,"href":"http:\/\/nagybanhegyes.hu\/w\/index.php?rest_route=\/wp\/v2\/users\/1"}],"replies":[{"embeddable":true,"href":"http:\/\/nagybanhegyes.hu\/w\/index.php?rest_route=%2Fwp%2Fv2%2Fcomments&post=80"}],"version-history":[{"count":2,"href":"http:\/\/nagybanhegyes.hu\/w\/index.php?rest_route=\/wp\/v2\/pages\/80\/revisions"}],"predecessor-version":[{"id":142,"href":"http:\/\/nagybanhegyes.hu\/w\/index.php?rest_route=\/wp\/v2\/pages\/80\/revisions\/142"}],"up":[{"embeddable":true,"href":"http:\/\/nagybanhegyes.hu\/w\/index.php?rest_route=\/wp\/v2\/pages\/56"}],"wp:attachment":[{"href":"http:\/\/nagybanhegyes.hu\/w\/index.php?rest_route=%2Fwp%2Fv2%2Fmedia&parent=80"}],"curies":[{"name":"wp","href":"https:\/\/api.w.org\/{rel}","templated":true}]}}