{"id":802,"date":"2019-10-14T11:52:18","date_gmt":"2019-10-14T09:52:18","guid":{"rendered":"http:\/\/nagybanhegyes.hu\/w\/?page_id=802"},"modified":"2020-03-06T12:55:47","modified_gmt":"2020-03-06T10:55:47","slug":"szlovak-nemzetisegi-onkormanyzat-valasztas-eredmenyei","status":"publish","type":"page","link":"http:\/\/nagybanhegyes.hu\/w\/?page_id=802","title":{"rendered":"Szlov\u00e1k nemzetis\u00e9gi \u00f6nkorm\u00e1nyzat v\u00e1laszt\u00e1s eredm\u00e9nyei"},"content":{"rendered":"<a href=\"http:\/\/nagybanhegyes.hu\/w\/wp-content\/uploads\/2019\/10\/nbh-szn\u00f6-001.pdf\" class=\"pdfemb-viewer\" style=\"\" data-width=\"max\" data-height=\"max\"  data-toolbar=\"bottom\" data-toolbar-fixed=\"off\">nbh szn\u00f6 001<br\/><\/a>\n<a href=\"http:\/\/nagybanhegyes.hu\/w\/wp-content\/uploads\/2019\/10\/nbh-szn\u00f6-002.pdf\" class=\"pdfemb-viewer\" style=\"\" data-width=\"max\" data-height=\"max\"  data-toolbar=\"bottom\" data-toolbar-fixed=\"off\">nbh szn\u00f6 002<br\/><\/a>\n<a href=\"http:\/\/nagybanhegyes.hu\/w\/wp-content\/uploads\/2019\/10\/nbh-szn\u00f6-003.pdf\" class=\"pdfemb-viewer\" style=\"\" data-width=\"max\" data-height=\"max\"  data-toolbar=\"bottom\" data-toolbar-fixed=\"off\">nbh szn\u00f6 003<br\/><\/a>\n<a href=\"http:\/\/nagybanhegyes.hu\/w\/wp-content\/uploads\/2019\/10\/nbh-szn\u00f6-004.pdf\" class=\"pdfemb-viewer\" style=\"\" data-width=\"max\" data-height=\"max\"  data-toolbar=\"bottom\" data-toolbar-fixed=\"off\">nbh szn\u00f6 004<br\/><\/a>\n","protected":false},"excerpt":{"rendered":"","protected":false},"author":1,"featured_media":0,"parent":0,"menu_order":0,"comment_status":"closed","ping_status":"closed","template":"","meta":{"ngg_post_thumbnail":0,"_links_to":"","_links_to_target":""},"_links":{"self":[{"href":"http:\/\/nagybanhegyes.hu\/w\/index.php?rest_route=\/wp\/v2\/pages\/802"}],"collection":[{"href":"http:\/\/nagybanhegyes.hu\/w\/index.php?rest_route=\/wp\/v2\/pages"}],"about":[{"href":"http:\/\/nagybanhegyes.hu\/w\/index.php?rest_route=\/wp\/v2\/types\/page"}],"author":[{"embeddable":true,"href":"http:\/\/nagybanhegyes.hu\/w\/index.php?rest_route=\/wp\/v2\/users\/1"}],"replies":[{"embeddable":true,"href":"http:\/\/nagybanhegyes.hu\/w\/index.php?rest_route=%2Fwp%2Fv2%2Fcomments&post=802"}],"version-history":[{"count":5,"href":"http:\/\/nagybanhegyes.hu\/w\/index.php?rest_route=\/wp\/v2\/pages\/802\/revisions"}],"predecessor-version":[{"id":920,"href":"http:\/\/nagybanhegyes.hu\/w\/index.php?rest_route=\/wp\/v2\/pages\/802\/revisions\/920"}],"wp:attachment":[{"href":"http:\/\/nagybanhegyes.hu\/w\/index.php?rest_route=%2Fwp%2Fv2%2Fmedia&parent=802"}],"curies":[{"name":"wp","href":"https:\/\/api.w.org\/{rel}","templated":true}]}}