{"id":912,"date":"2020-02-10T09:16:00","date_gmt":"2020-02-10T07:16:00","guid":{"rendered":"http:\/\/nagybanhegyes.hu\/w\/?page_id=912"},"modified":"2020-11-18T09:26:36","modified_gmt":"2020-11-18T07:26:36","slug":"nagybanhegyesi-szlovak-nemzetisegi-onkormanyzat","status":"publish","type":"page","link":"http:\/\/nagybanhegyes.hu\/w\/?page_id=912","title":{"rendered":"Nagyb\u00e1nhegyesi Szlov\u00e1k Nemzetis\u00e9gi \u00d6nkorm\u00e1nyzat"},"content":{"rendered":"<h2>Test\u00fcleti \u00dcl\u00e9sek 2020<\/h2>\n<p>2020.10.16.<\/p>\n<ul>\n<li><a href=\"http:\/\/nagybanhegyes.hu\/w\/wp-content\/uploads\/2020\/11\/2020.10.14.-SZN\u00d6-Jkvk\u00f6zmeghallgat\u00e1s.pdf\" target=\"_blank\" rel=\"noopener noreferrer\">Jegyz\u0151k\u00f6nyv<\/a><\/li>\n<li><a href=\"http:\/\/nagybanhegyes.hu\/w\/wp-content\/uploads\/2020\/11\/1-4-2020-SZN\u00d6-eln\u00f6ki-hat\u00e1rozat.pdf\" target=\"_blank\" rel=\"noopener noreferrer\">Mell\u00e9klet<\/a><\/li>\n<\/ul>\n<p>2020.10.14.<\/p>\n<ul>\n<li><a href=\"http:\/\/nagybanhegyes.hu\/w\/wp-content\/uploads\/2020\/10\/Scan_20201008122047.pdf\" target=\"_blank\" rel=\"noopener noreferrer\">Jegyz\u0151k\u00f6nyv<\/a><\/li>\n<\/ul>\n<p>2020.08.18.<\/p>\n<ul>\n<li><a href=\"http:\/\/nagybanhegyes.hu\/w\/wp-content\/uploads\/2020\/09\/SZN\u00d6-2020.08.18.-jkv.pdf\" target=\"_blank\" rel=\"noopener noreferrer\">Jegyz\u0151k\u00f6nyv<\/a><\/li>\n<\/ul>\n<p>2020.06.29.<\/p>\n<ul>\n<li><a href=\"http:\/\/nagybanhegyes.hu\/w\/wp-content\/uploads\/2020\/09\/SZN\u00d6-JKV-06.29.pdf\" target=\"_blank\" rel=\"noopener noreferrer\">Jegyz\u0151k\u00f6nyv<\/a><\/li>\n<li><a href=\"http:\/\/nagybanhegyes.hu\/w\/wp-content\/uploads\/2020\/09\/szn\u00f6-mell\u00e9klet-06.29.pdf\" target=\"_blank\" rel=\"noopener noreferrer\">Mell\u00e9klet<\/a><\/li>\n<\/ul>\n<p>2020.06.26.<\/p>\n<ul>\n<li><a href=\"http:\/\/nagybanhegyes.hu\/w\/wp-content\/uploads\/2020\/09\/SZN\u00d6-JKV-06.26.pdf\" target=\"_blank\" rel=\"noopener noreferrer\">Jegyz\u0151k\u00f6nyv<\/a><\/li>\n<li><a href=\"http:\/\/nagybanhegyes.hu\/w\/wp-content\/uploads\/2020\/09\/szn\u00f6-mell\u00e9klet-06.26.pdf\" target=\"_blank\" rel=\"noopener noreferrer\">Mell\u00e9klet<\/a><\/li>\n<\/ul>\n<p>2020.02.07.<\/p>\n<ul>\n<li><a href=\"http:\/\/nagybanhegyes.hu\/w\/wp-content\/uploads\/2020\/03\/NBHSZN\u00d6-2020.02.07.-Jkv.pdf\" target=\"_blank\" rel=\"noopener noreferrer\">Jegyz\u0151k\u00f6nyv<\/a><\/li>\n<\/ul>\n<p>&nbsp;<\/p>\n","protected":false},"excerpt":{"rendered":"<p>Test\u00fcleti \u00dcl\u00e9sek 2020 2020.10.16. Jegyz\u0151k\u00f6nyv Mell\u00e9klet 2020.10.14. Jegyz\u0151k\u00f6nyv 2020.08.18. Jegyz\u0151k\u00f6nyv 2020.06.29. Jegyz\u0151k\u00f6nyv Mell\u00e9klet 2020.06.26. Jegyz\u0151k\u00f6nyv Mell\u00e9klet 2020.02.07. Jegyz\u0151k\u00f6nyv &nbsp;<\/p>\n","protected":false},"author":1,"featured_media":0,"parent":0,"menu_order":0,"comment_status":"closed","ping_status":"closed","template":"","meta":{"ngg_post_thumbnail":0,"_links_to":"","_links_to_target":""},"_links":{"self":[{"href":"http:\/\/nagybanhegyes.hu\/w\/index.php?rest_route=\/wp\/v2\/pages\/912"}],"collection":[{"href":"http:\/\/nagybanhegyes.hu\/w\/index.php?rest_route=\/wp\/v2\/pages"}],"about":[{"href":"http:\/\/nagybanhegyes.hu\/w\/index.php?rest_route=\/wp\/v2\/types\/page"}],"author":[{"embeddable":true,"href":"http:\/\/nagybanhegyes.hu\/w\/index.php?rest_route=\/wp\/v2\/users\/1"}],"replies":[{"embeddable":true,"href":"http:\/\/nagybanhegyes.hu\/w\/index.php?rest_route=%2Fwp%2Fv2%2Fcomments&post=912"}],"version-history":[{"count":7,"href":"http:\/\/nagybanhegyes.hu\/w\/index.php?rest_route=\/wp\/v2\/pages\/912\/revisions"}],"predecessor-version":[{"id":1040,"href":"http:\/\/nagybanhegyes.hu\/w\/index.php?rest_route=\/wp\/v2\/pages\/912\/revisions\/1040"}],"wp:attachment":[{"href":"http:\/\/nagybanhegyes.hu\/w\/index.php?rest_route=%2Fwp%2Fv2%2Fmedia&parent=912"}],"curies":[{"name":"wp","href":"https:\/\/api.w.org\/{rel}","templated":true}]}}