{"id":157,"date":"2017-05-06T04:36:59","date_gmt":"2017-05-06T04:36:59","guid":{"rendered":"http:\/\/nagybanhegyes.hu\/w\/?page_id=157"},"modified":"2026-01-09T10:56:30","modified_gmt":"2026-01-09T08:56:30","slug":"rendeletek","status":"publish","type":"page","link":"https:\/\/nagybanhegyes.hu\/w\/?page_id=157","title":{"rendered":"Rendeletek"},"content":{"rendered":"<p>&nbsp;<\/p>\n<table style=\"height: 2146px;\" border=\"0\" width=\"531\">\n<tbody>\n<tr align=\"left\" valign=\"top\">\n<td>7\/2019. (V. 31.) temet\u0151kr\u0151l sz\u00f3l\u00f3 rendelete &nbsp;<\/td>\n<td>\n<ul>\n<li><a href=\"http:\/\/nagybanhegyes.hu\/w\/wp-content\/uploads\/2022\/10\/7_2019.-V.-31.-temetokrol-szolo-rendelet.pdf\" target=\"_blank\" rel=\"noopener\">Dokumentum<\/a><\/li>\n<\/ul>\n<\/td>\n<\/tr>\n<tr align=\"left\" valign=\"top\">\n<td>a helyi ad\u00f3kr\u00f3l sz\u00f3l\u00f3 7\/2015. (XI.25.) \u00d6r. rendelete &nbsp;<\/td>\n<td>\n<ul>\n<li><a href=\"http:\/\/www.nagybanhegyes.hu\/pdf\/rendeletek\/rendeletek2017\/7_2015_a_helyi_adokrol_szolo\/helyi_ado.pdf\" target=\"_blank\" rel=\"noopener\">Dokumentum<\/a><\/li>\n<\/ul>\n<\/td>\n<\/tr>\n<tr align=\"left\" valign=\"top\">\n<td>14\/2017. (X.13.) \u00f6nkorm\u00e1nyzati rendelete a helyi n\u00e9pszavaz\u00e1shoz sz\u00fcks\u00e9ges v\u00e1laszt\u00f3polg\u00e1rok sz\u00e1m\u00e1r\u00f3l &nbsp;<\/td>\n<td>\n<ul>\n<li><a href=\"http:\/\/www.nagybanhegyes.hu\/pdf\/rendeletek\/rendeletek2017\/14_2017_nepszavazas\/14_2017_helyi_nepszavazas_rendelet-tervezet.pdf\" target=\"_blank\" rel=\"noopener\">Dokumentum<\/a><\/li>\n<\/ul>\n<\/td>\n<\/tr>\n<tr align=\"left\" valign=\"top\">\n<td>13\/2017 (IX.14.)\u00f6nkorm\u00e1nyzati rendelete a telep\u00fcl\u00e9sfejleszt\u00e9ssel, telep\u00fcl\u00e9srendez\u00e9ssel \u00e9s telep\u00fcl\u00e9sk\u00e9p-\u00e9rv\u00e9nyes\u00edt\u00e9ssel \u00f6sszef\u00fcgg\u0151 partners\u00e9gi egyeztet\u00e9s helyi szab\u00e1lyair\u00f3l &nbsp;<\/td>\n<td>\n<ul>\n<li><a href=\"http:\/\/www.nagybanhegyes.hu\/pdf\/rendeletek\/rendeletek2017\/13_2017_partnersegi_egyeztetes_szabalyairol\/13_2017(IX.14.)_a_partnersegi_egyeztetes_szabalyairol.pdf\" target=\"_blank\" rel=\"noopener\">Dokumentum<\/a><\/li>\n<\/ul>\n<\/td>\n<\/tr>\n<tr align=\"left\" valign=\"top\">\n<td>14\/2017. (X.13.) \u00f6nkorm\u00e1nyzati rendelete a helyi n\u00e9pszavaz\u00e1shoz sz\u00fcks\u00e9ges v\u00e1laszt\u00f3polg\u00e1rok sz\u00e1m\u00e1r\u00f3l &nbsp;<\/td>\n<td>\n<ul>\n<li><a href=\"http:\/\/www.nagybanhegyes.hu\/pdf\/rendeletek\/rendeletek2017\/12_2017_koltsegvetesi_rendelet_mod\/1_2017.(II.14.)2017.evi_koltsegvetes-egyseges_szerkezet.pdf\" target=\"_blank\" rel=\"noopener\">Dokumentum<\/a><\/li>\n<li><a href=\"http:\/\/www.nagybanhegyes.hu\/pdf\/rendeletek\/rendeletek2017\/12_2017_koltsegvetesi_rendelet_mod\/1_2017.evi_koltsegvetes_mod-mellekletek.pdf\" target=\"_blank\" rel=\"noopener\">Dokumentum<\/a><\/li>\n<li><a href=\"http:\/\/www.nagybanhegyes.hu\/pdf\/rendeletek\/rendeletek2017\/12_2017_koltsegvetesi_rendelet_mod\/12_2017-(VIII.15.)2017.evi_koltsegvetes_modositasa.pdf\" target=\"_blank\" rel=\"noopener\">Dokumentum<\/a><\/li>\n<\/ul>\n<\/td>\n<\/tr>\n<tr align=\"left\" valign=\"top\">\n<td>A hivatali helyis\u00e9gen k\u00edv\u00fcli \u00e9s a hivatali munkaid\u0151n t\u00fali h\u00e1zass\u00e1gk\u00f6t\u00e9sek enged\u00e9lyez\u00e9s\u00e9nek szab\u00e1lyair\u00f3l \u00e9s d\u00edjair\u00f3l sz\u00f3l\u00f3 2\/2017. (II.14.) \u00f6nkorm\u00e1nyzati rendelet m\u00f3dos\u00edt\u00e1s\u00e1r\u00f3l &nbsp;<\/td>\n<td>\n<ul>\n<li><a href=\"http:\/\/www.nagybanhegyes.hu\/pdf\/rendeletek\/rendeletek2017\/11_2017_hazassagkotes\/rendelet.pdf\">Dokumentum<\/a><\/li>\n<\/ul>\n<\/td>\n<\/tr>\n<tr align=\"left\" valign=\"top\">\n<td>10_2017 a helyi ad\u00f3kr\u00f3l sz\u00f3l\u00f3 7\/2015. (XI.25.) \u00d6r. rendelet m\u00f3dos\u00edt\u00e1s\u00e1r\u00f3l<\/td>\n<td>\n<ul>\n<li><a href=\"http:\/\/www.nagybanhegyes.hu\/pdf\/rendeletek\/rendeletek2017\/10_2017 helyi_ado_mod\/rendelet.pdf\">Dokumentum<\/a><\/li>\n<\/ul>\n<\/td>\n<\/tr>\n<tr align=\"left\" valign=\"top\">\n<td>8_2017. 2016. \u00e9vi z\u00e1rsz\u00e1mad\u00e1s<\/td>\n<td>\n<ul>\n<li><a href=\"http:\/\/www.nagybanhegyes.hu\/pdf\/rendeletek\/rendeletek2017\/8_2017_2016_evi_zarszamadas\/rendelet.pdf\">Dokumentum<\/a><\/li>\n<li><a href=\"http:\/\/www.nagybanhegyes.hu\/pdf\/rendeletek\/rendeletek2017\/8_2017_2016_evi_zarszamadas\/mellekelt.xlsx\">Mell\u00e9klet<\/a><\/li>\n<\/ul>\n<\/td>\n<\/tr>\n<tr align=\"left\" valign=\"top\">\n<td>Az \u00f6nkorm\u00e1nyzat helyi \u00e9p\u00edt\u00e9si szab\u00e1lyzat\u00e1r\u00f3l sz\u00f3l\u00f3 9\/2007. (VIII. 31.) \u00d6r. rendelet m\u00f3dos\u00edt\u00e1s\u00e1r\u00f3l<\/td>\n<td>\n<ul>\n<li><a href=\"https:\/\/or.njt.hu\/eli\/725284\/r\/2007\/9\" target=\"_blank\" rel=\"noopener\">Dokumentum<\/a><\/li>\n<\/ul>\n<\/td>\n<\/tr>\n<tr align=\"left\" valign=\"top\">\n<td>Az \u00f6nkorm\u00e1nyzat 2016. \u00e9vi k\u00f6lts\u00e9gvet\u00e9s\u00e9r\u0151l sz\u00f3l\u00f3 1\/2016. (III. 01.) \u00d6r. rendelet m\u00f3dos\u00edt\u00e1s\u00e1r\u00f3l<\/td>\n<td>\n<ul>\n<li><a href=\"http:\/\/www.nagybanhegyes.hu\/pdf\/rendeletek\/rendeletek2017\/7_2017_2016_evi_koltsegvetes\/rendelet.pdf\">Dokumentum<\/a><\/li>\n<\/ul>\n<\/td>\n<\/tr>\n<tr align=\"left\" valign=\"top\">\n<td>6_2017. k\u00f6zter\u00fclet haszn\u00e1lat<\/td>\n<td>\n<ul>\n<li><a href=\"http:\/\/www.nagybanhegyes.hu\/pdf\/rendeletek\/rendeletek2017\/6_2017_kozterulet_haszn\/rendelet.pdf\">Dokumentum<\/a><\/li>\n<li><a href=\"http:\/\/www.nagybanhegyes.hu\/pdf\/rendeletek\/rendeletek2017\/6_2017_kozterulet_haszn\/kozterulet_hasznalati_megallapodas.pdf\">Dokumentum<\/a><\/li>\n<li><a href=\"http:\/\/www.nagybanhegyes.hu\/pdf\/rendeletek\/rendeletek2017\/6_2017_kozterulet_haszn\/kozterulet_hasznalat_kerelem.pdf\">Dokumentum<\/a><\/li>\n<li><a href=\"http:\/\/www.nagybanhegyes.hu\/pdf\/rendeletek\/rendeletek2017\/6_2017_kozterulet_haszn\/felhivas.pdf\">Dokumentum<\/a><\/li>\n<\/ul>\n<\/td>\n<\/tr>\n<tr align=\"left\" valign=\"top\">\n<td>5_2017. hullad\u00e9kr\u00f3l sz\u00f3l\u00f3 m\u00f3d<\/td>\n<td>\n<ul>\n<li><a href=\"http:\/\/www.nagybanhegyes.hu\/pdf\/rendeletek\/rendeletek2017\/5_2017_hulladekrol_szolo_mod\/rend1.pdf\">Dokumentum<\/a><\/li>\n<li><a href=\"http:\/\/www.nagybanhegyes.hu\/pdf\/rendeletek\/rendeletek2017\/5_2017_hulladekrol_szolo_mod\/rend2.pdf\">Dokumentum<\/a><\/li>\n<\/ul>\n<\/td>\n<\/tr>\n<tr align=\"left\" valign=\"top\">\n<td>4_2017. telep\u00fcl\u00e9si t\u00e1mogat\u00e1sokr\u00f3l sz\u00f3l\u00f3 rend. m\u00f3d<\/td>\n<td>\n<ul>\n<li><a href=\"http:\/\/www.nagybanhegyes.hu\/pdf\/rendeletek\/rendeletek2017\/4_2017_telepulesi_tamogatasokrol_szolo_rend_mod\/rend1.pdf\">Dokumentum<\/a><\/li>\n<li><a href=\"http:\/\/www.nagybanhegyes.hu\/pdf\/rendeletek\/rendeletek2017\/4_2017_telepulesi_tamogatasokrol_szolo_rend_mod\/rend2.pdf\">Dokumentum<\/a><\/li>\n<\/ul>\n<\/td>\n<\/tr>\n<tr align=\"left\" valign=\"top\">\n<td>3_2017 2016. \u00e9vi k\u00f6lts\u00e9gvet\u00e9s m\u00f3d<\/td>\n<td>\n<ul>\n<li><a href=\"http:\/\/www.nagybanhegyes.hu\/pdf\/rendeletek\/rendeletek2017\/3_2017_2016_evi_koltsegvetes_modositas\/rend.pdf\">Dokumentum<\/a><\/li>\n<\/ul>\n<\/td>\n<\/tr>\n<tr align=\"left\" valign=\"top\">\n<td>2_2017. anyak\u00f6nyvi esem\u00e9nyek<\/td>\n<td>\n<ul>\n<li><a href=\"http:\/\/www.nagybanhegyes.hu\/pdf\/rendeletek\/rendeletek2017\/2_2017_anyakonyvi_esemenyek\/rend.pdf\">Dokumentum<\/a><\/li>\n<\/ul>\n<\/td>\n<\/tr>\n<tr align=\"left\" valign=\"top\">\n<td>1_2017. 2017. \u00e9vi k\u00f6lts\u00e9gvet\u00e9s<\/td>\n<td>\n<ul>\n<li><a href=\"http:\/\/www.nagybanhegyes.hu\/pdf\/rendeletek\/rendeletek2017\/1_2017_2017_evi_koltsegvetes\/rend.pdf\">Dokumentum<\/a><\/li>\n<li><a href=\"http:\/\/www.nagybanhegyes.hu\/pdf\/rendeletek\/rendeletek2017\/1_2017_2017_evi_koltsegvetes\/mellek.xls\">Mell\u00e9klet<\/a><\/li>\n<\/ul>\n<\/td>\n<\/tr>\n<tr align=\"left\" valign=\"top\">\n<td>10_2016.(XI.24.) szoci\u00e1lis t\u00fczel\u0151<\/td>\n<td>\n<ul>\n<li><a href=\"http:\/\/www.nagybanhegyes.hu\/pdf\/rendeletek\/rendeletek2016\/10_2016_XI_24_szocialis_tuzelo\/rend.pdf\">Dokumentum<\/a><\/li>\n<\/ul>\n<\/td>\n<\/tr>\n<tr align=\"left\" valign=\"top\">\n<td>9_2016(VIII.19) Orvosi k\u00f6rzetekr\u0151l<\/td>\n<td>\n<ul>\n<li><a href=\"http:\/\/www.nagybanhegyes.hu\/pdf\/rendeletek\/rendeletek2016\/9_2016_VIII_19_orvosi_korzetekrol\/rend.pdf\">Dokumentum<\/a><\/li>\n<\/ul>\n<\/td>\n<\/tr>\n<tr align=\"left\" valign=\"top\">\n<td>8_2016.(VIII.19.) K\u00f6lts\u00e9gvet\u00e9si rendelet m\u00f3dos\u00edt\u00e1sa<\/td>\n<td>\n<ul>\n<li><a href=\"http:\/\/www.nagybanhegyes.hu\/pdf\/rendeletek\/rendeletek2016\/8_2016_VIII_19_koltsegvetesi_rendelet_modositasa\/rend.pdf\">Dokumentum<\/a><\/li>\n<\/ul>\n<\/td>\n<\/tr>\n<tr align=\"left\" valign=\"top\">\n<td>7_2016. (VII.15) SzMSz m\u00f3d<\/td>\n<td>\n<ul>\n<li><a href=\"http:\/\/www.nagybanhegyes.hu\/pdf\/rendeletek\/rendeletek2016\/7_2016_VII_15_SzMSz_mod\/rend1.pdf\">Dokumentum<\/a><\/li>\n<li><a href=\"http:\/\/www.nagybanhegyes.hu\/pdf\/rendeletek\/rendeletek2016\/7_2016_VII_15_SzMSz_mod\/rend2.pdf\">Dokumentum<\/a><\/li>\n<\/ul>\n<\/td>\n<\/tr>\n<tr align=\"left\" valign=\"top\">\n<td>6_2016 (VI.24.) hullad\u00e9kgazd\u00e1lkod\u00e1s<\/td>\n<td>\n<ul>\n<li><a href=\"http:\/\/www.nagybanhegyes.hu\/pdf\/rendeletek\/rendeletek2016\/6_2016_VI_24_hulladekgazdalkodas\/rend.pdf\">Dokumentum<\/a><\/li>\n<\/ul>\n<\/td>\n<\/tr>\n<tr align=\"left\" valign=\"top\">\n<td>5_2016.(VI.24) telep\u00fcl\u00e9si t\u00e1m m\u00f3d<\/td>\n<td>\n<ul>\n<li><a href=\"http:\/\/www.nagybanhegyes.hu\/pdf\/rendeletek\/rendeletek2016\/5_2016_VI_24_telepulesi_tam_mod\/rend1.pdf\">Dokumentum<\/a><\/li>\n<li><a href=\"http:\/\/www.nagybanhegyes.hu\/pdf\/rendeletek\/rendeletek2016\/5_2016_VI_24_telepulesi_tam_mod\/rend2.pdf\">Dokumentum<\/a><\/li>\n<\/ul>\n<\/td>\n<\/tr>\n<tr align=\"left\" valign=\"top\">\n<td>4_2016.(V.27) SZMSZ m\u00f3dos\u00edt\u00e1s<\/td>\n<td>\n<ul>\n<li><a href=\"http:\/\/www.nagybanhegyes.hu\/pdf\/rendeletek\/rendeletek2016\/4_2016_V_27_SZMSZ_modositas\/rend1.pdf\">Dokumentum<\/a><\/li>\n<li><a href=\"http:\/\/www.nagybanhegyes.hu\/pdf\/rendeletek\/rendeletek2016\/4_2016_V_27_SZMSZ_modositas\/rend2.pdf\">Dokumentum<\/a><\/li>\n<li><a href=\"http:\/\/www.nagybanhegyes.hu\/pdf\/rendeletek\/rendeletek2016\/4_2016_V_27_SZMSZ_modositas\/rend3.pdf\">Dokumentum<\/a><\/li>\n<\/ul>\n<\/td>\n<\/tr>\n<tr align=\"left\" valign=\"top\">\n<td align=\"left\">3_2016.(IV.28.) 2015. \u00e9vi z\u00e1rsz\u00e1mad\u00e1si rendelet<\/td>\n<td>\n<ul>\n<li><a href=\"http:\/\/www.nagybanhegyes.hu\/pdf\/rendeletek\/rendeletek2016\/3_2016_IV_28_2015_evi_zarszamadasi_rendelet\/rend.pdf\">Dokumentum<\/a><\/li>\n<li><a href=\"http:\/\/www.nagybanhegyes.hu\/pdf\/rendeletek\/rendeletek2016\/3_2016_IV_28_2015_evi_zarszamadasi_rendelet\/mellek.xls\">Mell\u00e9klet<\/a><\/li>\n<\/ul>\n<\/td>\n<\/tr>\n<tr align=\"left\" valign=\"top\">\n<td align=\"left\">2_2016(IV.22.) 2015. \u00e9vi k\u00f6lts\u00e9gvet\u00e9si rendelet m\u00f3d<\/td>\n<td>\n<ul>\n<li><a href=\"http:\/\/www.nagybanhegyes.hu\/pdf\/rendeletek\/rendeletek2016\/2_2016_IV_22_2015_evi_koltsegvetesi_rendelet_mod\/rend1.pdf\">Dokumentum<\/a><\/li>\n<li><a href=\"http:\/\/www.nagybanhegyes.hu\/pdf\/rendeletek\/rendeletek2016\/2_2016_IV_22_2015_evi_koltsegvetesi_rendelet_mod\/rend2.pdf\">Dokumentum<\/a><\/li>\n<li><a href=\"http:\/\/www.nagybanhegyes.hu\/pdf\/rendeletek\/rendeletek2016\/2_2016_IV_22_2015_evi_koltsegvetesi_rendelet_mod\/rend3.pdf\">Dokumentum<\/a><\/li>\n<li><a href=\"http:\/\/www.nagybanhegyes.hu\/pdf\/rendeletek\/rendeletek2016\/2_2016_IV_22_2015_evi_koltsegvetesi_rendelet_mod\/rend4.pdf\">Dokumentum<\/a><\/li>\n<li><a href=\"http:\/\/www.nagybanhegyes.hu\/pdf\/rendeletek\/rendeletek2016\/2_2016_IV_22_2015_evi_koltsegvetesi_rendelet_mod\/mellek1.xls\">Mell\u00e9klet<\/a><\/li>\n<li><a href=\"http:\/\/www.nagybanhegyes.hu\/pdf\/rendeletek\/rendeletek2016\/2_2016_IV_22_2015_evi_koltsegvetesi_rendelet_mod\/mellek2.xls\">Mell\u00e9klet<\/a><\/li>\n<\/ul>\n<\/td>\n<\/tr>\n<tr align=\"left\" valign=\"top\">\n<td align=\"left\">1_2016. (III.1.) 2016. \u00e9vi k\u00f6lts\u00e9gvet\u00e9s<\/td>\n<td>\n<ul>\n<li><a href=\"http:\/\/www.nagybanhegyes.hu\/pdf\/rendeletek\/rendeletek2016\/1_2016\/rendelet.pdf\">Dokumentum<\/a><\/li>\n<li><a href=\"http:\/\/www.nagybanhegyes.hu\/pdf\/rendeletek\/rendeletek2016\/1_2016\/modositas.pdf\">Dokumentum<\/a><\/li>\n<\/ul>\n<\/td>\n<\/tr>\n<tr align=\"left\" valign=\"top\">\n<td>7\/2015.(XI.25.)\u00d6r. rendelete a helyi ad\u00f3kr\u00f3l &nbsp;<\/td>\n<td>\n<ul>\n<li><a href=\"http:\/\/www.nagybanhegyes.hu\/pdf\/rendeletek\/rendeletek2015\/a_helyi_adokrol_szolo_7-2015.XI.25._Or.rendelete.pdf\" target=\"_blank\" rel=\"noopener\">Dokumentum<\/a><\/li>\n<\/ul>\n<\/td>\n<\/tr>\n<\/tbody>\n<\/table>\n","protected":false},"excerpt":{"rendered":"<p>&nbsp; 7\/2019. (V. 31.) temet\u0151kr\u0151l sz\u00f3l\u00f3 rendelete &nbsp; Dokumentum a helyi ad\u00f3kr\u00f3l sz\u00f3l\u00f3 7\/2015. (XI.25.) \u00d6r. rendelete &nbsp; Dokumentum 14\/2017. (X.13.) \u00f6nkorm\u00e1nyzati rendelete a helyi n\u00e9pszavaz\u00e1shoz sz\u00fcks\u00e9ges v\u00e1laszt\u00f3polg\u00e1rok sz\u00e1m\u00e1r\u00f3l &nbsp; Dokumentum 13\/2017 (IX.14.)\u00f6nkorm\u00e1nyzati rendelete a telep\u00fcl\u00e9sfejleszt\u00e9ssel, telep\u00fcl\u00e9srendez\u00e9ssel \u00e9s telep\u00fcl\u00e9sk\u00e9p-\u00e9rv\u00e9nyes\u00edt\u00e9ssel \u00f6sszef\u00fcgg\u0151 partners\u00e9gi egyeztet\u00e9s helyi szab\u00e1lyair\u00f3l &nbsp; Dokumentum 14\/2017. (X.13.) \u00f6nkorm\u00e1nyzati rendelete a helyi n\u00e9pszavaz\u00e1shoz sz\u00fcks\u00e9ges v\u00e1laszt\u00f3polg\u00e1rok [&hellip;]<\/p>\n","protected":false},"author":1,"featured_media":0,"parent":24,"menu_order":0,"comment_status":"closed","ping_status":"closed","template":"","meta":{"ngg_post_thumbnail":0,"_links_to":"","_links_to_target":""},"_links":{"self":[{"href":"https:\/\/nagybanhegyes.hu\/w\/index.php?rest_route=\/wp\/v2\/pages\/157"}],"collection":[{"href":"https:\/\/nagybanhegyes.hu\/w\/index.php?rest_route=\/wp\/v2\/pages"}],"about":[{"href":"https:\/\/nagybanhegyes.hu\/w\/index.php?rest_route=\/wp\/v2\/types\/page"}],"author":[{"embeddable":true,"href":"https:\/\/nagybanhegyes.hu\/w\/index.php?rest_route=\/wp\/v2\/users\/1"}],"replies":[{"embeddable":true,"href":"https:\/\/nagybanhegyes.hu\/w\/index.php?rest_route=%2Fwp%2Fv2%2Fcomments&post=157"}],"version-history":[{"count":39,"href":"https:\/\/nagybanhegyes.hu\/w\/index.php?rest_route=\/wp\/v2\/pages\/157\/revisions"}],"predecessor-version":[{"id":1443,"href":"https:\/\/nagybanhegyes.hu\/w\/index.php?rest_route=\/wp\/v2\/pages\/157\/revisions\/1443"}],"up":[{"embeddable":true,"href":"https:\/\/nagybanhegyes.hu\/w\/index.php?rest_route=\/wp\/v2\/pages\/24"}],"wp:attachment":[{"href":"https:\/\/nagybanhegyes.hu\/w\/index.php?rest_route=%2Fwp%2Fv2%2Fmedia&parent=157"}],"curies":[{"name":"wp","href":"https:\/\/api.w.org\/{rel}","templated":true}]}}