{"id":409,"date":"2017-07-12T18:40:45","date_gmt":"2017-07-12T16:40:45","guid":{"rendered":"http:\/\/nagybanhegyes.hu\/w\/?page_id=409"},"modified":"2026-01-21T10:35:26","modified_gmt":"2026-01-21T08:35:26","slug":"top-1-1-3-15-bs1-2016-00028","status":"publish","type":"page","link":"https:\/\/nagybanhegyes.hu\/w\/?page_id=409","title":{"rendered":"TOP-1.1.3-15-BS1-2016-00028"},"content":{"rendered":"<p>TOP-1.1.3-15-BS1-2016-00028<br \/>\nKedvezm\u00e9nyezett neve: Nagyb\u00e1nhegyes K\u00f6zs\u00e9g \u00d6nkorm\u00e1nyzata<br \/>\nProjekt c\u00edme: Termel\u0151i piact\u00e9r kialak\u00edt\u00e1sa Nagyb\u00e1nhegyesen<br \/>\nSzerz\u0151d\u00f6tt t\u00e1mogat\u00e1s \u00f6sszege: 50.000.000.- Ft<br \/>\nT\u00e1mogat\u00e1s m\u00e9rt\u00e9ke: 100%<\/p>\n<p>A projekt tartalm\u00e1nak bemutat\u00e1sa: A projekt keret\u00e9ben termel\u0151i piac, Nagyb\u00e1nhegyes telep\u00fcl\u00e9sen az Erzs\u00e9bet kir\u00e1lyn\u00e9 utca 27.-ben ker\u00fclt kialak\u00edt\u00e1sra. C\u00e9lk\u00e9nt ker\u00fclt meghat\u00e1roz\u00e1sra a M\u0171vel\u0151d\u00e9si h\u00e1z nyitott\u00e1 t\u00e9tele, az udvaron bel\u00fcl kialak\u00edtand\u00f3 termel\u0151i piact\u00e9r \u00e9s id\u0151szakos v\u00e1s\u00e1rt\u00e9r kialak\u00edt\u00e1s\u00e1val. A beruh\u00e1z\u00e1s keret\u00e9ben k\u00fclt\u00e9ri, fedett el\u00e1rus\u00edt\u00f3hely ker\u00fclt kialak\u00edt\u00e1sra 2 db \u201eDong\u00e1s\u201d piact\u00e9r form\u00e1j\u00e1ban, ter\u00fcletrendez\u00e9ssel- a t\u00e9rk\u00f6vez\u00e9s megval\u00f3s\u00edt\u00e1s\u00e1val. Az \u00e1rus\u00edt\u00e1s k\u00e9t sorban t\u00f6rt\u00e9nik, k\u00f6z\u00e9pen k\u00f6zleked\u00e9ssel. Az \u00e9p\u00fclet v\u00e9g\u00e9ben vizesblokk, f\u00e9rfi \u00e9s n\u0151i wc, a n\u0151i mell\u00e9khelyis\u00e9g akad\u00e1lymentes\u00edtetten ker\u00fclt kialak\u00edt\u00e1sra.<br \/>\nTervezetten kialak\u00edt\u00e1sra ker\u00fclt m\u00e9g a piac ell\u00e1t\u00e1s\u00e1hoz sz\u00fcks\u00e9ges sz\u00e1m\u00fa parkol\u00f3 fel\u00fclet is mintegy 198,15 m2-nyi ter\u00fcleten. Illetve az \u00e1llagmeg\u00f3v\u00e1s \u00e9rdek\u00e9ben, a hi\u00e1nyz\u00f3 kamerarendszert hi\u00e1nyp\u00f3tland\u00f3 kapu is be\u00e9p\u00edt\u00e9sre ker\u00fclt. V\u00e9g\u00fcl az energiatakar\u00e9koss\u00e1g jegy\u00e9ben az \u00e9p\u00edtm\u00e9nyek 3kW-os napelemeket is kaptak.<\/p>\n<p>A projekt tervezett befejez\u00e9si d\u00e1tuma: 2020.08.29.<\/p>\n<p>&nbsp;<\/p>\n<ol>\n<li>m\u00e9rf\u00f6ldk\u0151<\/li>\n<\/ol>\n<p>Az 1. m\u00e9rf\u00f6ldk\u0151ben v\u00e9gleges\u00edt\u00e9sre \u00e9s pontos\u00edt\u00e1sra ker\u00fcltek a tervdokument\u00e1ci\u00f3k, beszerz\u00e9sre ker\u00fclt a projekt megval\u00f3s\u00edt\u00e1s\u00e1hoz sz\u00fcks\u00e9ges hat\u00f3s\u00e1gi enged\u00e9ly. Az \u00e9p\u00edt\u00e9si enged\u00e9ly 2018. \u00e1prilis 24.-\u00e9n emelkedett joger\u0151re.<\/p>\n<p>&nbsp;<\/p>\n<ol start=\"2\">\n<li>m\u00e9rf\u00f6ldk\u0151<\/li>\n<\/ol>\n<p>A m\u00e9rf\u00f6ldk\u0151 el\u00e9r\u00e9si d\u00e1tum\u00e1ig a k\u00f6zbeszerz\u00e9si elj\u00e1r\u00e1s lefolytat\u00e1sa, valamint a kivitelez\u00e9si v\u00e1llalkoz\u00e1si szerz\u0151d\u00e9s al\u00e1\u00edr\u00e1sra ker\u00fclt.<\/p>\n<p>&nbsp;<\/p>\n<ol start=\"3\">\n<li>m\u00e9rf\u00f6ldk\u0151<\/li>\n<\/ol>\n<p>A munkater\u00fclet \u00e1tad\u00e1s-\u00e1tv\u00e9tele megt\u00f6rt\u00e9nt, a kivitelez\u00e9s 25%-os k\u00e9sz\u00fclts\u00e9gi fokig jutott el.<\/p>\n<p><img src=\"https:\/\/previews.dropbox.com\/p\/thumb\/AAseSRyyMPbkceg6WwbwUuFn7ryAw_XjDcS0TxOl9YGsP2kztyvKqD6JHqQ5D5v9Zpfk9Go7Wj2oYZjrY7VY4duu5iUdl241dGnOkI8JqFOf8LyK4yzoV8glU08qdVTzr9UaOVrKIoTlc8icbggEOnWzFcoCJ4I_NOSHmE7jnMaVKiipgaKjfLs1jjv9fuFXZWT1wUdeMqC-z1PwWbE4qOdpiB6iEWHvAtszQ8_MjO03_LIkkAcGiAqHC_oKoRAs6nckryo7iPWzENKK3g_V7bsCtqXfeqwaNg20N1VpJeNlPvcTkd4WVgNboTxEGDZb6vr14MUzVLQybt67nPr-WoYd\/p.png?size=800x600&amp;size_mode=3\"><\/p>\n<p><img src=\"https:\/\/previews.dropbox.com\/p\/thumb\/AAtMVrzxmPNMb9ZjZDpUBSpWXtV-Qg0qp6byBo-Qe2Kg4KDE8WHpIY4SOrUiH_S5H-aarhzx8YlZ65gtw3Bu7EnF59fRF6NDI6zPeEC1UB5c9ca9A5xt6VnVeAcxgVuu5qsgDuE14MRNAVfht6y1uQHVVthjc9TIeLyCL4vkeiKL_bWiAe0oJmKTQlky1TmGHePqkxmh54q1FvFoDWbFqpYh0woCzbufuzFadHFXYRZMl9EuGM3KZlCfKmwv1jr7sOLqUsqSNfEtLb6wXdd1MzuQOW9a5p3XVcGCzjqFvtTVxpPEbKTX2QNw39L4m7sQQW7879FzZbD8YtX_Djjh1GHR\/p.png?size=800x600&amp;size_mode=3\"><\/p>\n<p><img src=\"https:\/\/previews.dropbox.com\/p\/thumb\/AAuTlYuG95OLTiJjUiOJGwiIESLvXt_Pa0VL0EHTd4zk6TbrSF17s_cADenbK3w61HrS7ctC2LhS_LSCtxitZKGC3Zrq2RdY7Djh4n_tbQRMMUBzxJM628KcrUAcT63SNFMeH3J_uP00egdyPgGntgV9cLIGb_fjWPCCn9mnQUuK2ZBL6g7aoFjvJSghgegP26R9u4-buxX5Nl1atJRpbqw4wU1KwRYgbK58W2f-mqLa8hIiw3AY2BuvWjfahl_WLvepQU0dqDkG5mBwO8J5-Ja6djdhKnEXsDyT_GfSV7jmHUM2AcUtJQBI-LWHxPpEvOxSrEphrQpHxAfWB2H6otyx\/p.png?size=800x600&amp;size_mode=3\"><\/p>\n<p>&nbsp;<\/p>\n<ol start=\"4\">\n<li>m\u00e9rf\u00f6ldk\u0151<\/li>\n<\/ol>\n<p>A kivitelez\u00e9s 50%-os k\u00e9sz\u00fclts\u00e9gi fokig jutott el.<\/p>\n<p><img src=\"https:\/\/previews.dropbox.com\/p\/thumb\/AAuvLmHzkrTJKmyYv82-2Xmq8_F2kypirnlPsgw1pF2BRQVisQS4TkmgtQyfjAIr1cMEKZm2AQo3GKQspYPma82PFaeSB2salwOzEs-eQZjc5VNiWJMnNAZl0WzMI5vPA-b7Pu-QYUi88O3r6U9AgPafFnSZOFSSCOnNR0i-R4hCU6xFvOLXJ7dCKh7396hYqQ8zJoUMhv60uOxwrzxp3pXeGmuIWcP-tNaQ0K4P4mqY41jtZ5ebXx5F04OnxC0pgsB9RfS5sJMV4Oi7ySYOmBj2YTsQ3aXh-mCdEimleoez7jkWwjIOcpVhvs6oSthJhIFiOAGxFOUcQcdziC1ISa4e\/p.png?fv_content=true&amp;size_mode=5\"><\/p>\n<p><img src=\"https:\/\/previews.dropbox.com\/p\/thumb\/AAtNWecMooBib-F51zFluwxDDaJLqmvmVAZirA0asSbS0_8Wj_d1_LmY42QabsU-xUQWO74MJZRaImXLFHsK2gQO9h8In-KGql8MvKRki4VqS11aD28DxiBWqm2OwmuXWUpithHDMAyy49ZFlaExrlBOLhcBW3E0KELtNMqgYrkH9bgJvCBHyloPjqARVOEeS-nI4cfuiG_NSCkMe0tbU2Uufcf_gcgk9c7wbwpSEeAAbeiJAXYeYhSCsIioS0MicP4hXMO3Ly7fq5wma5m90s5hjHilAtd9qzlkwfLISCfDs0jQABQnnT12Ykb5MThKUJeHWD7FUiomXee7zLvaYa5H\/p.png?fv_content=true&amp;size_mode=5\"><\/p>\n<p>&nbsp;<\/p>\n<ol start=\"5\">\n<li>m\u00e9rf\u00f6ldk\u0151<\/li>\n<\/ol>\n<p>A kivitelez\u00e9s 75%-os k\u00e9sz\u00fclts\u00e9gi fokig jutott el.<\/p>\n<p><img src=\"https:\/\/previews.dropbox.com\/p\/thumb\/AAu-PpEEby26PIEdtTfAjMDgxtbvKcBIxeZ_Oy_OUqONxU2nBnkBeDgvsXz7cbqqVhzVb_THOTAIw58EQBn1vJjVPMydGwJ1TEEmvfcXlbJ68IEsFd5oG2BM-WWNKJYIXDBE1G1N3wWLnQvG6P1wUSe6Mek-BApJaV0wuDa6x2vJX1JkthobSqJmHIQj2wFCB1815jcWRumjdV02sFxLmU6XIG-cdLpDMRLbD7HUH1gMDHM834vz0gHc8WQFF3JRgvDAgWP_rVPP-ouHWFhP6HLVvjAvoGaAkGOZIcje6gqwPg7OIj-yU0V7gNmn83BS4lo5mduqiTGwTtw28Wkjf3AY\/p.png?fv_content=true&amp;size_mode=5\"><\/p>\n<p><img src=\"https:\/\/previews.dropbox.com\/p\/thumb\/AAv54Dirf09B3KMa7m-917QPiFyS998jKfyqsuUVRqjF58WVg-ZSQtk2wFvyYiiTGlFdzPM38sJ--QONNg7aYzY_5IJr1aZN5rvdj3ttZr2GQlXg65Pt19EyfT8jsyciG5-M0zfrcbzu_p7IO6dB8BUWFh1Qzcna2E-tGreMOfWeo3vIPV5rbtLhHeKBOH6-OZnUv74DHcLcp98lPS7BEpYAcx0J8XSxr5o7qi3nTnArrZXzsKUwVUvVGuKfCx0jiybXQYF85NZrrrv4VF4qt6ftbCGK45qpSePqhjp_4Ep5OkGog8NW22ueOsxIM_f6R-7nTn7S27iNV1DYy6-9ExWR\/p.png?fv_content=true&amp;size_mode=5\"><\/p>\n<p><img src=\"https:\/\/previews.dropbox.com\/p\/thumb\/AAszzpSJXGRbk_bow5nQ9ilckYjZZj4Ng3RVqJCnOkWwf6hJPz1677GpTRb3SsKas93cKCp-R5CpPsUR6tzHBmkrSz57r9ws5KNcy4EMPMoEOX9Ec7kAHTlR9eZzZQQfxp0kZPpS3KNnSUJBvaafwFCu25QbsP_j6rtwvX96BDuGy2rOUbcG4sq6l0zuzNyIuBGNdHYW-R_Ulq9HSiXxJlFCfgeClamlX7Nwejdq0X8oLnLPGvYglyApv-F9hHm7daqenEBtrmK4KrtbUiYN5IKtLAfxW-ybLq8FvE7yJmfwBen780O6r1O75HVIa1kyviT2bdmvtTTk0nw2k1SWZO42\/p.png?fv_content=true&amp;size_mode=5\"><\/p>\n<p>&nbsp;<\/p>\n<ol start=\"6\">\n<li>m\u00e9rf\u00f6ldk\u0151<\/li>\n<\/ol>\n<p>A kivitelez\u00e9s 100%-ban megval\u00f3sult, megt\u00f6rt\u00e9nt a m\u0171szaki \u00e1tad\u00e1s-\u00e1tv\u00e9tel. A haszn\u00e1latbev\u00e9teli-, valamint a m\u0171k\u00f6d\u00e9si enged\u00e9lyek ki\u00e1ll\u00edt\u00e1sra ker\u00fcltek.<\/p>\n<p><img src=\"https:\/\/previews.dropbox.com\/p\/thumb\/AAurzpEs2lpK8AHvMToR0n-byxvJTZzilhsX4o95TbqhHgfjVQdANtgDgWOaErL8BEEJBuy3t4ZOVtmj5tHwAtXdmx7srBhltWM2aWJ0JhlsXulzb0zJN04t_cLcLe67jtWMGR31ny88gwfA_GGUwRJJyF0fjMJgO5uf5gA0BYz3wEhDV5moWXz4TYwzOa06DKdUYelcITtOH5tQ0LZlOAW4kj9wiqqBNU_6g_aUVejxGz0d44HY9y5B7fyp3EIr1tseSq39ZsbHi0wZ3q-PjDKC0WSdDksl_xabsJ9TA31P2mqB85B1IfufBJKjjTv2yGKSEteVsdOzzznxfiQzB63J\/p.png?fv_content=true&amp;size_mode=5\"><\/p>\n<p><img src=\"https:\/\/previews.dropbox.com\/p\/thumb\/AAvULFaVGlYxXXUuxoMfgUkoXBpTboALfRdxf0liaBquzwj2lxXlj85ZTClpxsNo0RRRY_AjR5nRRs45Sq-e5lCkGf0Bnzxg_tRT2TIM_xHowiis-tlUdQq6jpjgpbY_68zA4RSZc-Juf55UjvbJF4acesbJ2OGYNI1r1AvjdGCl4a7NZ9EoPDYSUfcyjHbKtCKcHzvfozV6Y-ilDBbWIxTXnu9t74k37KzYvjAaPoKVZUbM7xUVOgHiHN3RmhGGth56kyNNrRAeExYHhjBK00BbjwgCQGY3XwI43kYFAMa8_Ba9-6oXWmpMMm2e_f2l9oTyYHTtot_MmiGWxc1L5SHS\/p.png?fv_content=true&amp;size_mode=5\"><\/p>\n<p><img src=\"https:\/\/previews.dropbox.com\/p\/thumb\/AAslRS2yyl4KCyTQjzaGM-kZcblsBXMwPBM4ZBxQSB2NELZU85mjYhoTNU3TacGvwUrvLqzZZlxcm8hAQWGX2diEKojhDPi2GCIabN99CxUrfmyMVTzKIrtq5C_k0PiEucWciuZyWpcdLTRjh6BjQDpwHHOSlrmOz9c8GpDfmX5ctFFbkyaTcEG3-Ea0LtFT0pjMmva6r6CBV-k81QM1Zazrx_E39QjWEewXXR6NrfPqCkQOILkO6VCRdTHWklOiXcAs3V0L1QRMO1l1s3m_onLkXsMyNkntMGSeSt9FCe3fwYXsDTjOIyOGeUrehVMuegxvONb5M9Us39P52td4wGhH\/p.png?fv_content=true&amp;size_mode=5\"><\/p>\n<p><img src=\"https:\/\/previews.dropbox.com\/p\/thumb\/AAuR1a4f7SJhgZTlAoriXIBNCyyVQ6JSccQbv9-8vYN6YzULCOY8k9jZEV7ycaP5p2JSJimMVel0ENkDyqoFqNdtSSXkejB9f10PH62HhTzWWVeDruU-shWm8FiOTWnzmb4VHCkbcRMf1LWZKdLtwZAxuCZ4a93tEcd9xey2PhGE7-uIsX5Ekq9oMUCq_e2WXAA1pQhh3Y1S_vdKeDIcF0S6B3raNN6zL7ZU5c-H-PLjQG5v0E9GY7LLhLve_KZI2J1YE2vmG4o1vBEjaf-19e3LTLettIblgRbLV_b-fSgek-xTFk34YUbsJ3Mi8-ptDIJfyrEzr45tySd4dssJOULt\/p.png?fv_content=true&amp;size_mode=5\"><\/p>\n<p><img src=\"https:\/\/previews.dropbox.com\/p\/thumb\/AAsMLrTar4DFydkMamYIGK4BCpZQTe60pxII0cDHiVZ4xDf_4pNgg2u-K7PHUWtak7uhTxwjJTHND74VIJGqpkMoOhaSY2UIeCJvSNy-1mfJHBQ987vddxX9PaOZjeToOdIacjDQDppmjy-9KyWyapdBMBkWB0718cMa8vrGNrYf86noRX1t4x7My8rgGu__T27NLYqU_FTHDWssOA_8Ye4QedqtnH3sFqPLJauwOmitU3w_q6XLy-7lcKcc2fmXohzX1jGpEE7yR-5HowvjJqIpeml2CYgQMAEYVItgUMWX_8afGyTbskjlC9JiH0DEvFUuGx20FscNAEl7P_tI2SEt\/p.png?fv_content=true&amp;size_mode=5\"><\/p>\n<p>&nbsp;<\/p>\n<p>&nbsp;<\/p>\n<p><img loading=\"lazy\" class=\"size-full aligncenter\" src=\"http:\/\/nagybanhegyes.hu\/w\/images\/szechenyi2020_logo.jpg\" width=\"434\" height=\"300\"><\/p>\n<p>&nbsp;<\/p>\n<p>&nbsp;<\/p>\n<p>&nbsp;<\/p>\n<p>&nbsp;<\/p>\n<p>&nbsp;<\/p>\n<p>&nbsp;<\/p>\n<p>&nbsp;<\/p>\n<p>&nbsp;<\/p>\n<p>&nbsp;<\/p>\n<p>&nbsp;<\/p>\n","protected":false},"excerpt":{"rendered":"<p>TOP-1.1.3-15-BS1-2016-00028 Kedvezm\u00e9nyezett neve: Nagyb\u00e1nhegyes K\u00f6zs\u00e9g \u00d6nkorm\u00e1nyzata Projekt c\u00edme: Termel\u0151i piact\u00e9r kialak\u00edt\u00e1sa Nagyb\u00e1nhegyesen Szerz\u0151d\u00f6tt t\u00e1mogat\u00e1s \u00f6sszege: 50.000.000.- Ft T\u00e1mogat\u00e1s m\u00e9rt\u00e9ke: 100% A projekt tartalm\u00e1nak bemutat\u00e1sa: A projekt keret\u00e9ben termel\u0151i piac, Nagyb\u00e1nhegyes telep\u00fcl\u00e9sen az Erzs\u00e9bet kir\u00e1lyn\u00e9 utca 27.-ben ker\u00fclt kialak\u00edt\u00e1sra. C\u00e9lk\u00e9nt ker\u00fclt meghat\u00e1roz\u00e1sra a M\u0171vel\u0151d\u00e9si h\u00e1z nyitott\u00e1 t\u00e9tele, az udvaron bel\u00fcl kialak\u00edtand\u00f3 termel\u0151i piact\u00e9r \u00e9s id\u0151szakos v\u00e1s\u00e1rt\u00e9r [&hellip;]<\/p>\n","protected":false},"author":1,"featured_media":0,"parent":403,"menu_order":2,"comment_status":"closed","ping_status":"closed","template":"","meta":{"ngg_post_thumbnail":0,"_links_to":"","_links_to_target":""},"_links":{"self":[{"href":"https:\/\/nagybanhegyes.hu\/w\/index.php?rest_route=\/wp\/v2\/pages\/409"}],"collection":[{"href":"https:\/\/nagybanhegyes.hu\/w\/index.php?rest_route=\/wp\/v2\/pages"}],"about":[{"href":"https:\/\/nagybanhegyes.hu\/w\/index.php?rest_route=\/wp\/v2\/types\/page"}],"author":[{"embeddable":true,"href":"https:\/\/nagybanhegyes.hu\/w\/index.php?rest_route=\/wp\/v2\/users\/1"}],"replies":[{"embeddable":true,"href":"https:\/\/nagybanhegyes.hu\/w\/index.php?rest_route=%2Fwp%2Fv2%2Fcomments&post=409"}],"version-history":[{"count":9,"href":"https:\/\/nagybanhegyes.hu\/w\/index.php?rest_route=\/wp\/v2\/pages\/409\/revisions"}],"predecessor-version":[{"id":1445,"href":"https:\/\/nagybanhegyes.hu\/w\/index.php?rest_route=\/wp\/v2\/pages\/409\/revisions\/1445"}],"up":[{"embeddable":true,"href":"https:\/\/nagybanhegyes.hu\/w\/index.php?rest_route=\/wp\/v2\/pages\/403"}],"wp:attachment":[{"href":"https:\/\/nagybanhegyes.hu\/w\/index.php?rest_route=%2Fwp%2Fv2%2Fmedia&parent=409"}],"curies":[{"name":"wp","href":"https:\/\/api.w.org\/{rel}","templated":true}]}}